{"id":22995370,"date":"2023-12-12T16:32:58","date_gmt":"2023-12-12T15:32:58","guid":{"rendered":"https:\/\/www.hobex.at\/blagajniski-vmesniki\/"},"modified":"2025-08-20T08:27:52","modified_gmt":"2025-08-20T06:27:52","slug":"blagajniski-vmesniki","status":"publish","type":"page","link":"https:\/\/www.hobex.at\/sl\/blagajniski-vmesniki\/","title":{"rendered":"Blagajni\u0161ki vmesniki"},"content":{"rendered":"<p>[et_pb_section fb_built=&#8221;1&#8243; _builder_version=&#8221;4.23&#8243; _module_preset=&#8221;default&#8221; custom_padding=&#8221;||0px|||&#8221; locked=&#8221;off&#8221; global_colors_info=&#8221;{}&#8221;][et_pb_row _builder_version=&#8221;4.23.1&#8243; _module_preset=&#8221;default&#8221; global_colors_info=&#8221;{}&#8221;][et_pb_column type=&#8221;4_4&#8243; _builder_version=&#8221;4.23.1&#8243; _module_preset=&#8221;default&#8221; global_colors_info=&#8221;{}&#8221;][et_pb_text _builder_version=&#8221;4.23.1&#8243; _module_preset=&#8221;default&#8221; header_font=&#8221;||||||||&#8221; text_orientation=&#8221;center&#8221; width=&#8221;65%&#8221; width_tablet=&#8221;100%&#8221; width_phone=&#8221;100%&#8221; width_last_edited=&#8221;on|phone&#8221; module_alignment=&#8221;center&#8221; global_colors_info=&#8221;{}&#8221;]<\/p>\n<h1><span>Vmesniki<\/span><\/h1>\n<p><span>Prednosti tega, da se pla\u010dilo s kartico ne za\u010dne z ro\u010dnim vnosom zneska na ustreznem terminalu, temve\u010d samodejno prek vmesni\u0161ke povezave iz blagajne ali sistema za upravljanje blaga, so o\u010ditne. Ta re\u0161itev ne omogo\u010da le hitrej\u0161e obdelave, temve\u010d tudi odpravlja napake pri vnosu zneskov. Druga pomembna prednost je neposredna dodelitev potrdila o pla\u010dilu ustreznemu ra\u010dunu. To omogo\u010da, da se ra\u010dun samodejno obra\u010duna v kontrolingu, kar posledi\u010dno privede do znatnega zmanj\u0161anja obsega ra\u010dunovodskega dela (obra\u010dun).   <\/span><\/p>\n<p>[\/et_pb_text][et_pb_button button_url=&#8221;@ET-DC@eyJkeW5hbWljIjp0cnVlLCJjb250ZW50IjoicG9zdF9saW5rX3VybF9wYWdlIiwic2V0dGluZ3MiOnsicG9zdF9pZCI6IjI2OCJ9fQ==@&#8221; button_text=&#8221;Povpra\u0161ajte sedaj&#8221; button_alignment=&#8221;center&#8221; _builder_version=&#8221;4.23.1&#8243; _dynamic_attributes=&#8221;button_url&#8221; _module_preset=&#8221;default&#8221; global_colors_info=&#8221;{}&#8221;][\/et_pb_button][\/et_pb_column][\/et_pb_row][\/et_pb_section][et_pb_section fb_built=&#8221;1&#8243; _builder_version=&#8221;4.23.4&#8243; _module_preset=&#8221;default&#8221; custom_padding=&#8221;||0px||false|false&#8221; global_colors_info=&#8221;{}&#8221;][et_pb_row _builder_version=&#8221;4.23.4&#8243; _module_preset=&#8221;default&#8221; custom_padding=&#8221;||0px||false|false&#8221; hover_enabled=&#8221;0&#8243; global_colors_info=&#8221;{}&#8221; sticky_enabled=&#8221;0&#8243;][et_pb_column type=&#8221;4_4&#8243; _builder_version=&#8221;4.23.1&#8243; _module_preset=&#8221;default&#8221; global_colors_info=&#8221;{}&#8221;][dipi_advanced_tabs use_tabs_fullwidth_tablet=&#8221;off&#8221; tabs_min_width_tablet=&#8221;30px&#8221; tabs_max_width_tablet=&#8221;80px&#8221; use_tabs_fullwidth_phone=&#8221;off&#8221; tabs_min_width_phone=&#8221;35px&#8221; tabs_max_width_phone=&#8221;80px&#8221; tabs_container_padding=&#8221;0px|0px|0px|0px|false|false&#8221; tabs_container_margin=&#8221;0px|0px|0px|0px|false|false&#8221; tabs_item_padding=&#8221;0px|0px|0px|0px|false|false&#8221; tabs_item_margin=&#8221;0px|0px|0px|0px|false|false&#8221; tabs_active_item_padding=&#8221;0px|0px|0px|0px|false|false&#8221; tabs_active_item_margin=&#8221;0px|0px|0px|0px|false|false&#8221; content_padding=&#8221;0px|0px|0px|0px|true|true&#8221; content_margin=&#8221;0px|0px|0px|0px|true|true&#8221; tabs_text_padding=&#8221;0px|0px|0px|0px|false|false&#8221; tabs_text_margin=&#8221;0px|0px|0px|0px|false|false&#8221; tabs_icon_padding=&#8221;0px|0px|0px|0px|false|false&#8221; tabs_icon_margin=&#8221;0px|0px|0px|0px|false|false&#8221; tabs_text_padding_active=&#8221;0px|0px|0px|0px|false|false&#8221; tabs_text_margin_active=&#8221;0px|0px|0px|0px|false|false&#8221; content_bg_color=&#8221;RGBA(255,255,255,0)&#8221; tabs_bg_color=&#8221;RGBA(255,255,255,0)&#8221; tabs_item_bg_color=&#8221;RGBA(255,255,255,0)&#8221; tabs_item_active_bg_color=&#8221;RGBA(255,255,255,0)&#8221; tabs_align_tablet=&#8221;center&#8221; tabs_align_phone=&#8221;center&#8221; tabs_align_last_edited=&#8221;on|phone&#8221; tabs_container_padding_tablet=&#8221;0px|0px|0px|0px|false|false&#8221; tabs_container_padding_phone=&#8221;0px|0px|0px|0px|false|false&#8221; tabs_container_padding_last_edited=&#8221;on|phone&#8221; tabs_container_margin_tablet=&#8221;0px|0px|0px|0px|false|false&#8221; tabs_container_margin_phone=&#8221;0px|0px|0px|0px|false|false&#8221; tabs_container_margin_last_edited=&#8221;on|phone&#8221; tabs_item_padding_tablet=&#8221;|5px|15px|5px|false|true&#8221; tabs_item_padding_phone=&#8221;|5px|15px|5px|false|true&#8221; tabs_item_padding_last_edited=&#8221;on|phone&#8221; tabs_active_item_padding_tablet=&#8221;|5px|15px|5px|false|true&#8221; tabs_active_item_padding_phone=&#8221;|5px|15px|5px|false|true&#8221; tabs_active_item_padding_last_edited=&#8221;on|phone&#8221; _builder_version=&#8221;4.27.4&#8243; _module_preset=&#8221;default&#8221; title_font_size=&#8221;30px&#8221; title_active_text_color=&#8221;#D10007&#8243; title_active_font_size=&#8221;30px&#8221; custom_padding=&#8221;||0px||false|false&#8221; hover_enabled=&#8221;0&#8243; title_text_align_tablet=&#8221;center&#8221; title_text_align_phone=&#8221;center&#8221; title_text_align_last_edited=&#8221;on|phone&#8221; global_colors_info=&#8221;{}&#8221; sticky_enabled=&#8221;0&#8243;][dipi_advanced_tabs_item title=&#8221;A&#8221; use_library_content=&#8221;on&#8221; divi_library=&#8221;22989096&#8243; admin_label=&#8221;A&#8221; _builder_version=&#8221;4.23.1&#8243; _module_preset=&#8221;default&#8221; global_colors_info=&#8221;{}&#8221;][\/dipi_advanced_tabs_item][dipi_advanced_tabs_item title=&#8221;B&#8221; use_library_content=&#8221;on&#8221; divi_library=&#8221;22990003&#8243; admin_label=&#8221;B&#8221; _builder_version=&#8221;4.23.1&#8243; _module_preset=&#8221;default&#8221; global_colors_info=&#8221;{}&#8221;][\/dipi_advanced_tabs_item][dipi_advanced_tabs_item title=&#8221;C&#8221; use_library_content=&#8221;on&#8221; divi_library=&#8221;22990055&#8243; admin_label=&#8221;C&#8221; _builder_version=&#8221;4.23.1&#8243; _module_preset=&#8221;default&#8221; global_colors_info=&#8221;{}&#8221;][\/dipi_advanced_tabs_item][dipi_advanced_tabs_item title=&#8221;D&#8221; use_library_content=&#8221;on&#8221; divi_library=&#8221;22990079&#8243; admin_label=&#8221;D&#8221; _builder_version=&#8221;4.23.1&#8243; _module_preset=&#8221;default&#8221; global_colors_info=&#8221;{}&#8221;][\/dipi_advanced_tabs_item][dipi_advanced_tabs_item title=&#8221;E&#8221; use_library_content=&#8221;on&#8221; divi_library=&#8221;22990100&#8243; admin_label=&#8221;E&#8221; _builder_version=&#8221;4.23.1&#8243; _module_preset=&#8221;default&#8221; global_colors_info=&#8221;{}&#8221;][\/dipi_advanced_tabs_item][dipi_advanced_tabs_item title=&#8221;F&#8221; use_library_content=&#8221;on&#8221; divi_library=&#8221;25279116&#8243; admin_label=&#8221;F&#8221; _builder_version=&#8221;4.27.4&#8243; _module_preset=&#8221;default&#8221; title_text_color=&#8221;#333333&#8243; global_colors_info=&#8221;{}&#8221; title_text_color__hover_enabled=&#8221;on|desktop&#8221; title_text_color__hover=&#8221;#D10007&#8243;][\/dipi_advanced_tabs_item][dipi_advanced_tabs_item title=&#8221;G&#8221; use_library_content=&#8221;on&#8221; divi_library=&#8221;22990128&#8243; admin_label=&#8221;G&#8221; _builder_version=&#8221;4.23.1&#8243; _module_preset=&#8221;default&#8221; global_colors_info=&#8221;{}&#8221;][\/dipi_advanced_tabs_item][dipi_advanced_tabs_item title=&#8221;H&#8221; use_library_content=&#8221;on&#8221; divi_library=&#8221;22990148&#8243; admin_label=&#8221;H&#8221; _builder_version=&#8221;4.23.1&#8243; _module_preset=&#8221;default&#8221; hover_enabled=&#8221;0&#8243; global_colors_info=&#8221;{}&#8221; sticky_enabled=&#8221;0&#8243;][\/dipi_advanced_tabs_item][dipi_advanced_tabs_item title=&#8221;I&#8221; use_library_content=&#8221;on&#8221; divi_library=&#8221;22990172&#8243; admin_label=&#8221;I&#8221; _builder_version=&#8221;4.23.1&#8243; _module_preset=&#8221;default&#8221; global_colors_info=&#8221;{}&#8221;][\/dipi_advanced_tabs_item][dipi_advanced_tabs_item title=&#8221;J&#8221; admin_label=&#8221;J&#8221; _builder_version=&#8221;4.23.4&#8243; _module_preset=&#8221;default&#8221; title_text_color=&#8221;#d8d8d8&#8243; global_colors_info=&#8221;{}&#8221;][\/dipi_advanced_tabs_item][dipi_advanced_tabs_item title=&#8221;K&#8221; use_library_content=&#8221;on&#8221; divi_library=&#8221;22990188&#8243; admin_label=&#8221;K&#8221; _builder_version=&#8221;4.23.1&#8243; _module_preset=&#8221;default&#8221; global_colors_info=&#8221;{}&#8221;][\/dipi_advanced_tabs_item][dipi_advanced_tabs_item title=&#8221;L&#8221; use_library_content=&#8221;on&#8221; divi_library=&#8221;22990209&#8243; admin_label=&#8221;L&#8221; _builder_version=&#8221;4.23.1&#8243; _module_preset=&#8221;default&#8221; global_colors_info=&#8221;{}&#8221;][\/dipi_advanced_tabs_item][dipi_advanced_tabs_item title=&#8221;M&#8221; use_library_content=&#8221;on&#8221; divi_library=&#8221;22990229&#8243; admin_label=&#8221;M&#8221; _builder_version=&#8221;4.23.1&#8243; _module_preset=&#8221;default&#8221; global_colors_info=&#8221;{}&#8221;][\/dipi_advanced_tabs_item][dipi_advanced_tabs_item title=&#8221;N&#8221; use_library_content=&#8221;on&#8221; divi_library=&#8221;22990265&#8243; admin_label=&#8221;N&#8221; _builder_version=&#8221;4.23.1&#8243; _module_preset=&#8221;default&#8221; global_colors_info=&#8221;{}&#8221;][\/dipi_advanced_tabs_item][dipi_advanced_tabs_item title=&#8221;O&#8221; use_library_content=&#8221;on&#8221; divi_library=&#8221;22990282&#8243; admin_label=&#8221;O&#8221; _builder_version=&#8221;4.23.1&#8243; _module_preset=&#8221;default&#8221; global_colors_info=&#8221;{}&#8221;][\/dipi_advanced_tabs_item][dipi_advanced_tabs_item title=&#8221;P&#8221; use_library_content=&#8221;on&#8221; divi_library=&#8221;22990319&#8243; admin_label=&#8221;P&#8221; _builder_version=&#8221;4.23.1&#8243; _module_preset=&#8221;default&#8221; global_colors_info=&#8221;{}&#8221;][\/dipi_advanced_tabs_item][dipi_advanced_tabs_item title=&#8221;Q&#8221; use_library_content=&#8221;on&#8221; divi_library=&#8221;22990331&#8243; admin_label=&#8221;Q&#8221; _builder_version=&#8221;4.23.1&#8243; _module_preset=&#8221;default&#8221; global_colors_info=&#8221;{}&#8221;][\/dipi_advanced_tabs_item][dipi_advanced_tabs_item title=&#8221;R&#8221; use_library_content=&#8221;on&#8221; divi_library=&#8221;22990338&#8243; admin_label=&#8221;R&#8221; _builder_version=&#8221;4.23.1&#8243; _module_preset=&#8221;default&#8221; global_colors_info=&#8221;{}&#8221;][\/dipi_advanced_tabs_item][dipi_advanced_tabs_item title=&#8221;S&#8221; use_library_content=&#8221;on&#8221; divi_library=&#8221;22990347&#8243; admin_label=&#8221;S&#8221; _builder_version=&#8221;4.23.1&#8243; _module_preset=&#8221;default&#8221; global_colors_info=&#8221;{}&#8221;][\/dipi_advanced_tabs_item][dipi_advanced_tabs_item title=&#8221;T&#8221; use_library_content=&#8221;on&#8221; divi_library=&#8221;22990387&#8243; admin_label=&#8221;T&#8221; _builder_version=&#8221;4.23.1&#8243; _module_preset=&#8221;default&#8221; global_colors_info=&#8221;{}&#8221;][\/dipi_advanced_tabs_item][dipi_advanced_tabs_item title=&#8221;U&#8221; admin_label=&#8221;U&#8221; _builder_version=&#8221;4.23.4&#8243; _module_preset=&#8221;default&#8221; title_text_color=&#8221;#d8d8d8&#8243; global_colors_info=&#8221;{}&#8221;][\/dipi_advanced_tabs_item][dipi_advanced_tabs_item title=&#8221;V&#8221; use_library_content=&#8221;on&#8221; divi_library=&#8221;22990394&#8243; admin_label=&#8221;V&#8221; _builder_version=&#8221;4.23.1&#8243; _module_preset=&#8221;default&#8221; global_colors_info=&#8221;{}&#8221;][\/dipi_advanced_tabs_item][dipi_advanced_tabs_item title=&#8221;W&#8221; use_library_content=&#8221;on&#8221; divi_library=&#8221;22990417&#8243; admin_label=&#8221;W&#8221; _builder_version=&#8221;4.23.1&#8243; _module_preset=&#8221;default&#8221; global_colors_info=&#8221;{}&#8221;][\/dipi_advanced_tabs_item][dipi_advanced_tabs_item title=&#8221;X&#8221; use_library_content=&#8221;on&#8221; divi_library=&#8221;22990432&#8243; admin_label=&#8221;X&#8221; _builder_version=&#8221;4.23.1&#8243; _module_preset=&#8221;default&#8221; global_colors_info=&#8221;{}&#8221;][\/dipi_advanced_tabs_item][dipi_advanced_tabs_item title=&#8221;Y&#8221; admin_label=&#8221;Y&#8221; _builder_version=&#8221;4.23.4&#8243; _module_preset=&#8221;default&#8221; title_text_color=&#8221;#d8d8d8&#8243; global_colors_info=&#8221;{}&#8221;][\/dipi_advanced_tabs_item][dipi_advanced_tabs_item title=&#8221;Z&#8221; use_library_content=&#8221;on&#8221; divi_library=&#8221;22990439&#8243; admin_label=&#8221;Z&#8221; _builder_version=&#8221;4.23.1&#8243; _module_preset=&#8221;default&#8221; global_colors_info=&#8221;{}&#8221;][\/dipi_advanced_tabs_item][\/dipi_advanced_tabs][\/et_pb_column][\/et_pb_row][\/et_pb_section]<\/p>\n","protected":false},"excerpt":{"rendered":"<p>Vmesniki Prednosti tega, da se pla\u010dilo s kartico ne za\u010dne z ro\u010dnim vnosom zneska na ustreznem terminalu, temve\u010d samodejno prek vmesni\u0161ke povezave iz blagajne ali sistema za upravljanje blaga, so o\u010ditne. Ta re\u0161itev ne omogo\u010da le hitrej\u0161e obdelave, temve\u010d tudi odpravlja napake pri vnosu zneskov. Druga pomembna prednost je neposredna dodelitev potrdila o pla\u010dilu ustreznemu [&hellip;]<\/p>\n","protected":false},"author":2,"featured_media":0,"parent":0,"menu_order":0,"comment_status":"closed","ping_status":"closed","template":"","meta":{"_et_pb_use_builder":"on","_et_pb_old_content":"","_et_gb_content_width":"","footnotes":""},"dipi_cpt_category":[],"class_list":["post-22995370","page","type-page","status-publish","hentry"],"yoast_head":"<!-- This site is optimized with the Yoast SEO Premium plugin v27.6 (Yoast SEO v27.6) - https:\/\/yoast.com\/product\/yoast-seo-premium-wordpress\/ -->\n<title>Blagajni\u0161ki vmesniki - hobex Payment Systems<\/title>\n<meta name=\"robots\" content=\"index, follow, max-snippet:-1, max-image-preview:large, max-video-preview:-1\" \/>\n<link rel=\"canonical\" href=\"https:\/\/www.hobex.at\/sl\/blagajniski-vmesniki\/\" \/>\n<meta property=\"og:locale\" content=\"sl_SI\" \/>\n<meta property=\"og:type\" content=\"article\" \/>\n<meta property=\"og:title\" content=\"Blagajni\u0161ki vmesniki\" \/>\n<meta property=\"og:description\" content=\"Vmesniki Prednosti tega, da se pla\u010dilo s kartico ne za\u010dne z ro\u010dnim vnosom zneska na ustreznem terminalu, temve\u010d samodejno prek vmesni\u0161ke povezave iz blagajne ali sistema za upravljanje blaga, so o\u010ditne. Ta re\u0161itev ne omogo\u010da le hitrej\u0161e obdelave, temve\u010d tudi odpravlja napake pri vnosu zneskov. Druga pomembna prednost je neposredna dodelitev potrdila o pla\u010dilu ustreznemu [&hellip;]\" \/>\n<meta property=\"og:url\" content=\"https:\/\/www.hobex.at\/sl\/blagajniski-vmesniki\/\" \/>\n<meta property=\"og:site_name\" content=\"hobex Payment Systems\" \/>\n<meta property=\"article:modified_time\" content=\"2025-08-20T06:27:52+00:00\" \/>\n<meta name=\"twitter:card\" content=\"summary_large_image\" \/>\n<meta name=\"twitter:label1\" content=\"Est. reading time\" \/>\n\t<meta name=\"twitter:data1\" content=\"7 minut\" \/>\n<script type=\"application\/ld+json\" class=\"yoast-schema-graph\">{\"@context\":\"https:\\\/\\\/schema.org\",\"@graph\":[{\"@type\":\"WebPage\",\"@id\":\"https:\\\/\\\/www.hobex.at\\\/sl\\\/blagajniski-vmesniki\\\/\",\"url\":\"https:\\\/\\\/www.hobex.at\\\/sl\\\/blagajniski-vmesniki\\\/\",\"name\":\"Blagajni\u0161ki vmesniki - hobex Payment Systems\",\"isPartOf\":{\"@id\":\"https:\\\/\\\/www.hobex.at\\\/sl\\\/#website\"},\"datePublished\":\"2023-12-12T15:32:58+00:00\",\"dateModified\":\"2025-08-20T06:27:52+00:00\",\"breadcrumb\":{\"@id\":\"https:\\\/\\\/www.hobex.at\\\/sl\\\/blagajniski-vmesniki\\\/#breadcrumb\"},\"inLanguage\":\"sl-SI\",\"potentialAction\":[{\"@type\":\"ReadAction\",\"target\":[\"https:\\\/\\\/www.hobex.at\\\/sl\\\/blagajniski-vmesniki\\\/\"]}]},{\"@type\":\"BreadcrumbList\",\"@id\":\"https:\\\/\\\/www.hobex.at\\\/sl\\\/blagajniski-vmesniki\\\/#breadcrumb\",\"itemListElement\":[{\"@type\":\"ListItem\",\"position\":1,\"name\":\"Startseite\",\"item\":\"https:\\\/\\\/www.hobex.at\\\/sl\\\/\"},{\"@type\":\"ListItem\",\"position\":2,\"name\":\"Blagajni\u0161ki vmesniki\"}]},{\"@type\":\"WebSite\",\"@id\":\"https:\\\/\\\/www.hobex.at\\\/sl\\\/#website\",\"url\":\"https:\\\/\\\/www.hobex.at\\\/sl\\\/\",\"name\":\"hobex Payment Systems\",\"description\":\"We are payment.\",\"publisher\":{\"@id\":\"https:\\\/\\\/www.hobex.at\\\/sl\\\/#organization\"},\"alternateName\":\"hobex\",\"potentialAction\":[{\"@type\":\"SearchAction\",\"target\":{\"@type\":\"EntryPoint\",\"urlTemplate\":\"https:\\\/\\\/www.hobex.at\\\/sl\\\/?s={search_term_string}\"},\"query-input\":{\"@type\":\"PropertyValueSpecification\",\"valueRequired\":true,\"valueName\":\"search_term_string\"}}],\"inLanguage\":\"sl-SI\"},{\"@type\":\"Organization\",\"@id\":\"https:\\\/\\\/www.hobex.at\\\/sl\\\/#organization\",\"name\":\"hobex Payment Systems\",\"alternateName\":\"hobex\",\"url\":\"https:\\\/\\\/www.hobex.at\\\/sl\\\/\",\"logo\":{\"@type\":\"ImageObject\",\"inLanguage\":\"sl-SI\",\"@id\":\"https:\\\/\\\/www.hobex.at\\\/sl\\\/#\\\/schema\\\/logo\\\/image\\\/\",\"url\":\"https:\\\/\\\/www.hobex.at\\\/wp-content\\\/uploads\\\/2023\\\/10\\\/Hobex-Logo-Main_Vector.png\",\"contentUrl\":\"https:\\\/\\\/www.hobex.at\\\/wp-content\\\/uploads\\\/2023\\\/10\\\/Hobex-Logo-Main_Vector.png\",\"width\":397,\"height\":154,\"caption\":\"hobex Payment Systems\"},\"image\":{\"@id\":\"https:\\\/\\\/www.hobex.at\\\/sl\\\/#\\\/schema\\\/logo\\\/image\\\/\"},\"sameAs\":[\"https:\\\/\\\/www.linkedin.com\\\/company\\\/hobex-ag-paymentsystems\\\/\"],\"description\":\"hobex bietet perfekte Bezahll\u00f6sungen f\u00fcr jede Branche mit einer breiten Palette an Bezahlterminals, um Kartenzahlungen und NFC Zahlungen sicher und schnell zu akzeptieren. Station\u00e4re Terminals sind ideal f\u00fcr den Einzelhandel und die Hotellerie, da sie sichere und zuverl\u00e4ssige Transaktionen am Point of Sale erm\u00f6glichen. F\u00fcr Gastronomie, Dienstleister und Au\u00dfendienstmitarbeiter stellen mobile Terminals eine flexible L\u00f6sung dar, da Zahlungen direkt vor Ort abgewickelt werden k\u00f6nnen. Zus\u00e4tzlich lassen sich die Bezahlterminals nahtlos in bestehende Systeme wie eCommerce-Plattformen oder Kassensysteme integrieren, was den administrativen Aufwand reduziert und die Effizienz im Betrieb steigert.\",\"email\":\"office@hobex.at\",\"telephone\":\"+43 662 2255-0\",\"legalName\":\"hobex AG\",\"foundingDate\":\"1999-07-29\",\"vatID\":\"ATU35185508\",\"numberOfEmployees\":{\"@type\":\"QuantitativeValue\",\"minValue\":\"51\",\"maxValue\":\"200\"}}]}<\/script>\n<!-- \/ Yoast SEO Premium plugin. -->","yoast_head_json":{"title":"Blagajni\u0161ki vmesniki - hobex Payment Systems","robots":{"index":"index","follow":"follow","max-snippet":"max-snippet:-1","max-image-preview":"max-image-preview:large","max-video-preview":"max-video-preview:-1"},"canonical":"https:\/\/www.hobex.at\/sl\/blagajniski-vmesniki\/","og_locale":"sl_SI","og_type":"article","og_title":"Blagajni\u0161ki vmesniki","og_description":"Vmesniki Prednosti tega, da se pla\u010dilo s kartico ne za\u010dne z ro\u010dnim vnosom zneska na ustreznem terminalu, temve\u010d samodejno prek vmesni\u0161ke povezave iz blagajne ali sistema za upravljanje blaga, so o\u010ditne. Ta re\u0161itev ne omogo\u010da le hitrej\u0161e obdelave, temve\u010d tudi odpravlja napake pri vnosu zneskov. Druga pomembna prednost je neposredna dodelitev potrdila o pla\u010dilu ustreznemu [&hellip;]","og_url":"https:\/\/www.hobex.at\/sl\/blagajniski-vmesniki\/","og_site_name":"hobex Payment Systems","article_modified_time":"2025-08-20T06:27:52+00:00","twitter_card":"summary_large_image","twitter_misc":{"Est. reading time":"7 minut"},"schema":{"@context":"https:\/\/schema.org","@graph":[{"@type":"WebPage","@id":"https:\/\/www.hobex.at\/sl\/blagajniski-vmesniki\/","url":"https:\/\/www.hobex.at\/sl\/blagajniski-vmesniki\/","name":"Blagajni\u0161ki vmesniki - hobex Payment Systems","isPartOf":{"@id":"https:\/\/www.hobex.at\/sl\/#website"},"datePublished":"2023-12-12T15:32:58+00:00","dateModified":"2025-08-20T06:27:52+00:00","breadcrumb":{"@id":"https:\/\/www.hobex.at\/sl\/blagajniski-vmesniki\/#breadcrumb"},"inLanguage":"sl-SI","potentialAction":[{"@type":"ReadAction","target":["https:\/\/www.hobex.at\/sl\/blagajniski-vmesniki\/"]}]},{"@type":"BreadcrumbList","@id":"https:\/\/www.hobex.at\/sl\/blagajniski-vmesniki\/#breadcrumb","itemListElement":[{"@type":"ListItem","position":1,"name":"Startseite","item":"https:\/\/www.hobex.at\/sl\/"},{"@type":"ListItem","position":2,"name":"Blagajni\u0161ki vmesniki"}]},{"@type":"WebSite","@id":"https:\/\/www.hobex.at\/sl\/#website","url":"https:\/\/www.hobex.at\/sl\/","name":"hobex Payment Systems","description":"We are payment.","publisher":{"@id":"https:\/\/www.hobex.at\/sl\/#organization"},"alternateName":"hobex","potentialAction":[{"@type":"SearchAction","target":{"@type":"EntryPoint","urlTemplate":"https:\/\/www.hobex.at\/sl\/?s={search_term_string}"},"query-input":{"@type":"PropertyValueSpecification","valueRequired":true,"valueName":"search_term_string"}}],"inLanguage":"sl-SI"},{"@type":"Organization","@id":"https:\/\/www.hobex.at\/sl\/#organization","name":"hobex Payment Systems","alternateName":"hobex","url":"https:\/\/www.hobex.at\/sl\/","logo":{"@type":"ImageObject","inLanguage":"sl-SI","@id":"https:\/\/www.hobex.at\/sl\/#\/schema\/logo\/image\/","url":"https:\/\/www.hobex.at\/wp-content\/uploads\/2023\/10\/Hobex-Logo-Main_Vector.png","contentUrl":"https:\/\/www.hobex.at\/wp-content\/uploads\/2023\/10\/Hobex-Logo-Main_Vector.png","width":397,"height":154,"caption":"hobex Payment Systems"},"image":{"@id":"https:\/\/www.hobex.at\/sl\/#\/schema\/logo\/image\/"},"sameAs":["https:\/\/www.linkedin.com\/company\/hobex-ag-paymentsystems\/"],"description":"hobex bietet perfekte Bezahll\u00f6sungen f\u00fcr jede Branche mit einer breiten Palette an Bezahlterminals, um Kartenzahlungen und NFC Zahlungen sicher und schnell zu akzeptieren. Station\u00e4re Terminals sind ideal f\u00fcr den Einzelhandel und die Hotellerie, da sie sichere und zuverl\u00e4ssige Transaktionen am Point of Sale erm\u00f6glichen. F\u00fcr Gastronomie, Dienstleister und Au\u00dfendienstmitarbeiter stellen mobile Terminals eine flexible L\u00f6sung dar, da Zahlungen direkt vor Ort abgewickelt werden k\u00f6nnen. Zus\u00e4tzlich lassen sich die Bezahlterminals nahtlos in bestehende Systeme wie eCommerce-Plattformen oder Kassensysteme integrieren, was den administrativen Aufwand reduziert und die Effizienz im Betrieb steigert.","email":"office@hobex.at","telephone":"+43 662 2255-0","legalName":"hobex AG","foundingDate":"1999-07-29","vatID":"ATU35185508","numberOfEmployees":{"@type":"QuantitativeValue","minValue":"51","maxValue":"200"}}]}},"_links":{"self":[{"href":"https:\/\/www.hobex.at\/sl\/wp-json\/wp\/v2\/pages\/22995370","targetHints":{"allow":["GET"]}}],"collection":[{"href":"https:\/\/www.hobex.at\/sl\/wp-json\/wp\/v2\/pages"}],"about":[{"href":"https:\/\/www.hobex.at\/sl\/wp-json\/wp\/v2\/types\/page"}],"author":[{"embeddable":true,"href":"https:\/\/www.hobex.at\/sl\/wp-json\/wp\/v2\/users\/2"}],"replies":[{"embeddable":true,"href":"https:\/\/www.hobex.at\/sl\/wp-json\/wp\/v2\/comments?post=22995370"}],"version-history":[{"count":5,"href":"https:\/\/www.hobex.at\/sl\/wp-json\/wp\/v2\/pages\/22995370\/revisions"}],"predecessor-version":[{"id":25279542,"href":"https:\/\/www.hobex.at\/sl\/wp-json\/wp\/v2\/pages\/22995370\/revisions\/25279542"}],"wp:attachment":[{"href":"https:\/\/www.hobex.at\/sl\/wp-json\/wp\/v2\/media?parent=22995370"}],"wp:term":[{"taxonomy":"dipi_cpt_category","embeddable":true,"href":"https:\/\/www.hobex.at\/sl\/wp-json\/wp\/v2\/dipi_cpt_category?post=22995370"}],"curies":[{"name":"wp","href":"https:\/\/api.w.org\/{rel}","templated":true}]}}