{"id":22994137,"date":"2023-12-12T09:50:21","date_gmt":"2023-12-12T08:50:21","guid":{"rendered":"https:\/\/www.hobex.at\/timu\/"},"modified":"2024-04-13T20:56:07","modified_gmt":"2024-04-13T18:56:07","slug":"timu","status":"publish","type":"page","link":"https:\/\/www.hobex.at\/sl\/timu\/","title":{"rendered":"Timu"},"content":{"rendered":"<p>[et_pb_section fb_built=&#8221;1&#8243; _builder_version=&#8221;4.23&#8243; _module_preset=&#8221;default&#8221; locked=&#8221;off&#8221; global_colors_info=&#8221;{}&#8221;][et_pb_row _builder_version=&#8221;4.23.1&#8243; _module_preset=&#8221;default&#8221; global_colors_info=&#8221;{}&#8221;][et_pb_column type=&#8221;4_4&#8243; _builder_version=&#8221;4.23.1&#8243; _module_preset=&#8221;default&#8221; global_colors_info=&#8221;{}&#8221;][et_pb_text _builder_version=&#8221;4.23.4&#8243; _module_preset=&#8221;default&#8221; header_font=&#8221;||||||||&#8221; text_orientation=&#8221;center&#8221; width=&#8221;60%&#8221; width_tablet=&#8221;100%&#8221; width_phone=&#8221;100%&#8221; width_last_edited=&#8221;on|phone&#8221; module_alignment=&#8221;center&#8221; global_colors_info=&#8221;{}&#8221;]<\/p>\n<h1>Timu<\/h1>\n<p><span>Od uprave do zaposlenih na terenu \u2013 podjetni\u0161ka filozofija &#8220;delovanje z razgledom&#8221; se vsakodnevno \u017eivi s strani celotne ekipe. Kombinacija brezkompromisne kakovosti in inovativnega razvojnega duha kot temelj za optimizacijo digitalnih procesov in hkrati postavitev med\u010dlove\u0161ke komponente v sredi\u0161\u010de vsakega prodajnega procesa. To so elementi, ki nas naredijo tako mo\u010dne!  <\/span><\/p>\n<p>[\/et_pb_text][\/et_pb_column][\/et_pb_row][\/et_pb_section][et_pb_section fb_built=&#8221;1&#8243; custom_padding_last_edited=&#8221;on|phone&#8221; _builder_version=&#8221;4.24.3&#8243; _module_preset=&#8221;default&#8221; background_color=&#8221;gcid-4e2ad749-189f-477e-b8f2-1cc77f32a567&#8243; transform_scale_tablet=&#8221;&#8221; transform_scale_phone=&#8221;&#8221; transform_scale_last_edited=&#8221;on|desktop&#8221; transform_translate_tablet=&#8221;0px|0px&#8221; transform_translate_phone=&#8221;0px|0px&#8221; transform_translate_last_edited=&#8221;on|phone&#8221; transform_rotate_tablet=&#8221;&#8221; transform_rotate_phone=&#8221;&#8221; transform_rotate_last_edited=&#8221;on|desktop&#8221; transform_skew_tablet=&#8221;&#8221; transform_skew_phone=&#8221;&#8221; transform_skew_last_edited=&#8221;on|desktop&#8221; transform_origin_tablet=&#8221;&#8221; transform_origin_phone=&#8221;&#8221; transform_origin_last_edited=&#8221;on|desktop&#8221; transform_styles_last_edited=&#8221;on|phone&#8221; width_last_edited=&#8221;off|desktop&#8221; max_width=&#8221;1366px&#8221; module_alignment=&#8221;center&#8221; custom_padding=&#8221;40px||40px||false|false&#8221; custom_padding_tablet=&#8221;40px||40px||false|false&#8221; custom_padding_phone=&#8221;40px||40px||false|false&#8221; hover_enabled=&#8221;0&#8243; transform_styles_tablet=&#8221;&#8221; transform_styles_phone=&#8221;&#8221; border_radii=&#8221;on|50px|50px|50px|50px&#8221; locked=&#8221;off&#8221; global_colors_info=&#8221;{%22gcid-4e2ad749-189f-477e-b8f2-1cc77f32a567%22:%91%22background_color%22%93}&#8221; width__hover_enabled=&#8221;on|desktop&#8221; sticky_enabled=&#8221;0&#8243; disabled_on=&#8221;on|on|on&#8221; disabled=&#8221;on&#8221;][et_pb_row custom_padding_last_edited=&#8221;on|phone&#8221; _builder_version=&#8221;4.23.4&#8243; _module_preset=&#8221;default&#8221; custom_padding=&#8221;20px||20px||false|false&#8221; custom_padding_tablet=&#8221;20px||20px||false|false&#8221; custom_padding_phone=&#8221;||0px||false|false&#8221; global_colors_info=&#8221;{}&#8221;][et_pb_column type=&#8221;4_4&#8243; _builder_version=&#8221;4.23.1&#8243; _module_preset=&#8221;default&#8221; global_colors_info=&#8221;{}&#8221;][dipi_advanced_tabs tab_animation=&#8221;fadeInRightShort&#8221; use_tabs_fullwidth=&#8221;off&#8221; tabs_max_width=&#8221;250px&#8221; use_tabs_fullwidth_phone=&#8221;off&#8221; tabs_max_width_phone=&#8221;300px&#8221; tabs_placement_phone=&#8221;column&#8221; tabs_align=&#8221;center&#8221; tabs_container_padding=&#8221;0px|0px|0px|0px|false|false&#8221; tabs_container_margin=&#8221;0px|0px|0px|0px|false|false&#8221; tabs_item_padding=&#8221;5px|10px|5px|10px|true|false&#8221; tabs_item_margin=&#8221;|5px||5px|false|false&#8221; tabs_active_item_padding=&#8221;5px|10px|5px|10px|true|false&#8221; tabs_active_item_margin=&#8221;0px|5px|0px|5px|false|true&#8221; content_padding=&#8221;10px|0px|10px|0px|false|false&#8221; content_margin=&#8221;10px|0px|10px|0px|false|true&#8221; content_bg_color=&#8221;RGBA(255,255,255,0)&#8221; tabs_bg_color=&#8221;RGBA(255,255,255,0)&#8221; tabs_item_bg_color=&#8221;RGBA(255,255,255,0)&#8221; tabs_item_active_bg_color=&#8221;#D10007&#8243; tabs_item_margin_tablet=&#8221;|5px||5px|false|false&#8221; tabs_item_margin_phone=&#8221;5px||5px||true|false&#8221; tabs_item_margin_last_edited=&#8221;on|phone&#8221; tabs_active_item_margin_tablet=&#8221;0px|5px|0px|5px|false|true&#8221; tabs_active_item_margin_phone=&#8221;5px||5px||false|true&#8221; tabs_active_item_margin_last_edited=&#8221;on|phone&#8221; content_padding_tablet=&#8221;10px|0px|10px|0px|false|false&#8221; content_padding_phone=&#8221;||||false|true&#8221; content_padding_last_edited=&#8221;on|phone&#8221; tabs_text_margin_active_tablet=&#8221;&#8221; tabs_text_margin_active_phone=&#8221;&#8221; tabs_text_margin_active_last_edited=&#8221;on|phone&#8221; _builder_version=&#8221;4.23.4&#8243; _module_preset=&#8221;default&#8221; title_text_align=&#8221;center&#8221; title_active_text_color=&#8221;#FFFFFF&#8221; background_color=&#8221;RGBA(255,255,255,0)&#8221; custom_padding=&#8221;||0px|||&#8221; border_radii_tabs_item=&#8221;on|50px|50px|50px|50px&#8221; border_width_all_tabs_item=&#8221;1px&#8221; border_color_all_tabs_item_active=&#8221;#D10007&#8243; global_colors_info=&#8221;{}&#8221;][dipi_advanced_tabs_item title=&#8221;Uprava&#8221; use_library_content=&#8221;on&#8221; divi_library=&#8221;22990572&#8243; admin_label=&#8221;Vorstand&#8221; _builder_version=&#8221;4.23.1&#8243; _module_preset=&#8221;default&#8221; global_colors_info=&#8221;{}&#8221;][\/dipi_advanced_tabs_item][dipi_advanced_tabs_item title=&#8221;Prodaja&#8221; use_library_content=&#8221;on&#8221; divi_library=&#8221;22990606&#8243; admin_label=&#8221;Vertrieb&#8221; _builder_version=&#8221;4.23.1&#8243; _module_preset=&#8221;default&#8221; global_colors_info=&#8221;{}&#8221;][\/dipi_advanced_tabs_item][dipi_advanced_tabs_item title=&#8221;Tehnika&#8221; use_library_content=&#8221;on&#8221; divi_library=&#8221;22990993&#8243; admin_label=&#8221;Technik&#8221; _builder_version=&#8221;4.23.1&#8243; _module_preset=&#8221;default&#8221; global_colors_info=&#8221;{}&#8221;][\/dipi_advanced_tabs_item][dipi_advanced_tabs_item title=&#8221;Marketing&#8221; use_library_content=&#8221;on&#8221; divi_library=&#8221;22991063&#8243; admin_label=&#8221;Marketing&#8221; _builder_version=&#8221;4.23.1&#8243; _module_preset=&#8221;default&#8221; global_colors_info=&#8221;{}&#8221;][\/dipi_advanced_tabs_item][dipi_advanced_tabs_item title=&#8221;Razvoj poslovanja&#8221; use_library_content=&#8221;on&#8221; divi_library=&#8221;22991085&#8243; admin_label=&#8221;Business Development&#8221; _builder_version=&#8221;4.23.1&#8243; _module_preset=&#8221;default&#8221; global_colors_info=&#8221;{}&#8221;][\/dipi_advanced_tabs_item][\/dipi_advanced_tabs][\/et_pb_column][\/et_pb_row][\/et_pb_section]<\/p>\n","protected":false},"excerpt":{"rendered":"<p>Timu Od uprave do zaposlenih na terenu \u2013 podjetni\u0161ka filozofija &#8220;delovanje z razgledom&#8221; se vsakodnevno \u017eivi s strani celotne ekipe. Kombinacija brezkompromisne kakovosti in inovativnega razvojnega duha kot temelj za optimizacijo digitalnih procesov in hkrati postavitev med\u010dlove\u0161ke komponente v sredi\u0161\u010de vsakega prodajnega procesa. To so elementi, ki nas naredijo tako mo\u010dne! <div class=\"et_pb_module dipi_advanced_tabs dipi_advanced_tabs_0\">\n\t\t\t\t\n\t\t\t\t\n\t\t\t\t\n\t\t\t\t\n\t\t\t\t\n\t\t\t\t\n\t\t\t\t<div class=\"et_pb_module_inner\">\n\t\t\t\t\t<div class=\"dipi-advanced-tabs dipi-at-container dipi-advanced-tabs-front\"  data-tab_animation=\"&#8221;fadeInRightShort&#8221;\" data-animation_duration=\"300\" data-activate_on_hover=\"off\" data-activate_first_tab_as_placeholder=\"on\" data-use_sticky_tabs=\"\" data-use_scroll_to_content=\"{&quot;desktop&quot;:&quot;&quot;,&quot;tablet&quot;:&quot;&quot;,&quot;phone&quot;:&quot;&quot;}\" data-scroll_to_content_offset=\"{&quot;desktop&quot;:&quot;0px&quot;,&quot;tablet&quot;:&quot;0px&quot;,&quot;phone&quot;:&quot;0px&quot;}\" data-ts_navigation_vertical_position=\"{&quot;desktop&quot;:&quot;50&quot;,&quot;tablet&quot;:&quot;50&quot;,&quot;phone&quot;:&quot;50&quot;}\" data-ts_navigation_horizontal_position=\"{&quot;desktop&quot;:&quot;0&quot;,&quot;tablet&quot;:&quot;0&quot;,&quot;phone&quot;:&quot;0&quot;}\" data-sticky_distance=\"55px\" data-sticky_distance_tablet=\"55px\" data-sticky_distance_phone=\"\" data-admin_bar_space=\"\" data-turn_off_sticky=\"none\" data-module_class=\"dipi_advanced_tabs_0\" data-default_tab=\"0\">\n                    <div class=\"dipi-at-tabs-container \" data-slider=''   >\n                        <div class=\"dipi-at-tabs has-arrow arrow-place-top arrow-allign-start\"><\/div>\n                    <\/div>\n                    <div class=\"dipi-at-panels\"><\/div>\n                <\/div>\n\t\t\t\t<\/div>\n\t\t\t<\/div><\/p>\n","protected":false},"author":2,"featured_media":0,"parent":0,"menu_order":0,"comment_status":"closed","ping_status":"closed","template":"","meta":{"_et_pb_use_builder":"on","_et_pb_old_content":"","_et_gb_content_width":"","footnotes":""},"dipi_cpt_category":[],"class_list":["post-22994137","page","type-page","status-publish","hentry"],"yoast_head":"<!-- This site is optimized with the Yoast SEO Premium plugin v27.6 (Yoast SEO v27.6) - https:\/\/yoast.com\/product\/yoast-seo-premium-wordpress\/ -->\n<title>Timu - hobex Payment Systems<\/title>\n<meta name=\"robots\" content=\"index, follow, max-snippet:-1, max-image-preview:large, max-video-preview:-1\" \/>\n<link rel=\"canonical\" href=\"https:\/\/www.hobex.at\/sl\/timu\/\" \/>\n<meta property=\"og:locale\" content=\"sl_SI\" \/>\n<meta property=\"og:type\" content=\"article\" \/>\n<meta property=\"og:title\" content=\"Timu\" \/>\n<meta property=\"og:description\" content=\"Timu Od uprave do zaposlenih na terenu \u2013 podjetni\u0161ka filozofija &quot;delovanje z razgledom&quot; se vsakodnevno \u017eivi s strani celotne ekipe. Kombinacija brezkompromisne kakovosti in inovativnega razvojnega duha kot temelj za optimizacijo digitalnih procesov in hkrati postavitev med\u010dlove\u0161ke komponente v sredi\u0161\u010de vsakega prodajnega procesa. To so elementi, ki nas naredijo tako mo\u010dne!\" \/>\n<meta property=\"og:url\" content=\"https:\/\/www.hobex.at\/sl\/timu\/\" \/>\n<meta property=\"og:site_name\" content=\"hobex Payment Systems\" \/>\n<meta property=\"article:modified_time\" content=\"2024-04-13T18:56:07+00:00\" \/>\n<meta name=\"twitter:card\" content=\"summary_large_image\" \/>\n<meta name=\"twitter:label1\" content=\"Est. reading time\" \/>\n\t<meta name=\"twitter:data1\" content=\"4 minute\" \/>\n<script type=\"application\/ld+json\" class=\"yoast-schema-graph\">{\"@context\":\"https:\\\/\\\/schema.org\",\"@graph\":[{\"@type\":\"WebPage\",\"@id\":\"https:\\\/\\\/www.hobex.at\\\/sl\\\/timu\\\/\",\"url\":\"https:\\\/\\\/www.hobex.at\\\/sl\\\/timu\\\/\",\"name\":\"Timu - hobex Payment Systems\",\"isPartOf\":{\"@id\":\"https:\\\/\\\/www.hobex.at\\\/sl\\\/#website\"},\"datePublished\":\"2023-12-12T08:50:21+00:00\",\"dateModified\":\"2024-04-13T18:56:07+00:00\",\"breadcrumb\":{\"@id\":\"https:\\\/\\\/www.hobex.at\\\/sl\\\/timu\\\/#breadcrumb\"},\"inLanguage\":\"sl-SI\",\"potentialAction\":[{\"@type\":\"ReadAction\",\"target\":[\"https:\\\/\\\/www.hobex.at\\\/sl\\\/timu\\\/\"]}]},{\"@type\":\"BreadcrumbList\",\"@id\":\"https:\\\/\\\/www.hobex.at\\\/sl\\\/timu\\\/#breadcrumb\",\"itemListElement\":[{\"@type\":\"ListItem\",\"position\":1,\"name\":\"Startseite\",\"item\":\"https:\\\/\\\/www.hobex.at\\\/sl\\\/\"},{\"@type\":\"ListItem\",\"position\":2,\"name\":\"Timu\"}]},{\"@type\":\"WebSite\",\"@id\":\"https:\\\/\\\/www.hobex.at\\\/sl\\\/#website\",\"url\":\"https:\\\/\\\/www.hobex.at\\\/sl\\\/\",\"name\":\"hobex Payment Systems\",\"description\":\"We are payment.\",\"publisher\":{\"@id\":\"https:\\\/\\\/www.hobex.at\\\/sl\\\/#organization\"},\"alternateName\":\"hobex\",\"potentialAction\":[{\"@type\":\"SearchAction\",\"target\":{\"@type\":\"EntryPoint\",\"urlTemplate\":\"https:\\\/\\\/www.hobex.at\\\/sl\\\/?s={search_term_string}\"},\"query-input\":{\"@type\":\"PropertyValueSpecification\",\"valueRequired\":true,\"valueName\":\"search_term_string\"}}],\"inLanguage\":\"sl-SI\"},{\"@type\":\"Organization\",\"@id\":\"https:\\\/\\\/www.hobex.at\\\/sl\\\/#organization\",\"name\":\"hobex Payment Systems\",\"alternateName\":\"hobex\",\"url\":\"https:\\\/\\\/www.hobex.at\\\/sl\\\/\",\"logo\":{\"@type\":\"ImageObject\",\"inLanguage\":\"sl-SI\",\"@id\":\"https:\\\/\\\/www.hobex.at\\\/sl\\\/#\\\/schema\\\/logo\\\/image\\\/\",\"url\":\"https:\\\/\\\/www.hobex.at\\\/wp-content\\\/uploads\\\/2023\\\/10\\\/Hobex-Logo-Main_Vector.png\",\"contentUrl\":\"https:\\\/\\\/www.hobex.at\\\/wp-content\\\/uploads\\\/2023\\\/10\\\/Hobex-Logo-Main_Vector.png\",\"width\":397,\"height\":154,\"caption\":\"hobex Payment Systems\"},\"image\":{\"@id\":\"https:\\\/\\\/www.hobex.at\\\/sl\\\/#\\\/schema\\\/logo\\\/image\\\/\"},\"sameAs\":[\"https:\\\/\\\/www.linkedin.com\\\/company\\\/hobex-ag-paymentsystems\\\/\"],\"description\":\"hobex bietet perfekte Bezahll\u00f6sungen f\u00fcr jede Branche mit einer breiten Palette an Bezahlterminals, um Kartenzahlungen und NFC Zahlungen sicher und schnell zu akzeptieren. Station\u00e4re Terminals sind ideal f\u00fcr den Einzelhandel und die Hotellerie, da sie sichere und zuverl\u00e4ssige Transaktionen am Point of Sale erm\u00f6glichen. F\u00fcr Gastronomie, Dienstleister und Au\u00dfendienstmitarbeiter stellen mobile Terminals eine flexible L\u00f6sung dar, da Zahlungen direkt vor Ort abgewickelt werden k\u00f6nnen. Zus\u00e4tzlich lassen sich die Bezahlterminals nahtlos in bestehende Systeme wie eCommerce-Plattformen oder Kassensysteme integrieren, was den administrativen Aufwand reduziert und die Effizienz im Betrieb steigert.\",\"email\":\"office@hobex.at\",\"telephone\":\"+43 662 2255-0\",\"legalName\":\"hobex AG\",\"foundingDate\":\"1999-07-29\",\"vatID\":\"ATU35185508\",\"numberOfEmployees\":{\"@type\":\"QuantitativeValue\",\"minValue\":\"51\",\"maxValue\":\"200\"}}]}<\/script>\n<!-- \/ Yoast SEO Premium plugin. -->","yoast_head_json":{"title":"Timu - hobex Payment Systems","robots":{"index":"index","follow":"follow","max-snippet":"max-snippet:-1","max-image-preview":"max-image-preview:large","max-video-preview":"max-video-preview:-1"},"canonical":"https:\/\/www.hobex.at\/sl\/timu\/","og_locale":"sl_SI","og_type":"article","og_title":"Timu","og_description":"Timu Od uprave do zaposlenih na terenu \u2013 podjetni\u0161ka filozofija \"delovanje z razgledom\" se vsakodnevno \u017eivi s strani celotne ekipe. Kombinacija brezkompromisne kakovosti in inovativnega razvojnega duha kot temelj za optimizacijo digitalnih procesov in hkrati postavitev med\u010dlove\u0161ke komponente v sredi\u0161\u010de vsakega prodajnega procesa. To so elementi, ki nas naredijo tako mo\u010dne!","og_url":"https:\/\/www.hobex.at\/sl\/timu\/","og_site_name":"hobex Payment Systems","article_modified_time":"2024-04-13T18:56:07+00:00","twitter_card":"summary_large_image","twitter_misc":{"Est. reading time":"4 minute"},"schema":{"@context":"https:\/\/schema.org","@graph":[{"@type":"WebPage","@id":"https:\/\/www.hobex.at\/sl\/timu\/","url":"https:\/\/www.hobex.at\/sl\/timu\/","name":"Timu - hobex Payment Systems","isPartOf":{"@id":"https:\/\/www.hobex.at\/sl\/#website"},"datePublished":"2023-12-12T08:50:21+00:00","dateModified":"2024-04-13T18:56:07+00:00","breadcrumb":{"@id":"https:\/\/www.hobex.at\/sl\/timu\/#breadcrumb"},"inLanguage":"sl-SI","potentialAction":[{"@type":"ReadAction","target":["https:\/\/www.hobex.at\/sl\/timu\/"]}]},{"@type":"BreadcrumbList","@id":"https:\/\/www.hobex.at\/sl\/timu\/#breadcrumb","itemListElement":[{"@type":"ListItem","position":1,"name":"Startseite","item":"https:\/\/www.hobex.at\/sl\/"},{"@type":"ListItem","position":2,"name":"Timu"}]},{"@type":"WebSite","@id":"https:\/\/www.hobex.at\/sl\/#website","url":"https:\/\/www.hobex.at\/sl\/","name":"hobex Payment Systems","description":"We are payment.","publisher":{"@id":"https:\/\/www.hobex.at\/sl\/#organization"},"alternateName":"hobex","potentialAction":[{"@type":"SearchAction","target":{"@type":"EntryPoint","urlTemplate":"https:\/\/www.hobex.at\/sl\/?s={search_term_string}"},"query-input":{"@type":"PropertyValueSpecification","valueRequired":true,"valueName":"search_term_string"}}],"inLanguage":"sl-SI"},{"@type":"Organization","@id":"https:\/\/www.hobex.at\/sl\/#organization","name":"hobex Payment Systems","alternateName":"hobex","url":"https:\/\/www.hobex.at\/sl\/","logo":{"@type":"ImageObject","inLanguage":"sl-SI","@id":"https:\/\/www.hobex.at\/sl\/#\/schema\/logo\/image\/","url":"https:\/\/www.hobex.at\/wp-content\/uploads\/2023\/10\/Hobex-Logo-Main_Vector.png","contentUrl":"https:\/\/www.hobex.at\/wp-content\/uploads\/2023\/10\/Hobex-Logo-Main_Vector.png","width":397,"height":154,"caption":"hobex Payment Systems"},"image":{"@id":"https:\/\/www.hobex.at\/sl\/#\/schema\/logo\/image\/"},"sameAs":["https:\/\/www.linkedin.com\/company\/hobex-ag-paymentsystems\/"],"description":"hobex bietet perfekte Bezahll\u00f6sungen f\u00fcr jede Branche mit einer breiten Palette an Bezahlterminals, um Kartenzahlungen und NFC Zahlungen sicher und schnell zu akzeptieren. Station\u00e4re Terminals sind ideal f\u00fcr den Einzelhandel und die Hotellerie, da sie sichere und zuverl\u00e4ssige Transaktionen am Point of Sale erm\u00f6glichen. F\u00fcr Gastronomie, Dienstleister und Au\u00dfendienstmitarbeiter stellen mobile Terminals eine flexible L\u00f6sung dar, da Zahlungen direkt vor Ort abgewickelt werden k\u00f6nnen. Zus\u00e4tzlich lassen sich die Bezahlterminals nahtlos in bestehende Systeme wie eCommerce-Plattformen oder Kassensysteme integrieren, was den administrativen Aufwand reduziert und die Effizienz im Betrieb steigert.","email":"office@hobex.at","telephone":"+43 662 2255-0","legalName":"hobex AG","foundingDate":"1999-07-29","vatID":"ATU35185508","numberOfEmployees":{"@type":"QuantitativeValue","minValue":"51","maxValue":"200"}}]}},"_links":{"self":[{"href":"https:\/\/www.hobex.at\/sl\/wp-json\/wp\/v2\/pages\/22994137","targetHints":{"allow":["GET"]}}],"collection":[{"href":"https:\/\/www.hobex.at\/sl\/wp-json\/wp\/v2\/pages"}],"about":[{"href":"https:\/\/www.hobex.at\/sl\/wp-json\/wp\/v2\/types\/page"}],"author":[{"embeddable":true,"href":"https:\/\/www.hobex.at\/sl\/wp-json\/wp\/v2\/users\/2"}],"replies":[{"embeddable":true,"href":"https:\/\/www.hobex.at\/sl\/wp-json\/wp\/v2\/comments?post=22994137"}],"version-history":[{"count":0,"href":"https:\/\/www.hobex.at\/sl\/wp-json\/wp\/v2\/pages\/22994137\/revisions"}],"wp:attachment":[{"href":"https:\/\/www.hobex.at\/sl\/wp-json\/wp\/v2\/media?parent=22994137"}],"wp:term":[{"taxonomy":"dipi_cpt_category","embeddable":true,"href":"https:\/\/www.hobex.at\/sl\/wp-json\/wp\/v2\/dipi_cpt_category?post=22994137"}],"curies":[{"name":"wp","href":"https:\/\/api.w.org\/{rel}","templated":true}]}}