{"id":22993913,"date":"2023-12-01T18:49:06","date_gmt":"2023-12-01T17:49:06","guid":{"rendered":"https:\/\/www.hobex.at\/kolofon\/"},"modified":"2024-10-03T13:47:29","modified_gmt":"2024-10-03T11:47:29","slug":"kolofon","status":"publish","type":"page","link":"https:\/\/www.hobex.at\/sl\/kolofon\/","title":{"rendered":"Kolofon"},"content":{"rendered":"<p>[et_pb_section fb_built=&#8221;1&#8243; _builder_version=&#8221;4.23&#8243; _module_preset=&#8221;default&#8221; custom_padding=&#8221;||0px|||&#8221; locked=&#8221;off&#8221; global_colors_info=&#8221;{}&#8221;][et_pb_row _builder_version=&#8221;4.23.1&#8243; _module_preset=&#8221;default&#8221; global_colors_info=&#8221;{}&#8221;][et_pb_column type=&#8221;4_4&#8243; _builder_version=&#8221;4.23.1&#8243; _module_preset=&#8221;default&#8221; global_colors_info=&#8221;{}&#8221;][et_pb_text _builder_version=&#8221;4.23.1&#8243; _module_preset=&#8221;default&#8221; header_font=&#8221;||||||||&#8221; text_orientation=&#8221;center&#8221; width=&#8221;60%&#8221; width_tablet=&#8221;100%&#8221; width_phone=&#8221;100%&#8221; width_last_edited=&#8221;on|phone&#8221; module_alignment=&#8221;center&#8221; global_colors_info=&#8221;{}&#8221;]<\/p>\n<h1><span>Kolofon<\/span><\/h1>\n<p>[\/et_pb_text][\/et_pb_column][\/et_pb_row][\/et_pb_section][et_pb_section fb_built=&#8221;1&#8243; _builder_version=&#8221;4.23.1&#8243; _module_preset=&#8221;default&#8221; custom_padding=&#8221;80px|||||&#8221; global_colors_info=&#8221;{}&#8221;][et_pb_row column_structure=&#8221;1_2,1_2&#8243; _builder_version=&#8221;4.23.1&#8243; _module_preset=&#8221;default&#8221; border_width_top=&#8221;1px&#8221; global_colors_info=&#8221;{}&#8221;][et_pb_column type=&#8221;1_2&#8243; _builder_version=&#8221;4.23.1&#8243; _module_preset=&#8221;default&#8221; global_colors_info=&#8221;{}&#8221;][et_pb_text _builder_version=&#8221;4.23.4&#8243; _module_preset=&#8221;default&#8221; header_font=&#8221;|700|||||||&#8221; header_2_font_size_tablet=&#8221;&#8221; header_2_font_size_phone=&#8221;30px&#8221; header_2_font_size_last_edited=&#8221;on|phone&#8221; global_colors_info=&#8221;{}&#8221;]<\/p>\n<h2><span>Podatki podjetja<\/span><\/h2>\n<p>[\/et_pb_text][\/et_pb_column][et_pb_column type=&#8221;1_2&#8243; _builder_version=&#8221;4.23.1&#8243; _module_preset=&#8221;default&#8221; global_colors_info=&#8221;{}&#8221;][et_pb_text _builder_version=&#8221;4.23.4&#8243; _module_preset=&#8221;default&#8221; global_colors_info=&#8221;{}&#8221;]<\/p>\n<p>hobex AG<br \/>Josef-Brandst\u00e4tter-Stra\u00dfe 2b<br \/>5020 Salzburg<\/p>\n<p>T +43 662 2255-0<br \/>F +43 662 2255-68<br \/>M office@hobex.at<\/p>\n<p>Registrska \u0161tevilka podjetja: FN 37265 b<br \/>Registrsko sodi\u0161\u010de: De\u017eelno sodi\u0161\u010de Salzburg<br \/>ID za DDV: ATU35185508<br \/>Register za obdelavo podatkov: 0660868<\/p>\n<p>Koncesionirana pla\u010dilna institucija v skladu z 1. \u010dl. Zakona o pla\u010dilnih storitvah<br \/>\u0160tevilka identa: 1637630<br \/>\u0160ifra institucije: 94602 ZI<\/p>\n<p><strong>Pristojni nadzorni organ<\/strong><br \/>Nadzor finan\u010dnega trga (podro\u010dje ban\u010dnega poslovanja)<br \/>Otto-Wagner-Platz 5<br \/>1090 Dunaj, Avstrija<\/p>\n<p><strong>Uprava<\/strong><br \/>Mag. Michael Bratl (predsednik)<br \/>Mag. Karin Mitchell<\/p>\n<p>[\/et_pb_text][\/et_pb_column][\/et_pb_row][et_pb_row column_structure=&#8221;1_2,1_2&#8243; _builder_version=&#8221;4.23.1&#8243; _module_preset=&#8221;default&#8221; border_width_top=&#8221;1px&#8221; global_colors_info=&#8221;{}&#8221;][et_pb_column type=&#8221;1_2&#8243; _builder_version=&#8221;4.23.1&#8243; _module_preset=&#8221;default&#8221; global_colors_info=&#8221;{}&#8221;][et_pb_text _builder_version=&#8221;4.23.4&#8243; _module_preset=&#8221;default&#8221; header_font=&#8221;|700|||||||&#8221; header_2_font_size_tablet=&#8221;&#8221; header_2_font_size_phone=&#8221;30px&#8221; header_2_font_size_last_edited=&#8221;on|phone&#8221; global_colors_info=&#8221;{}&#8221;]<\/p>\n<h2>Izklju\u010ditev jamstva<\/h2>\n<p>[\/et_pb_text][\/et_pb_column][et_pb_column type=&#8221;1_2&#8243; _builder_version=&#8221;4.23.1&#8243; _module_preset=&#8221;default&#8221; global_colors_info=&#8221;{}&#8221;][et_pb_text _builder_version=&#8221;4.27.0&#8243; _module_preset=&#8221;default&#8221; hover_enabled=&#8221;0&#8243; global_colors_info=&#8221;{}&#8221; sticky_enabled=&#8221;0&#8243;]<\/p>\n<p><strong>2.1. Vsebina spletne strani<\/strong><br \/>hobex AG si pridr\u017euje pravico, da ne odgovarja za aktualnost, pravilnost, popolnost ali kakovost posredovanih informacij. Od\u0161kodninski zahtevki zoper dru\u017ebo hobex AG v zvezi s \u0161kodo, povzro\u010deno z uporabo kakr\u0161nih koli zagotovljenih informacij, vklju\u010dno s kakr\u0161nimi koli nepopolnimi ali nepravilnimi informacijami, bodo zato zavrnjeni, razen \u010de je mogo\u010de dokazati, da je dru\u017eba hobex AG ravnala namerno ali iz hude malomarnosti. Vsa ponudba se lahko spremeni brez predhodnega obvestila in je neobvezujo\u010da. hobex AG si izrecno pridr\u017euje pravico do dodajanja, spreminjanja, brisanja ali trajne ukinitve izdelkov, storitev, stro\u0161kov, izvle\u010dkov s strani, fotografij, tehni\u010dnih podatkov o izdelkih itd. brez predhodnega obvestila.<\/p>\n<p><strong>2.2. Napotki in povezave<\/strong><br \/>Dru\u017eba hobex AG ni odgovorna za vsebine, ki so povezane ali na katere se sklicuje s svojih strani &#8211; razen \u010de dru\u017eba hobex AG v celoti pozna nezakonite vsebine in bi lahko obiskovalcem svojega spletnega mesta prepre\u010dila ogled teh strani. hobex AG izrecno izjavlja, da v \u010dasu ustvarjanja povezav na povezanih straneh ni bilo mogo\u010de zaznati nezakonite vsebine. hobex AG nima vpliva na sedanjo in prihodnjo zasnovo, vsebino ali avtorstvo povezanih strani. Zato se dru\u017eba hobex AG izrecno distancira od vsebine vseh povezanih strani, ki so bile spremenjene po vzpostavitvi povezave. Ta izjava velja za vse povezave v lastni spletni ponudbi in vse reference ter za zunanje vnose, kot so knjige gostov in po\u0161tni seznami. Samo ponudnik povezane strani je odgovoren za nezakonito, nepravilno ali nepopolno vsebino in zlasti za \u0161kodo, ki nastane zaradi uporabe ali neuporabe predstavljenih informacij.<\/p>\n<p><strong>2.3. Avtorsko pravo in pravo blagovnih znamk<\/strong><br \/>hobex AG si prizadeva spo\u0161tovati avtorske pravice za vsa besedila, fotografije, grafike, zvo\u010dne in video dokumente v vseh publikacijah, uporabljati fotografije, grafike, zvo\u010dne dokumente, video sekvence in besedila, ki jih je ustvaril sam, ali uporabljati fotografije, grafike, zvo\u010dne dokumente, video sekvence in besedila brez licence. Za vse blagovne znamke in blagovne znamke, navedene na spletnem mestu in po potrebi za\u0161\u010ditene s strani tretjih oseb, brez omejitev veljajo dolo\u010dbe veljavnega zakona o blagovnih znamkah in lastninske pravice zadevnih registriranih lastnikov. Zgolj omemba blagovne znamke \u0161e ne pomeni, da ni za\u0161\u010ditena s pravicami tretjih oseb. Avtorske pravice za vse gradivo, ki ga ustvari dru\u017eba hobex AG, so pridr\u017eane. Uporaba vseh logotipov, fotografij, grafik, zvo\u010dnih dokumentov, video sekvenc in besedil v drugih elektronskih ali tiskanih publikacijah brez izrecnega soglasja dru\u017ebe hobex AG ni dovoljena.<\/p>\n<p>Slika na strani povezave za pla\u010dilo: Shutterstock.com\/Billion Photos \/ Stran lokacij: istockphoto.com\/Malchev<br \/>Slika blagajni\u0161ki vmesniki: istockphoto.com\/Ivan Bajic<br \/>Slika \u0161tevilke in dejstva: istockphoto.com\/Kerkez<br \/><span>Slika naslovne vrstice: istockphoto.com\/Rachastock<\/span><br \/><span>Slika naslovnega primera: istockphoto.com\/KonArt<br \/><\/span>Retu\u0161irana slika LINK: istockphoto.com\/SAC<\/p>\n<p>[\/et_pb_text][\/et_pb_column][\/et_pb_row][et_pb_row column_structure=&#8221;1_2,1_2&#8243; _builder_version=&#8221;4.23.4&#8243; _module_preset=&#8221;default&#8221; border_width_top=&#8221;1px&#8221; border_width_bottom=&#8221;1px&#8221; global_colors_info=&#8221;{}&#8221;][et_pb_column type=&#8221;1_2&#8243; _builder_version=&#8221;4.23.1&#8243; _module_preset=&#8221;default&#8221; global_colors_info=&#8221;{}&#8221;][et_pb_text _builder_version=&#8221;4.23.4&#8243; _module_preset=&#8221;default&#8221; header_font=&#8221;|700|||||||&#8221; header_2_font_size_tablet=&#8221;&#8221; header_2_font_size_phone=&#8221;30px&#8221; header_2_font_size_last_edited=&#8221;on|phone&#8221; global_colors_info=&#8221;{}&#8221;]<\/p>\n<h2>Dizajn in programiranje<\/h2>\n<p>[\/et_pb_text][\/et_pb_column][et_pb_column type=&#8221;1_2&#8243; _builder_version=&#8221;4.23.1&#8243; _module_preset=&#8221;default&#8221; global_colors_info=&#8221;{}&#8221;][et_pb_text _builder_version=&#8221;4.23.4&#8243; _module_preset=&#8221;default&#8221; global_colors_info=&#8221;{}&#8221;]<\/p>\n<p>tilleye Werbeagentur Gmbh<br \/>Praterstra\u00dfe 26\/21, 1020 Wien<br \/><span style=\"text-decoration: underline;\"><a href=\"https:\/\/www.tilleye.at\/\" target=\"_blank\" rel=\"noopener\">tilleye.at<\/a><\/span><\/p>\n<p>[\/et_pb_text][\/et_pb_column][\/et_pb_row][et_pb_row column_structure=&#8221;1_2,1_2&#8243; _builder_version=&#8221;4.23.4&#8243; _module_preset=&#8221;default&#8221; border_width_bottom=&#8221;1px&#8221; global_colors_info=&#8221;{}&#8221;][et_pb_column type=&#8221;1_2&#8243; _builder_version=&#8221;4.23.1&#8243; _module_preset=&#8221;default&#8221; global_colors_info=&#8221;{}&#8221;][et_pb_text _builder_version=&#8221;4.23.4&#8243; _module_preset=&#8221;default&#8221; header_font=&#8221;|700|||||||&#8221; header_2_font_size_tablet=&#8221;&#8221; header_2_font_size_phone=&#8221;30px&#8221; header_2_font_size_last_edited=&#8221;on|phone&#8221; global_colors_info=&#8221;{}&#8221;]<\/p>\n<h2>Obvestilo o spolu<\/h2>\n<p>[\/et_pb_text][\/et_pb_column][et_pb_column type=&#8221;1_2&#8243; _builder_version=&#8221;4.23.1&#8243; _module_preset=&#8221;default&#8221; global_colors_info=&#8221;{}&#8221;][et_pb_text _builder_version=&#8221;4.23.4&#8243; _module_preset=&#8221;default&#8221; global_colors_info=&#8221;{}&#8221;]<\/p>\n<p><span>Vse izjave na na\u0161em spletnem mestu so zaradi poenostavitve nevtralne glede na spol, ne glede na enostransko jezikovno razli\u010dico.<\/span><\/p>\n<p>[\/et_pb_text][\/et_pb_column][\/et_pb_row][\/et_pb_section]<\/p>\n","protected":false},"excerpt":{"rendered":"<p>KolofonPodatki podjetjahobex AGJosef-Brandst\u00e4tter-Stra\u00dfe 2b5020 Salzburg T +43 662 2255-0F +43 662 2255-68M office@hobex.at Registrska \u0161tevilka podjetja: FN 37265 bRegistrsko sodi\u0161\u010de: De\u017eelno sodi\u0161\u010de SalzburgID za DDV: ATU35185508Register za obdelavo podatkov: 0660868 Koncesionirana pla\u010dilna institucija v skladu z 1. \u010dl. Zakona o pla\u010dilnih storitvah\u0160tevilka identa: 1637630\u0160ifra institucije: 94602 ZI Pristojni nadzorni organNadzor finan\u010dnega trga (podro\u010dje ban\u010dnega poslovanja)Otto-Wagner-Platz [&hellip;]<\/p>\n","protected":false},"author":3,"featured_media":0,"parent":0,"menu_order":0,"comment_status":"closed","ping_status":"closed","template":"","meta":{"_et_pb_use_builder":"on","_et_pb_old_content":"","_et_gb_content_width":"","footnotes":""},"dipi_cpt_category":[],"class_list":["post-22993913","page","type-page","status-publish","hentry"],"yoast_head":"<!-- This site is optimized with the Yoast SEO Premium plugin v27.2 (Yoast SEO v27.2) - https:\/\/yoast.com\/product\/yoast-seo-premium-wordpress\/ -->\n<title>Kolofon - hobex Payment Systems<\/title>\n<meta name=\"robots\" content=\"noindex, nofollow\" \/>\n<meta property=\"og:locale\" content=\"sl_SI\" \/>\n<meta property=\"og:type\" content=\"article\" \/>\n<meta property=\"og:title\" content=\"Kolofon\" \/>\n<meta property=\"og:description\" content=\"KolofonPodatki podjetjahobex AGJosef-Brandst\u00e4tter-Stra\u00dfe 2b5020 Salzburg T +43 662 2255-0F +43 662 2255-68M office@hobex.at Registrska \u0161tevilka podjetja: FN 37265 bRegistrsko sodi\u0161\u010de: De\u017eelno sodi\u0161\u010de SalzburgID za DDV: ATU35185508Register za obdelavo podatkov: 0660868 Koncesionirana pla\u010dilna institucija v skladu z 1. \u010dl. Zakona o pla\u010dilnih storitvah\u0160tevilka identa: 1637630\u0160ifra institucije: 94602 ZI Pristojni nadzorni organNadzor finan\u010dnega trga (podro\u010dje ban\u010dnega poslovanja)Otto-Wagner-Platz [&hellip;]\" \/>\n<meta property=\"og:url\" content=\"https:\/\/www.hobex.at\/sl\/kolofon\/\" \/>\n<meta property=\"og:site_name\" content=\"hobex Payment Systems\" \/>\n<meta property=\"article:modified_time\" content=\"2024-10-03T11:47:29+00:00\" \/>\n<meta name=\"twitter:card\" content=\"summary_large_image\" \/>\n<meta name=\"twitter:label1\" content=\"Est. reading time\" \/>\n\t<meta name=\"twitter:data1\" content=\"5 minut\" \/>\n<script type=\"application\/ld+json\" class=\"yoast-schema-graph\">{\"@context\":\"https:\/\/schema.org\",\"@graph\":[{\"@type\":\"WebPage\",\"@id\":\"https:\/\/www.hobex.at\/sl\/kolofon\/\",\"url\":\"https:\/\/www.hobex.at\/sl\/kolofon\/\",\"name\":\"Kolofon - hobex Payment Systems\",\"isPartOf\":{\"@id\":\"https:\/\/www.hobex.at\/sl\/#website\"},\"datePublished\":\"2023-12-01T17:49:06+00:00\",\"dateModified\":\"2024-10-03T11:47:29+00:00\",\"breadcrumb\":{\"@id\":\"https:\/\/www.hobex.at\/sl\/kolofon\/#breadcrumb\"},\"inLanguage\":\"sl-SI\",\"potentialAction\":[{\"@type\":\"ReadAction\",\"target\":[\"https:\/\/www.hobex.at\/sl\/kolofon\/\"]}]},{\"@type\":\"BreadcrumbList\",\"@id\":\"https:\/\/www.hobex.at\/sl\/kolofon\/#breadcrumb\",\"itemListElement\":[{\"@type\":\"ListItem\",\"position\":1,\"name\":\"Startseite\",\"item\":\"https:\/\/www.hobex.at\/sl\/\"},{\"@type\":\"ListItem\",\"position\":2,\"name\":\"Kolofon\"}]},{\"@type\":\"WebSite\",\"@id\":\"https:\/\/www.hobex.at\/sl\/#website\",\"url\":\"https:\/\/www.hobex.at\/sl\/\",\"name\":\"hobex Payment Systems\",\"description\":\"We are payment.\",\"publisher\":{\"@id\":\"https:\/\/www.hobex.at\/sl\/#organization\"},\"alternateName\":\"hobex\",\"potentialAction\":[{\"@type\":\"SearchAction\",\"target\":{\"@type\":\"EntryPoint\",\"urlTemplate\":\"https:\/\/www.hobex.at\/sl\/?s={search_term_string}\"},\"query-input\":{\"@type\":\"PropertyValueSpecification\",\"valueRequired\":true,\"valueName\":\"search_term_string\"}}],\"inLanguage\":\"sl-SI\"},{\"@type\":\"Organization\",\"@id\":\"https:\/\/www.hobex.at\/sl\/#organization\",\"name\":\"hobex Payment Systems\",\"alternateName\":\"hobex\",\"url\":\"https:\/\/www.hobex.at\/sl\/\",\"logo\":{\"@type\":\"ImageObject\",\"inLanguage\":\"sl-SI\",\"@id\":\"https:\/\/www.hobex.at\/sl\/#\/schema\/logo\/image\/\",\"url\":\"https:\/\/www.hobex.at\/wp-content\/uploads\/2023\/10\/Hobex-Logo-Main_Vector.png\",\"contentUrl\":\"https:\/\/www.hobex.at\/wp-content\/uploads\/2023\/10\/Hobex-Logo-Main_Vector.png\",\"width\":397,\"height\":154,\"caption\":\"hobex Payment Systems\"},\"image\":{\"@id\":\"https:\/\/www.hobex.at\/sl\/#\/schema\/logo\/image\/\"},\"sameAs\":[\"https:\/\/www.linkedin.com\/company\/hobex-ag-paymentsystems\/\"],\"description\":\"hobex bietet perfekte Bezahll\u00f6sungen f\u00fcr jede Branche mit einer breiten Palette an Bezahlterminals, um Kartenzahlungen und NFC Zahlungen sicher und schnell zu akzeptieren. Station\u00e4re Terminals sind ideal f\u00fcr den Einzelhandel und die Hotellerie, da sie sichere und zuverl\u00e4ssige Transaktionen am Point of Sale erm\u00f6glichen. F\u00fcr Gastronomie, Dienstleister und Au\u00dfendienstmitarbeiter stellen mobile Terminals eine flexible L\u00f6sung dar, da Zahlungen direkt vor Ort abgewickelt werden k\u00f6nnen. Zus\u00e4tzlich lassen sich die Bezahlterminals nahtlos in bestehende Systeme wie eCommerce-Plattformen oder Kassensysteme integrieren, was den administrativen Aufwand reduziert und die Effizienz im Betrieb steigert.\",\"email\":\"office@hobex.at\",\"telephone\":\"+43 662 2255-0\",\"legalName\":\"hobex AG\",\"foundingDate\":\"1999-07-29\",\"vatID\":\"ATU35185508\",\"numberOfEmployees\":{\"@type\":\"QuantitativeValue\",\"minValue\":\"51\",\"maxValue\":\"200\"}}]}<\/script>\n<!-- \/ Yoast SEO Premium plugin. -->","yoast_head_json":{"title":"Kolofon - hobex Payment Systems","robots":{"index":"noindex","follow":"nofollow"},"og_locale":"sl_SI","og_type":"article","og_title":"Kolofon","og_description":"KolofonPodatki podjetjahobex AGJosef-Brandst\u00e4tter-Stra\u00dfe 2b5020 Salzburg T +43 662 2255-0F +43 662 2255-68M office@hobex.at Registrska \u0161tevilka podjetja: FN 37265 bRegistrsko sodi\u0161\u010de: De\u017eelno sodi\u0161\u010de SalzburgID za DDV: ATU35185508Register za obdelavo podatkov: 0660868 Koncesionirana pla\u010dilna institucija v skladu z 1. \u010dl. Zakona o pla\u010dilnih storitvah\u0160tevilka identa: 1637630\u0160ifra institucije: 94602 ZI Pristojni nadzorni organNadzor finan\u010dnega trga (podro\u010dje ban\u010dnega poslovanja)Otto-Wagner-Platz [&hellip;]","og_url":"https:\/\/www.hobex.at\/sl\/kolofon\/","og_site_name":"hobex Payment Systems","article_modified_time":"2024-10-03T11:47:29+00:00","twitter_card":"summary_large_image","twitter_misc":{"Est. reading time":"5 minut"},"schema":{"@context":"https:\/\/schema.org","@graph":[{"@type":"WebPage","@id":"https:\/\/www.hobex.at\/sl\/kolofon\/","url":"https:\/\/www.hobex.at\/sl\/kolofon\/","name":"Kolofon - hobex Payment Systems","isPartOf":{"@id":"https:\/\/www.hobex.at\/sl\/#website"},"datePublished":"2023-12-01T17:49:06+00:00","dateModified":"2024-10-03T11:47:29+00:00","breadcrumb":{"@id":"https:\/\/www.hobex.at\/sl\/kolofon\/#breadcrumb"},"inLanguage":"sl-SI","potentialAction":[{"@type":"ReadAction","target":["https:\/\/www.hobex.at\/sl\/kolofon\/"]}]},{"@type":"BreadcrumbList","@id":"https:\/\/www.hobex.at\/sl\/kolofon\/#breadcrumb","itemListElement":[{"@type":"ListItem","position":1,"name":"Startseite","item":"https:\/\/www.hobex.at\/sl\/"},{"@type":"ListItem","position":2,"name":"Kolofon"}]},{"@type":"WebSite","@id":"https:\/\/www.hobex.at\/sl\/#website","url":"https:\/\/www.hobex.at\/sl\/","name":"hobex Payment Systems","description":"We are payment.","publisher":{"@id":"https:\/\/www.hobex.at\/sl\/#organization"},"alternateName":"hobex","potentialAction":[{"@type":"SearchAction","target":{"@type":"EntryPoint","urlTemplate":"https:\/\/www.hobex.at\/sl\/?s={search_term_string}"},"query-input":{"@type":"PropertyValueSpecification","valueRequired":true,"valueName":"search_term_string"}}],"inLanguage":"sl-SI"},{"@type":"Organization","@id":"https:\/\/www.hobex.at\/sl\/#organization","name":"hobex Payment Systems","alternateName":"hobex","url":"https:\/\/www.hobex.at\/sl\/","logo":{"@type":"ImageObject","inLanguage":"sl-SI","@id":"https:\/\/www.hobex.at\/sl\/#\/schema\/logo\/image\/","url":"https:\/\/www.hobex.at\/wp-content\/uploads\/2023\/10\/Hobex-Logo-Main_Vector.png","contentUrl":"https:\/\/www.hobex.at\/wp-content\/uploads\/2023\/10\/Hobex-Logo-Main_Vector.png","width":397,"height":154,"caption":"hobex Payment Systems"},"image":{"@id":"https:\/\/www.hobex.at\/sl\/#\/schema\/logo\/image\/"},"sameAs":["https:\/\/www.linkedin.com\/company\/hobex-ag-paymentsystems\/"],"description":"hobex bietet perfekte Bezahll\u00f6sungen f\u00fcr jede Branche mit einer breiten Palette an Bezahlterminals, um Kartenzahlungen und NFC Zahlungen sicher und schnell zu akzeptieren. Station\u00e4re Terminals sind ideal f\u00fcr den Einzelhandel und die Hotellerie, da sie sichere und zuverl\u00e4ssige Transaktionen am Point of Sale erm\u00f6glichen. F\u00fcr Gastronomie, Dienstleister und Au\u00dfendienstmitarbeiter stellen mobile Terminals eine flexible L\u00f6sung dar, da Zahlungen direkt vor Ort abgewickelt werden k\u00f6nnen. Zus\u00e4tzlich lassen sich die Bezahlterminals nahtlos in bestehende Systeme wie eCommerce-Plattformen oder Kassensysteme integrieren, was den administrativen Aufwand reduziert und die Effizienz im Betrieb steigert.","email":"office@hobex.at","telephone":"+43 662 2255-0","legalName":"hobex AG","foundingDate":"1999-07-29","vatID":"ATU35185508","numberOfEmployees":{"@type":"QuantitativeValue","minValue":"51","maxValue":"200"}}]}},"_links":{"self":[{"href":"https:\/\/www.hobex.at\/sl\/wp-json\/wp\/v2\/pages\/22993913","targetHints":{"allow":["GET"]}}],"collection":[{"href":"https:\/\/www.hobex.at\/sl\/wp-json\/wp\/v2\/pages"}],"about":[{"href":"https:\/\/www.hobex.at\/sl\/wp-json\/wp\/v2\/types\/page"}],"author":[{"embeddable":true,"href":"https:\/\/www.hobex.at\/sl\/wp-json\/wp\/v2\/users\/3"}],"replies":[{"embeddable":true,"href":"https:\/\/www.hobex.at\/sl\/wp-json\/wp\/v2\/comments?post=22993913"}],"version-history":[{"count":0,"href":"https:\/\/www.hobex.at\/sl\/wp-json\/wp\/v2\/pages\/22993913\/revisions"}],"wp:attachment":[{"href":"https:\/\/www.hobex.at\/sl\/wp-json\/wp\/v2\/media?parent=22993913"}],"wp:term":[{"taxonomy":"dipi_cpt_category","embeddable":true,"href":"https:\/\/www.hobex.at\/sl\/wp-json\/wp\/v2\/dipi_cpt_category?post=22993913"}],"curies":[{"name":"wp","href":"https:\/\/api.w.org\/{rel}","templated":true}]}}