{"id":22993904,"date":"2024-01-15T14:22:28","date_gmt":"2024-01-15T13:22:28","guid":{"rendered":"https:\/\/www.hobex.at\/prenosi\/"},"modified":"2025-04-23T09:19:33","modified_gmt":"2025-04-23T07:19:33","slug":"prenosi","status":"publish","type":"page","link":"https:\/\/www.hobex.at\/sl\/prenosi\/","title":{"rendered":"Prenosi"},"content":{"rendered":"<p>[et_pb_section fb_built=&#8221;1&#8243; _builder_version=&#8221;4.23&#8243; _module_preset=&#8221;default&#8221; locked=&#8221;off&#8221; global_colors_info=&#8221;{}&#8221;][et_pb_row _builder_version=&#8221;4.23.1&#8243; _module_preset=&#8221;default&#8221; global_colors_info=&#8221;{}&#8221;][et_pb_column type=&#8221;4_4&#8243; _builder_version=&#8221;4.23.1&#8243; _module_preset=&#8221;default&#8221; global_colors_info=&#8221;{}&#8221;][et_pb_text _builder_version=&#8221;4.23.1&#8243; _module_preset=&#8221;default&#8221; header_font=&#8221;||||||||&#8221; text_orientation=&#8221;center&#8221; width=&#8221;60%&#8221; width_tablet=&#8221;100%&#8221; width_phone=&#8221;100%&#8221; width_last_edited=&#8221;on|phone&#8221; module_alignment=&#8221;center&#8221; global_colors_info=&#8221;{}&#8221;]<\/p>\n<h1><span>Prenosi<\/span><\/h1>\n<p><span>\u010ce potrebujete dodatne informacije, navodila, obrazce itd. ali \u010de imate te\u017eave z eno od na\u0161ih enot, boste pod naslednjimi to\u010dkami na\u0161li skoraj vse odgovore na svoja vpra\u0161anja!<\/span><\/p>\n<p>[\/et_pb_text][\/et_pb_column][\/et_pb_row][\/et_pb_section][et_pb_section fb_built=&#8221;1&#8243; _builder_version=&#8221;4.23.1&#8243; _module_preset=&#8221;default&#8221; custom_padding=&#8221;0px||2px|||&#8221; global_colors_info=&#8221;{}&#8221;][et_pb_row column_structure=&#8221;1_3,1_3,1_3&#8243; use_custom_gutter=&#8221;on&#8221; gutter_width=&#8221;2&#8243; disabled_on=&#8221;off|off|off&#8221; _builder_version=&#8221;4.23.4&#8243; _module_preset=&#8221;default&#8221; global_colors_info=&#8221;{}&#8221;][et_pb_column type=&#8221;1_3&#8243; _builder_version=&#8221;4.23.1&#8243; _module_preset=&#8221;default&#8221; global_colors_info=&#8221;{}&#8221;][et_pb_text _builder_version=&#8221;4.23.4&#8243; _module_preset=&#8221;default&#8221; global_colors_info=&#8221;{}&#8221;]<\/p>\n<h3>Pomo\u010d<\/h3>\n<p>[\/et_pb_text][et_pb_accordion open_toggle_background_color=&#8221;#FFFFFF&#8221; closed_toggle_text_color=&#8221;#000000&#8243; closed_toggle_background_color=&#8221;#FFFFFF&#8221; toggle_icon=&#8221;&#x33;||divi||400&#8243; icon_color=&#8221;#000000&#8243; use_icon_font_size=&#8221;on&#8221; icon_font_size=&#8221;30px&#8221; module_class=&#8221;footer_accordion&#8221; _builder_version=&#8221;4.27.4&#8243; _module_preset=&#8221;default&#8221; toggle_text_color=&#8221;#000000&#8243; toggle_level=&#8221;h3&#8243; body_font=&#8221;||||||||&#8221; body_line_height=&#8221;1.8em&#8221; background_color=&#8221;#FFFFFF&#8221; hover_enabled=&#8221;0&#8243; border_width_all=&#8221;0px&#8221; border_width_top=&#8221;1px&#8221; border_color_top=&#8221;#000000&#8243; global_colors_info=&#8221;{}&#8221; sticky_enabled=&#8221;0&#8243;][et_pb_accordion_item title=&#8221;Navodila&#8221; open=&#8221;on&#8221; _builder_version=&#8221;4.27.4&#8243; _module_preset=&#8221;default&#8221; hover_enabled=&#8221;0&#8243; custom_css_main_element=&#8221;margin-bottom: 0 !important;||&#8221; global_colors_info=&#8221;{}&#8221; toggle_level=&#8221;h3&#8243; custom_css_toggle_title_last_edited=&#8221;on|tablet&#8221; custom_css_toggle_title_phone=&#8221;margin-left: -5%;||&#8221; custom_css_toggle_title_tablet=&#8221;margin-left: -3%;||&#8221; custom_css_toggle_content_last_edited=&#8221;on|phone&#8221; custom_css_toggle_content_phone=&#8221;margin-left: -5%;||&#8221; custom_css_toggle_content_tablet=&#8221;margin-left: -3%;||&#8221; sticky_enabled=&#8221;0&#8243;]<\/p>\n<div class=\"downloadData\">\n<div class=\"downloadData\">\n<p><span class=\"ce-uploads-fileName\"><a href=\"\/wp-content\/uploads\/2024\/02\/Move_Desk_Bedienungsanleitung_v1_SLO.pdf\" target=\"_blank\" title=\"Navodilo za uporabo - Terminal Move&amp;Desk\" rel=\"noopener\">Navodilo za uporabo &#8211; Terminal Move &amp; Desk<\/a><\/span><a href=\"\/wp-content\/uploads\/2024\/02\/Telium_Bedienungsanleitung_v6_slo_web.pdf\" target=\"_blank\" rel=\"noopener\" title=\"Navodilo za uporabo - Terminal Telium (IWL, ICT)\"><span class=\"ce-uploads-fileName\"><\/span><\/a><br \/><a href=\"\/wp-content\/uploads\/2024\/02\/web_res_sl_hobex_partnernet_user_manual.pdf\" target=\"_blank\" rel=\"noopener\" title=\"Navodilo za uporabo - PartnerNet\"><span class=\"ce-uploads-fileName\">Navodilo za uporabo &#8211; PartnerNet<\/span><\/a><br \/><a href=\"https:\/\/www.hobex.at\/wp-content\/uploads\/2025\/03\/Anleitung-Paymentlink_SLO_032025.pdf\" target=\"_blank\" rel=\"noopener\" title=\"Navodilo za uporabo - Paymentlink\"><span class=\"ce-uploads-fileName\">Navodilo za uporabo &#8211; Paymentlink<\/span><\/a><br \/><a href=\"\/wp-content\/uploads\/2024\/02\/Anleitung_MOTO_SLO.pdf\" target=\"_blank\" rel=\"noopener\" title=\"Transakcije prodaje na daljavo (MO\/TO)\"><span class=\"ce-uploads-fileName\">Transakcije prodaje na daljavo (MO\/TO)<\/span><\/a><\/p>\n<div class=\"downloadData\">\n<div class=\"downloadData\"><a href=\"\/wp-content\/uploads\/2024\/02\/Move_Desk_Bedienungsanleitung_v1_SLO.pdf\" target=\"_blank\" title=\"Navodilo za uporabo - Terminal Move&amp;Desk\" rel=\"noopener\"><span class=\"ce-uploads-fileName\"><\/span><\/a><\/div>\n<\/div>\n<\/div>\n<\/div>\n<p>[\/et_pb_accordion_item][et_pb_accordion_item title=&#8221;Deklaracija ni bila uspe\u0161na na TX&#8221; _builder_version=&#8221;4.24.3&#8243; _module_preset=&#8221;default&#8221; custom_css_main_element=&#8221;margin-bottom: 0 !important;||&#8221; global_colors_info=&#8221;{}&#8221; toggle_level=&#8221;h3&#8243; custom_css_toggle_title_last_edited=&#8221;on|tablet&#8221; custom_css_toggle_title_phone=&#8221;margin-left: -5%;||&#8221; custom_css_toggle_title_tablet=&#8221;margin-left: -3%;||&#8221; custom_css_toggle_content_last_edited=&#8221;on|phone&#8221; custom_css_toggle_content_phone=&#8221;margin-left: -5%;||&#8221; custom_css_toggle_content_tablet=&#8221;margin-left: -3%;||&#8221; open=&#8221;off&#8221;]<\/p>\n<div class=\"downloadData\"><a href=\"\/wp-content\/uploads\/2024\/02\/TX_fehlgeschlagen_slowenisch_2019.pdf\" target=\"_blank\" rel=\"noopener\" title=\"Izjava TX neuspel\"><span class=\"ce-uploads-fileName\">Izjava TX neuspel<\/span><\/a><\/div>\n<p>[\/et_pb_accordion_item][et_pb_accordion_item title=&#8221;Informacijski listi&#8221; _builder_version=&#8221;4.27.4&#8243; _module_preset=&#8221;default&#8221; body_ul_line_height=&#8221;1.4em&#8221; custom_css_main_element=&#8221;margin-bottom: 0 !important;||&#8221; border_width_bottom=&#8221;1px&#8221; border_color_bottom=&#8221;#000000&#8243; global_colors_info=&#8221;{}&#8221; toggle_level=&#8221;h3&#8243; custom_css_toggle_title_last_edited=&#8221;on|tablet&#8221; custom_css_toggle_title_phone=&#8221;margin-left: -5%;||&#8221; custom_css_toggle_title_tablet=&#8221;margin-left: -3%;||&#8221; custom_css_toggle_content_last_edited=&#8221;on|phone&#8221; custom_css_toggle_content_phone=&#8221;margin-left: -5%;||&#8221; custom_css_toggle_content_tablet=&#8221;margin-left: -3%;||&#8221; open=&#8221;off&#8221;]<\/p>\n<div class=\"downloadData\"><span class=\"ce-uploads-fileName\"><a href=\"\/wp-content\/uploads\/2024\/02\/kartenzahlungsrichtlinien_0319_SLO.pdf\" target=\"_blank\" rel=\"noopener\" title=\"Odvijanje karti\u010dnega pla\u010devanja smernice\/navodila za uporabo\">Odvijanje karti\u010dnega pla\u010devanja smernice\/navodila za uporabo<\/a><\/span><\/div>\n<div class=\"downloadData\"><a href=\"https:\/\/www.hobex.at\/wp-content\/uploads\/2025\/03\/Kundeninformation_Verbot_Zusatzgebuehren_0325_SLO.pdf\" target=\"_blank\" rel=\"noopener\" title=\"Prepoved dodatnih stro\u0161kov\"><span class=\"ce-uploads-fileName\">Prepoved dodatnih stro\u0161kov<\/span><\/a><\/div>\n<div class=\"downloadData\"><a href=\"\/wp-content\/uploads\/2024\/02\/slo_info_thermopapier.pdf\" target=\"_blank\" rel=\"noopener\" title=\"Termo papir, informacije za skladi\u0161\u010denje in obstojnost\"><span class=\"ce-uploads-fileName\">Termo papir, informacije za skladi\u0161\u010denje in obstojnost<\/span><\/a><\/div>\n<p>[\/et_pb_accordion_item][\/et_pb_accordion][\/et_pb_column][et_pb_column type=&#8221;1_3&#8243; _builder_version=&#8221;4.23.1&#8243; _module_preset=&#8221;default&#8221; global_colors_info=&#8221;{}&#8221;][et_pb_text _builder_version=&#8221;4.23.4&#8243; _module_preset=&#8221;default&#8221; global_colors_info=&#8221;{}&#8221;]<\/p>\n<h3>Obrazci<\/h3>\n<p>[\/et_pb_text][et_pb_accordion open_toggle_background_color=&#8221;#FFFFFF&#8221; closed_toggle_text_color=&#8221;#000000&#8243; closed_toggle_background_color=&#8221;#FFFFFF&#8221; toggle_icon=&#8221;&#x33;||divi||400&#8243; icon_color=&#8221;#000000&#8243; use_icon_font_size=&#8221;on&#8221; icon_font_size=&#8221;30px&#8221; module_class=&#8221;footer_accordion&#8221; _builder_version=&#8221;4.24.3&#8243; _module_preset=&#8221;default&#8221; toggle_text_color=&#8221;#000000&#8243; toggle_level=&#8221;h3&#8243; body_font=&#8221;||||||||&#8221; body_line_height=&#8221;1.8em&#8221; background_color=&#8221;#FFFFFF&#8221; custom_padding=&#8221;||||false|false&#8221; border_width_all=&#8221;0px&#8221; border_width_top=&#8221;1px&#8221; border_color_top=&#8221;#000000&#8243; global_colors_info=&#8221;{}&#8221;][et_pb_accordion_item title=&#8221;Predhodne odobritve&#8221; open=&#8221;on&#8221; _builder_version=&#8221;4.24.3&#8243; _module_preset=&#8221;default&#8221; custom_css_main_element=&#8221;margin-bottom: 0 !important;||&#8221; global_colors_info=&#8221;{}&#8221; toggle_level=&#8221;h3&#8243; custom_css_toggle_title_last_edited=&#8221;on|tablet&#8221; custom_css_toggle_title_phone=&#8221;margin-left: -5%;||&#8221; custom_css_toggle_title_tablet=&#8221;margin-left: -3%;||&#8221; custom_css_toggle_content_last_edited=&#8221;on|phone&#8221; custom_css_toggle_content_phone=&#8221;margin-left: -5%;||&#8221; custom_css_toggle_content_tablet=&#8221;margin-left: -3%;||&#8221;]<\/p>\n<div class=\"downloadData\"><a href=\"\/wp-content\/uploads\/2024\/02\/Vorautorisierung_slowenisch_2019.pdf\" target=\"_blank\" rel=\"noopener\" title=\"Predavtorizacija\"><span class=\"ce-uploads-fileName\">Predavtorizacija<\/span><\/a><\/div>\n<p>[\/et_pb_accordion_item][et_pb_accordion_item title=&#8221;Potrdila o zamenjavi&#8221; _builder_version=&#8221;4.24.3&#8243; _module_preset=&#8221;default&#8221; custom_css_main_element=&#8221;margin-bottom: 0 !important;||&#8221; global_colors_info=&#8221;{}&#8221; toggle_level=&#8221;h3&#8243; custom_css_toggle_title_last_edited=&#8221;on|tablet&#8221; custom_css_toggle_title_phone=&#8221;margin-left: -5%;||&#8221; custom_css_toggle_title_tablet=&#8221;margin-left: -3%;||&#8221; custom_css_toggle_content_last_edited=&#8221;on|phone&#8221; custom_css_toggle_content_phone=&#8221;margin-left: -5%;||&#8221; custom_css_toggle_content_tablet=&#8221;margin-left: -3%;||&#8221; open=&#8221;off&#8221;]<\/p>\n<div class=\"downloadData\"><a href=\"https:\/\/www.hobex.at\/wp-content\/uploads\/2024\/07\/037_Formular_Ersatzbeleg-Kreditkarte_SLO_072024.pdf\" target=\"_blank\" rel=\"noopener\" title=\"Nadomestna dokazila - kreditna kartica\"><span class=\"ce-uploads-fileName\">Nadomestna dokazila &#8211; kreditna kartica<\/span><\/a><\/div>\n<p>[\/et_pb_accordion_item][\/et_pb_accordion][\/et_pb_column][et_pb_column type=&#8221;1_3&#8243; _builder_version=&#8221;4.23.1&#8243; _module_preset=&#8221;default&#8221; global_colors_info=&#8221;{}&#8221;][et_pb_text _builder_version=&#8221;4.23.4&#8243; _module_preset=&#8221;default&#8221; global_colors_info=&#8221;{}&#8221;]<\/p>\n<h3>Razno<\/h3>\n<p>[\/et_pb_text][et_pb_accordion open_toggle_background_color=&#8221;#FFFFFF&#8221; closed_toggle_text_color=&#8221;#000000&#8243; closed_toggle_background_color=&#8221;#FFFFFF&#8221; toggle_icon=&#8221;&#x33;||divi||400&#8243; icon_color=&#8221;#000000&#8243; use_icon_font_size=&#8221;on&#8221; icon_font_size=&#8221;30px&#8221; module_class=&#8221;footer_accordion&#8221; _builder_version=&#8221;4.24.3&#8243; _module_preset=&#8221;default&#8221; toggle_text_color=&#8221;#000000&#8243; toggle_level=&#8221;h3&#8243; body_font=&#8221;||||||||&#8221; body_line_height=&#8221;1.8em&#8221; background_color=&#8221;#FFFFFF&#8221; custom_padding=&#8221;||||false|false&#8221; border_width_all=&#8221;0px&#8221; border_width_top=&#8221;1px&#8221; border_color_top=&#8221;#000000&#8243; global_colors_info=&#8221;{}&#8221;][et_pb_accordion_item title=&#8221;Slike&#8221; open=&#8221;on&#8221; _builder_version=&#8221;4.24.3&#8243; _module_preset=&#8221;default&#8221; custom_css_main_element=&#8221;margin-bottom: 0 !important;||&#8221; global_colors_info=&#8221;{}&#8221; toggle_level=&#8221;h3&#8243; custom_css_toggle_title_last_edited=&#8221;on|tablet&#8221; custom_css_toggle_title_phone=&#8221;margin-left: -5%;||&#8221; custom_css_toggle_title_tablet=&#8221;margin-left: -3%;||&#8221; custom_css_toggle_content_last_edited=&#8221;on|phone&#8221; custom_css_toggle_content_phone=&#8221;margin-left: -5%;||&#8221; custom_css_toggle_content_tablet=&#8221;margin-left: -3%;||&#8221;]<\/p>\n<div class=\"col-12 col-md-10\">\n<div class=\"row\">\n<div class=\"thirdColumn col-12 col-md-4\">\n<div id=\"c179\" class=\"default-content ad65core_accordion layout-0\">\n<div class=\"accordionContainer\" id=\"accordionContainer179\" data-uid=\"179\">\n<div class=\"accordion md-accordion\" id=\"sonstiges\" role=\"tablist\" aria-multiselectable=\"true\">\n<div id=\"c182\" class=\"default-content ad65core_accordionitem layout-0\">\n<div class=\"accordionItemContainer card\">\n<div id=\"accordionItem182\" class=\"accordionItemContent collapse show\" role=\"tabpanel\" aria-labelledby=\"accordionItemHeader182\" data-parent=\"#sonstiges\">\n<div class=\"card-body\">\n<div id=\"c366\" class=\"default-content uploads layout-0\">\n<div class=\"downloadData\"><a href=\"\/wp-content\/uploads\/2024\/02\/Bilder_vom_Vorstand.zip\" target=\"_blank\" title=\"Slike table\" rel=\"noopener\">Slike table<\/a><\/div>\n<div class=\"downloadData\"><a href=\"https:\/\/www.hobex.at\/sl\/stik\/\" target=\"_blank\" rel=\"noopener\" title=\"Slike izdelkov na zahtevo\">Slike izdelkov na zahtevo<\/a><\/div>\n<\/div>\n<\/div>\n<\/div>\n<\/div>\n<\/div>\n<\/div>\n<\/div>\n<\/div>\n<\/div>\n<\/div>\n<\/div>\n<p>[\/et_pb_accordion_item][et_pb_accordion_item title=&#8221;Logotipi&#8221; _builder_version=&#8221;4.24.3&#8243; _module_preset=&#8221;default&#8221; custom_css_main_element=&#8221;margin-bottom: 0 !important;||&#8221; border_width_bottom=&#8221;1px&#8221; border_color_bottom=&#8221;#000000&#8243; global_colors_info=&#8221;{}&#8221; toggle_level=&#8221;h3&#8243; custom_css_toggle_title_last_edited=&#8221;on|tablet&#8221; custom_css_toggle_title_phone=&#8221;margin-left: -5%;||&#8221; custom_css_toggle_title_tablet=&#8221;margin-left: -3%;||&#8221; custom_css_toggle_content_last_edited=&#8221;on|phone&#8221; custom_css_toggle_content_phone=&#8221;margin-left: -5%;||&#8221; custom_css_toggle_content_tablet=&#8221;margin-left: -3%;||&#8221; open=&#8221;off&#8221;]<\/p>\n<div class=\"col-12 col-md-10\">\n<div class=\"row\">\n<div class=\"thirdColumn col-12 col-md-4\">\n<div id=\"c179\" class=\"default-content ad65core_accordion layout-0\">\n<div class=\"accordionContainer\" id=\"accordionContainer179\" data-uid=\"179\">\n<div class=\"accordion md-accordion\" id=\"sonstiges\" role=\"tablist\" aria-multiselectable=\"true\">\n<div id=\"c182\" class=\"default-content ad65core_accordionitem layout-0\">\n<div class=\"accordionItemContainer card\">\n<div id=\"accordionItem182\" class=\"accordionItemContent collapse show\" role=\"tabpanel\" aria-labelledby=\"accordionItemHeader182\" data-parent=\"#sonstiges\">\n<div class=\"card-body\">\n<div id=\"c366\" class=\"default-content uploads layout-0\">\n<div class=\"downloadData\"><a href=\"\/wp-content\/uploads\/2024\/02\/hobex-logos.zip\" target=\"_blank\" title=\"hobex logotipi\" rel=\"noopener\">hobex logotipi<\/a><\/div>\n<div class=\"downloadData\"><a href=\"\/wp-content\/uploads\/2024\/02\/Kartenlogos-Webshop.zip\" target=\"_blank\" title=\"Logotipi kartic za spletno trgovino\" rel=\"noopener\">Logotipi kartic za spletno trgovino<\/a><\/div>\n<\/div>\n<\/div>\n<\/div>\n<\/div>\n<\/div>\n<\/div>\n<\/div>\n<\/div>\n<\/div>\n<\/div>\n<\/div>\n<p>[\/et_pb_accordion_item][\/et_pb_accordion][\/et_pb_column][\/et_pb_row][\/et_pb_section]<\/p>\n","protected":false},"excerpt":{"rendered":"<p>Prenosi \u010ce potrebujete dodatne informacije, navodila, obrazce itd. ali \u010de imate te\u017eave z eno od na\u0161ih enot, boste pod naslednjimi to\u010dkami na\u0161li skoraj vse odgovore na svoja vpra\u0161anja!Pomo\u010d Navodilo za uporabo &#8211; Terminal Move &amp; DeskNavodilo za uporabo &#8211; PartnerNetNavodilo za uporabo &#8211; PaymentlinkTransakcije prodaje na daljavo (MO\/TO) Izjava TX neuspelOdvijanje karti\u010dnega pla\u010devanja smernice\/navodila za [&hellip;]<\/p>\n","protected":false},"author":2,"featured_media":0,"parent":0,"menu_order":0,"comment_status":"closed","ping_status":"closed","template":"","meta":{"_et_pb_use_builder":"on","_et_pb_old_content":"","_et_gb_content_width":"","footnotes":""},"dipi_cpt_category":[],"class_list":["post-22993904","page","type-page","status-publish","hentry"],"yoast_head":"<!-- This site is optimized with the Yoast SEO Premium plugin v27.3 (Yoast SEO v27.3) - https:\/\/yoast.com\/product\/yoast-seo-premium-wordpress\/ -->\n<title>Prenosi - hobex Payment Systems<\/title>\n<meta name=\"robots\" content=\"index, follow, max-snippet:-1, max-image-preview:large, max-video-preview:-1\" \/>\n<link rel=\"canonical\" href=\"https:\/\/www.hobex.at\/sl\/prenosi\/\" \/>\n<meta property=\"og:locale\" content=\"sl_SI\" \/>\n<meta property=\"og:type\" content=\"article\" \/>\n<meta property=\"og:title\" content=\"Prenosi\" \/>\n<meta property=\"og:description\" content=\"Prenosi \u010ce potrebujete dodatne informacije, navodila, obrazce itd. ali \u010de imate te\u017eave z eno od na\u0161ih enot, boste pod naslednjimi to\u010dkami na\u0161li skoraj vse odgovore na svoja vpra\u0161anja!Pomo\u010d Navodilo za uporabo - Terminal Move &amp; DeskNavodilo za uporabo - PartnerNetNavodilo za uporabo - PaymentlinkTransakcije prodaje na daljavo (MO\/TO) Izjava TX neuspelOdvijanje karti\u010dnega pla\u010devanja smernice\/navodila za [&hellip;]\" \/>\n<meta property=\"og:url\" content=\"https:\/\/www.hobex.at\/sl\/prenosi\/\" \/>\n<meta property=\"og:site_name\" content=\"hobex Payment Systems\" \/>\n<meta property=\"article:modified_time\" content=\"2025-04-23T07:19:33+00:00\" \/>\n<meta name=\"twitter:card\" content=\"summary_large_image\" \/>\n<meta name=\"twitter:label1\" content=\"Est. reading time\" \/>\n\t<meta name=\"twitter:data1\" content=\"5 minut\" \/>\n<script type=\"application\/ld+json\" class=\"yoast-schema-graph\">{\"@context\":\"https:\\\/\\\/schema.org\",\"@graph\":[{\"@type\":\"WebPage\",\"@id\":\"https:\\\/\\\/www.hobex.at\\\/sl\\\/prenosi\\\/\",\"url\":\"https:\\\/\\\/www.hobex.at\\\/sl\\\/prenosi\\\/\",\"name\":\"Prenosi - hobex Payment Systems\",\"isPartOf\":{\"@id\":\"https:\\\/\\\/www.hobex.at\\\/sl\\\/#website\"},\"datePublished\":\"2024-01-15T13:22:28+00:00\",\"dateModified\":\"2025-04-23T07:19:33+00:00\",\"breadcrumb\":{\"@id\":\"https:\\\/\\\/www.hobex.at\\\/sl\\\/prenosi\\\/#breadcrumb\"},\"inLanguage\":\"sl-SI\",\"potentialAction\":[{\"@type\":\"ReadAction\",\"target\":[\"https:\\\/\\\/www.hobex.at\\\/sl\\\/prenosi\\\/\"]}]},{\"@type\":\"BreadcrumbList\",\"@id\":\"https:\\\/\\\/www.hobex.at\\\/sl\\\/prenosi\\\/#breadcrumb\",\"itemListElement\":[{\"@type\":\"ListItem\",\"position\":1,\"name\":\"Startseite\",\"item\":\"https:\\\/\\\/www.hobex.at\\\/sl\\\/\"},{\"@type\":\"ListItem\",\"position\":2,\"name\":\"Prenosi\"}]},{\"@type\":\"WebSite\",\"@id\":\"https:\\\/\\\/www.hobex.at\\\/sl\\\/#website\",\"url\":\"https:\\\/\\\/www.hobex.at\\\/sl\\\/\",\"name\":\"hobex Payment Systems\",\"description\":\"We are payment.\",\"publisher\":{\"@id\":\"https:\\\/\\\/www.hobex.at\\\/sl\\\/#organization\"},\"alternateName\":\"hobex\",\"potentialAction\":[{\"@type\":\"SearchAction\",\"target\":{\"@type\":\"EntryPoint\",\"urlTemplate\":\"https:\\\/\\\/www.hobex.at\\\/sl\\\/?s={search_term_string}\"},\"query-input\":{\"@type\":\"PropertyValueSpecification\",\"valueRequired\":true,\"valueName\":\"search_term_string\"}}],\"inLanguage\":\"sl-SI\"},{\"@type\":\"Organization\",\"@id\":\"https:\\\/\\\/www.hobex.at\\\/sl\\\/#organization\",\"name\":\"hobex Payment Systems\",\"alternateName\":\"hobex\",\"url\":\"https:\\\/\\\/www.hobex.at\\\/sl\\\/\",\"logo\":{\"@type\":\"ImageObject\",\"inLanguage\":\"sl-SI\",\"@id\":\"https:\\\/\\\/www.hobex.at\\\/sl\\\/#\\\/schema\\\/logo\\\/image\\\/\",\"url\":\"https:\\\/\\\/www.hobex.at\\\/wp-content\\\/uploads\\\/2023\\\/10\\\/Hobex-Logo-Main_Vector.png\",\"contentUrl\":\"https:\\\/\\\/www.hobex.at\\\/wp-content\\\/uploads\\\/2023\\\/10\\\/Hobex-Logo-Main_Vector.png\",\"width\":397,\"height\":154,\"caption\":\"hobex Payment Systems\"},\"image\":{\"@id\":\"https:\\\/\\\/www.hobex.at\\\/sl\\\/#\\\/schema\\\/logo\\\/image\\\/\"},\"sameAs\":[\"https:\\\/\\\/www.linkedin.com\\\/company\\\/hobex-ag-paymentsystems\\\/\"],\"description\":\"hobex bietet perfekte Bezahll\u00f6sungen f\u00fcr jede Branche mit einer breiten Palette an Bezahlterminals, um Kartenzahlungen und NFC Zahlungen sicher und schnell zu akzeptieren. Station\u00e4re Terminals sind ideal f\u00fcr den Einzelhandel und die Hotellerie, da sie sichere und zuverl\u00e4ssige Transaktionen am Point of Sale erm\u00f6glichen. F\u00fcr Gastronomie, Dienstleister und Au\u00dfendienstmitarbeiter stellen mobile Terminals eine flexible L\u00f6sung dar, da Zahlungen direkt vor Ort abgewickelt werden k\u00f6nnen. Zus\u00e4tzlich lassen sich die Bezahlterminals nahtlos in bestehende Systeme wie eCommerce-Plattformen oder Kassensysteme integrieren, was den administrativen Aufwand reduziert und die Effizienz im Betrieb steigert.\",\"email\":\"office@hobex.at\",\"telephone\":\"+43 662 2255-0\",\"legalName\":\"hobex AG\",\"foundingDate\":\"1999-07-29\",\"vatID\":\"ATU35185508\",\"numberOfEmployees\":{\"@type\":\"QuantitativeValue\",\"minValue\":\"51\",\"maxValue\":\"200\"}}]}<\/script>\n<!-- \/ Yoast SEO Premium plugin. -->","yoast_head_json":{"title":"Prenosi - hobex Payment Systems","robots":{"index":"index","follow":"follow","max-snippet":"max-snippet:-1","max-image-preview":"max-image-preview:large","max-video-preview":"max-video-preview:-1"},"canonical":"https:\/\/www.hobex.at\/sl\/prenosi\/","og_locale":"sl_SI","og_type":"article","og_title":"Prenosi","og_description":"Prenosi \u010ce potrebujete dodatne informacije, navodila, obrazce itd. ali \u010de imate te\u017eave z eno od na\u0161ih enot, boste pod naslednjimi to\u010dkami na\u0161li skoraj vse odgovore na svoja vpra\u0161anja!Pomo\u010d Navodilo za uporabo - Terminal Move &amp; DeskNavodilo za uporabo - PartnerNetNavodilo za uporabo - PaymentlinkTransakcije prodaje na daljavo (MO\/TO) Izjava TX neuspelOdvijanje karti\u010dnega pla\u010devanja smernice\/navodila za [&hellip;]","og_url":"https:\/\/www.hobex.at\/sl\/prenosi\/","og_site_name":"hobex Payment Systems","article_modified_time":"2025-04-23T07:19:33+00:00","twitter_card":"summary_large_image","twitter_misc":{"Est. reading time":"5 minut"},"schema":{"@context":"https:\/\/schema.org","@graph":[{"@type":"WebPage","@id":"https:\/\/www.hobex.at\/sl\/prenosi\/","url":"https:\/\/www.hobex.at\/sl\/prenosi\/","name":"Prenosi - hobex Payment Systems","isPartOf":{"@id":"https:\/\/www.hobex.at\/sl\/#website"},"datePublished":"2024-01-15T13:22:28+00:00","dateModified":"2025-04-23T07:19:33+00:00","breadcrumb":{"@id":"https:\/\/www.hobex.at\/sl\/prenosi\/#breadcrumb"},"inLanguage":"sl-SI","potentialAction":[{"@type":"ReadAction","target":["https:\/\/www.hobex.at\/sl\/prenosi\/"]}]},{"@type":"BreadcrumbList","@id":"https:\/\/www.hobex.at\/sl\/prenosi\/#breadcrumb","itemListElement":[{"@type":"ListItem","position":1,"name":"Startseite","item":"https:\/\/www.hobex.at\/sl\/"},{"@type":"ListItem","position":2,"name":"Prenosi"}]},{"@type":"WebSite","@id":"https:\/\/www.hobex.at\/sl\/#website","url":"https:\/\/www.hobex.at\/sl\/","name":"hobex Payment Systems","description":"We are payment.","publisher":{"@id":"https:\/\/www.hobex.at\/sl\/#organization"},"alternateName":"hobex","potentialAction":[{"@type":"SearchAction","target":{"@type":"EntryPoint","urlTemplate":"https:\/\/www.hobex.at\/sl\/?s={search_term_string}"},"query-input":{"@type":"PropertyValueSpecification","valueRequired":true,"valueName":"search_term_string"}}],"inLanguage":"sl-SI"},{"@type":"Organization","@id":"https:\/\/www.hobex.at\/sl\/#organization","name":"hobex Payment Systems","alternateName":"hobex","url":"https:\/\/www.hobex.at\/sl\/","logo":{"@type":"ImageObject","inLanguage":"sl-SI","@id":"https:\/\/www.hobex.at\/sl\/#\/schema\/logo\/image\/","url":"https:\/\/www.hobex.at\/wp-content\/uploads\/2023\/10\/Hobex-Logo-Main_Vector.png","contentUrl":"https:\/\/www.hobex.at\/wp-content\/uploads\/2023\/10\/Hobex-Logo-Main_Vector.png","width":397,"height":154,"caption":"hobex Payment Systems"},"image":{"@id":"https:\/\/www.hobex.at\/sl\/#\/schema\/logo\/image\/"},"sameAs":["https:\/\/www.linkedin.com\/company\/hobex-ag-paymentsystems\/"],"description":"hobex bietet perfekte Bezahll\u00f6sungen f\u00fcr jede Branche mit einer breiten Palette an Bezahlterminals, um Kartenzahlungen und NFC Zahlungen sicher und schnell zu akzeptieren. Station\u00e4re Terminals sind ideal f\u00fcr den Einzelhandel und die Hotellerie, da sie sichere und zuverl\u00e4ssige Transaktionen am Point of Sale erm\u00f6glichen. F\u00fcr Gastronomie, Dienstleister und Au\u00dfendienstmitarbeiter stellen mobile Terminals eine flexible L\u00f6sung dar, da Zahlungen direkt vor Ort abgewickelt werden k\u00f6nnen. Zus\u00e4tzlich lassen sich die Bezahlterminals nahtlos in bestehende Systeme wie eCommerce-Plattformen oder Kassensysteme integrieren, was den administrativen Aufwand reduziert und die Effizienz im Betrieb steigert.","email":"office@hobex.at","telephone":"+43 662 2255-0","legalName":"hobex AG","foundingDate":"1999-07-29","vatID":"ATU35185508","numberOfEmployees":{"@type":"QuantitativeValue","minValue":"51","maxValue":"200"}}]}},"_links":{"self":[{"href":"https:\/\/www.hobex.at\/sl\/wp-json\/wp\/v2\/pages\/22993904","targetHints":{"allow":["GET"]}}],"collection":[{"href":"https:\/\/www.hobex.at\/sl\/wp-json\/wp\/v2\/pages"}],"about":[{"href":"https:\/\/www.hobex.at\/sl\/wp-json\/wp\/v2\/types\/page"}],"author":[{"embeddable":true,"href":"https:\/\/www.hobex.at\/sl\/wp-json\/wp\/v2\/users\/2"}],"replies":[{"embeddable":true,"href":"https:\/\/www.hobex.at\/sl\/wp-json\/wp\/v2\/comments?post=22993904"}],"version-history":[{"count":0,"href":"https:\/\/www.hobex.at\/sl\/wp-json\/wp\/v2\/pages\/22993904\/revisions"}],"wp:attachment":[{"href":"https:\/\/www.hobex.at\/sl\/wp-json\/wp\/v2\/media?parent=22993904"}],"wp:term":[{"taxonomy":"dipi_cpt_category","embeddable":true,"href":"https:\/\/www.hobex.at\/sl\/wp-json\/wp\/v2\/dipi_cpt_category?post=22993904"}],"curies":[{"name":"wp","href":"https:\/\/api.w.org\/{rel}","templated":true}]}}