{"id":22993312,"date":"2023-11-27T19:52:05","date_gmt":"2023-11-27T18:52:05","guid":{"rendered":"https:\/\/www.hobex.at\/podjetje\/"},"modified":"2025-09-01T07:54:54","modified_gmt":"2025-09-01T05:54:54","slug":"podjetje","status":"publish","type":"page","link":"https:\/\/www.hobex.at\/sl\/podjetje\/","title":{"rendered":"Podjetje"},"content":{"rendered":"<p>[et_pb_section fb_built=&#8221;1&#8243; _builder_version=&#8221;4.23&#8243; _module_preset=&#8221;default&#8221; locked=&#8221;off&#8221; global_colors_info=&#8221;{}&#8221;][et_pb_row _builder_version=&#8221;4.23.1&#8243; _module_preset=&#8221;default&#8221; global_colors_info=&#8221;{}&#8221;][et_pb_column type=&#8221;4_4&#8243; _builder_version=&#8221;4.23.1&#8243; _module_preset=&#8221;default&#8221; global_colors_info=&#8221;{}&#8221;][et_pb_text _builder_version=&#8221;4.23.4&#8243; _module_preset=&#8221;default&#8221; header_font=&#8221;||||||||&#8221; text_orientation=&#8221;center&#8221; width=&#8221;60%&#8221; width_tablet=&#8221;100%&#8221; width_phone=&#8221;100%&#8221; width_last_edited=&#8221;on|phone&#8221; module_alignment=&#8221;center&#8221; global_colors_info=&#8221;{}&#8221;]<\/p>\n<h1>Mi smo hobex.<\/h1>\n<p><span>Strokovnost \u017ee od leta 1991.hobex je va\u0161 avstrijski ponudnik celotnih brezgotovinskih pla\u010dilnih sistemov. Smo pravi sogovornik za vsa vpra\u0161anja v zvezi s sprejemanjem kreditnih in bankomat kartic, za pla\u010dila na podro\u010dju spletne prodaje ali za spletna predpla\u010dila v hotelirstvu. <\/span><\/p>\n<p>[\/et_pb_text][\/et_pb_column][\/et_pb_row][\/et_pb_section][et_pb_section fb_built=&#8221;1&#8243; _builder_version=&#8221;4.23.1&#8243; _module_preset=&#8221;default&#8221; global_colors_info=&#8221;{}&#8221;][et_pb_row column_structure=&#8221;1_2,1_2&#8243; use_custom_gutter=&#8221;on&#8221; gutter_width=&#8221;1&#8243; make_equal=&#8221;on&#8221; _builder_version=&#8221;4.23.1&#8243; _module_preset=&#8221;default&#8221; custom_margin=&#8221;0px||0px||false|false&#8221; custom_padding=&#8221;0px|0px|0px|0px|false|false&#8221; global_colors_info=&#8221;{}&#8221;][et_pb_column type=&#8221;1_2&#8243; _builder_version=&#8221;4.23.1&#8243; _module_preset=&#8221;default&#8221; global_colors_info=&#8221;{}&#8221;][et_pb_image src=&#8221;https:\/\/www.hobex.at\/wp-content\/uploads\/2024\/01\/04-Hobex-Unternehmen.jpg&#8221; title_text=&#8221;04-Hobex-Unternehmen&#8221; _builder_version=&#8221;4.23.1&#8243; _module_preset=&#8221;default&#8221; custom_margin=&#8221;||||false|false&#8221; custom_padding=&#8221;|5px|5px||false|false&#8221; animation_style=&#8221;fade&#8221; animation_duration=&#8221;700ms&#8221; global_colors_info=&#8221;{}&#8221;][\/et_pb_image][et_pb_image src=&#8221;https:\/\/www.hobex.at\/wp-content\/uploads\/2023\/12\/04-Hobex-eCommerce.jpg&#8221; title_text=&#8221;04-Hobex-eCommerce&#8221; _builder_version=&#8221;4.23.1&#8243; _module_preset=&#8221;default&#8221; custom_padding=&#8221;|5px|||false|false&#8221; custom_padding_tablet=&#8221;||5px||false|false&#8221; custom_padding_phone=&#8221;||5px||false|false&#8221; custom_padding_last_edited=&#8221;on|phone&#8221; animation_style=&#8221;fade&#8221; animation_duration=&#8221;700ms&#8221; global_colors_info=&#8221;{}&#8221;][\/et_pb_image][\/et_pb_column][et_pb_column type=&#8221;1_2&#8243; _builder_version=&#8221;4.23.1&#8243; _module_preset=&#8221;default&#8221; custom_css_main_element=&#8221;display: flex;||flex-flow: column;&#8221; global_colors_info=&#8221;{}&#8221;][et_pb_image src=&#8221;https:\/\/www.hobex.at\/wp-content\/uploads\/2024\/01\/03-Hobex-Unternehmen.jpg&#8221; title_text=&#8221;03-Hobex-Unternehmen&#8221; _builder_version=&#8221;4.23.1&#8243; _module_preset=&#8221;default&#8221; animation_style=&#8221;fade&#8221; animation_duration=&#8221;700ms&#8221; global_colors_info=&#8221;{}&#8221;][\/et_pb_image][et_pb_text _builder_version=&#8221;4.27.4&#8243; _module_preset=&#8221;default&#8221; text_font=&#8221;||||||||&#8221; text_text_color=&#8221;#B3B3B3&#8243; text_font_size=&#8221;20px&#8221; text_line_height=&#8221;2em&#8221; header_font=&#8221;|700|||||||&#8221; header_3_font=&#8221;|300|||||||&#8221; header_3_font_size=&#8221;24px&#8221; header_4_font=&#8221;|300|||||||&#8221; header_4_font_size=&#8221;22px&#8221; text_orientation=&#8221;center&#8221; width=&#8221;80%&#8221; module_alignment=&#8221;center&#8221; custom_padding_tablet=&#8221;80px||80px||true|false&#8221; custom_padding_phone=&#8221;80px||80px||true|false&#8221; custom_padding_last_edited=&#8221;on|phone&#8221; animation_style=&#8221;slide&#8221; animation_direction=&#8221;left&#8221; text_font_size_tablet=&#8221;20px&#8221; text_font_size_phone=&#8221;20px&#8221; text_font_size_last_edited=&#8221;on|tablet&#8221; header_3_font_size_tablet=&#8221;24px&#8221; header_3_font_size_phone=&#8221;24px&#8221; header_3_font_size_last_edited=&#8221;on|tablet&#8221; custom_css_main_element=&#8221;margin-top: auto;&#8221; global_colors_info=&#8221;{}&#8221;]<\/p>\n<h3><span>hobex zaposluje ve\u010d kot 190 zavzetih in strokovnih sodelavcev in ve\u010d kot 45.200 strank oskrbuje z ve\u010d kot <\/span><span>76.500 <\/span><span>terminali doma in v tujini. Poleg osrednjega trga v Avstriji, stavi tudi vedno ve\u010d strank iz tujine na na\u0161o osebno podporo, znanje in izku\u0161nje. K tem \u0161tejejo stranke iz Nem\u010dije, Italije in Slovenije. Smo zanesljiv partner, s kakovostjo stiska roke &#8211; in to \u017ee od leta 1991! <\/span><\/h3>\n<p>[\/et_pb_text][et_pb_image src=&#8221;https:\/\/www.hobex.at\/wp-content\/uploads\/2024\/01\/05-Hobex-Unternehmen.jpg&#8221; title_text=&#8221;05-Hobex-Unternehmen&#8221; _builder_version=&#8221;4.23.1&#8243; _module_preset=&#8221;default&#8221; animation_style=&#8221;fade&#8221; animation_duration=&#8221;700ms&#8221; custom_css_main_element=&#8221;margin-top: auto;&#8221; global_colors_info=&#8221;{}&#8221;][\/et_pb_image][\/et_pb_column][\/et_pb_row][\/et_pb_section][et_pb_section fb_built=&#8221;1&#8243; _builder_version=&#8221;4.23.1&#8243; _module_preset=&#8221;default&#8221; background_color=&#8221;gcid-4e2ad749-189f-477e-b8f2-1cc77f32a567&#8243; transform_scale_tablet=&#8221;&#8221; transform_scale_phone=&#8221;&#8221; transform_scale_last_edited=&#8221;on|desktop&#8221; transform_translate_tablet=&#8221;0px|0px&#8221; transform_translate_phone=&#8221;0px|0px&#8221; transform_translate_last_edited=&#8221;on|phone&#8221; transform_rotate_tablet=&#8221;&#8221; transform_rotate_phone=&#8221;&#8221; transform_rotate_last_edited=&#8221;on|desktop&#8221; transform_skew_tablet=&#8221;&#8221; transform_skew_phone=&#8221;&#8221; transform_skew_last_edited=&#8221;on|desktop&#8221; transform_origin_tablet=&#8221;&#8221; transform_origin_phone=&#8221;&#8221; transform_origin_last_edited=&#8221;on|desktop&#8221; transform_styles_last_edited=&#8221;on|phone&#8221; width_last_edited=&#8221;off|desktop&#8221; max_width=&#8221;1366px&#8221; module_alignment=&#8221;center&#8221; transform_styles_tablet=&#8221;&#8221; transform_styles_phone=&#8221;&#8221; border_radii=&#8221;on|50px|50px|50px|50px&#8221; locked=&#8221;off&#8221; global_colors_info=&#8221;{%22gcid-4e2ad749-189f-477e-b8f2-1cc77f32a567%22:%91%22background_color%22%93}&#8221; width__hover_enabled=&#8221;on|desktop&#8221;][et_pb_row _builder_version=&#8221;4.23.1&#8243; _module_preset=&#8221;default&#8221; animation_direction=&#8221;left&#8221; global_colors_info=&#8221;{}&#8221;][et_pb_column type=&#8221;4_4&#8243; _builder_version=&#8221;4.23&#8243; _module_preset=&#8221;default&#8221; global_colors_info=&#8221;{}&#8221;][et_pb_text _builder_version=&#8221;4.23.4&#8243; _module_preset=&#8221;default&#8221; header_font=&#8221;||||||||&#8221; header_text_align=&#8221;center&#8221; header_2_text_align=&#8221;center&#8221; header_2_font_size=&#8221;50px&#8221; header_2_font_size_tablet=&#8221;50px&#8221; header_2_font_size_phone=&#8221;38px&#8221; header_2_font_size_last_edited=&#8221;on|desktop&#8221; global_colors_info=&#8221;{}&#8221;]<\/p>\n<h2>\u0160tevilka in dejstva<\/h2>\n<p>[\/et_pb_text][\/et_pb_column][\/et_pb_row][et_pb_row column_structure=&#8221;1_4,1_4,1_4,1_4&#8243; use_custom_gutter=&#8221;on&#8221; gutter_width=&#8221;1&#8243; _builder_version=&#8221;4.23.1&#8243; _module_preset=&#8221;default&#8221; global_colors_info=&#8221;{}&#8221;][et_pb_column type=&#8221;1_4&#8243; _builder_version=&#8221;4.23.1&#8243; _module_preset=&#8221;default&#8221; border_width_right=&#8221;1px&#8221; global_colors_info=&#8221;{}&#8221;][et_pb_number_counter title=&#8221;Terminali&#8221; number=&#8221;76.500&#8243; percent_sign=&#8221;off&#8221; module_class=&#8221;zaehler&#8221; _builder_version=&#8221;4.27.4&#8243; _module_preset=&#8221;default&#8221; title_font_size=&#8221;25px&#8221; number_font=&#8221;|700|||||||&#8221; number_text_color=&#8221;#333333&#8243; number_font_size=&#8221;70px&#8221; hover_enabled=&#8221;0&#8243; global_colors_info=&#8221;{}&#8221; sticky_enabled=&#8221;0&#8243;][\/et_pb_number_counter][\/et_pb_column][et_pb_column type=&#8221;1_4&#8243; _builder_version=&#8221;4.23.1&#8243; _module_preset=&#8221;default&#8221; border_width_right=&#8221;1px&#8221; global_colors_info=&#8221;{}&#8221;][et_pb_number_counter title=&#8221;Re\u0161itve e-poslovanja&#8221; number=&#8221;7.000&#8243; percent_sign=&#8221;off&#8221; module_class=&#8221;zaehler&#8221; _builder_version=&#8221;4.27.4&#8243; _module_preset=&#8221;default&#8221; title_font_size=&#8221;25px&#8221; number_font=&#8221;|700|||||||&#8221; number_text_color=&#8221;#333333&#8243; number_font_size=&#8221;70px&#8221; hover_enabled=&#8221;0&#8243; global_colors_info=&#8221;{}&#8221; sticky_enabled=&#8221;0&#8243;][\/et_pb_number_counter][\/et_pb_column][et_pb_column type=&#8221;1_4&#8243; _builder_version=&#8221;4.23.1&#8243; _module_preset=&#8221;default&#8221; border_width_right=&#8221;1px&#8221; global_colors_info=&#8221;{}&#8221;][et_pb_number_counter title=&#8221;strank&#8221; number=&#8221;45.200&#8243; percent_sign=&#8221;off&#8221; module_class=&#8221;zaehler&#8221; _builder_version=&#8221;4.27.4&#8243; _module_preset=&#8221;default&#8221; title_font_size=&#8221;25px&#8221; number_font=&#8221;|700|||||||&#8221; number_text_color=&#8221;#333333&#8243; number_font_size=&#8221;70px&#8221; hover_enabled=&#8221;0&#8243; global_colors_info=&#8221;{}&#8221; sticky_enabled=&#8221;0&#8243;][\/et_pb_number_counter][\/et_pb_column][et_pb_column type=&#8221;1_4&#8243; _builder_version=&#8221;4.23.1&#8243; _module_preset=&#8221;default&#8221; border_width_right=&#8221;1px&#8221; global_colors_info=&#8221;{}&#8221;][et_pb_number_counter title=&#8221;let izku\u0161enj&#8221; number=&#8221;34&#8243; percent_sign=&#8221;off&#8221; module_class=&#8221;zaehler&#8221; _builder_version=&#8221;4.27.4&#8243; _module_preset=&#8221;default&#8221; title_font_size=&#8221;25px&#8221; number_font=&#8221;|700|||||||&#8221; number_text_color=&#8221;#333333&#8243; number_font_size=&#8221;70px&#8221; global_colors_info=&#8221;{}&#8221;][\/et_pb_number_counter][\/et_pb_column][\/et_pb_row][\/et_pb_section]<\/p>\n","protected":false},"excerpt":{"rendered":"<p>Mi smo hobex. Strokovnost \u017ee od leta 1991.hobex je va\u0161 avstrijski ponudnik celotnih brezgotovinskih pla\u010dilnih sistemov. Smo pravi sogovornik za vsa vpra\u0161anja v zvezi s sprejemanjem kreditnih in bankomat kartic, za pla\u010dila na podro\u010dju spletne prodaje ali za spletna predpla\u010dila v hotelirstvu. hobex zaposluje ve\u010d kot 190 zavzetih in strokovnih sodelavcev in ve\u010d kot 45.200 [&hellip;]<\/p>\n","protected":false},"author":3,"featured_media":0,"parent":0,"menu_order":0,"comment_status":"closed","ping_status":"closed","template":"","meta":{"_et_pb_use_builder":"on","_et_pb_old_content":"","_et_gb_content_width":"","footnotes":""},"dipi_cpt_category":[],"class_list":["post-22993312","page","type-page","status-publish","hentry"],"yoast_head":"<!-- This site is optimized with the Yoast SEO Premium plugin v27.2 (Yoast SEO v27.2) - https:\/\/yoast.com\/product\/yoast-seo-premium-wordpress\/ -->\n<title>Podjetje - hobex Payment Systems<\/title>\n<meta name=\"robots\" content=\"index, follow, max-snippet:-1, max-image-preview:large, max-video-preview:-1\" \/>\n<link rel=\"canonical\" href=\"https:\/\/www.hobex.at\/sl\/podjetje\/\" \/>\n<meta property=\"og:locale\" content=\"sl_SI\" \/>\n<meta property=\"og:type\" content=\"article\" \/>\n<meta property=\"og:title\" content=\"Podjetje\" \/>\n<meta property=\"og:description\" content=\"Mi smo hobex. Strokovnost \u017ee od leta 1991.hobex je va\u0161 avstrijski ponudnik celotnih brezgotovinskih pla\u010dilnih sistemov. Smo pravi sogovornik za vsa vpra\u0161anja v zvezi s sprejemanjem kreditnih in bankomat kartic, za pla\u010dila na podro\u010dju spletne prodaje ali za spletna predpla\u010dila v hotelirstvu. hobex zaposluje ve\u010d kot 190 zavzetih in strokovnih sodelavcev in ve\u010d kot 45.200 [&hellip;]\" \/>\n<meta property=\"og:url\" content=\"https:\/\/www.hobex.at\/sl\/podjetje\/\" \/>\n<meta property=\"og:site_name\" content=\"hobex Payment Systems\" \/>\n<meta property=\"article:modified_time\" content=\"2025-09-01T05:54:54+00:00\" \/>\n<meta name=\"twitter:card\" content=\"summary_large_image\" \/>\n<meta name=\"twitter:label1\" content=\"Est. reading time\" \/>\n\t<meta name=\"twitter:data1\" content=\"5 minut\" \/>\n<script type=\"application\/ld+json\" class=\"yoast-schema-graph\">{\"@context\":\"https:\/\/schema.org\",\"@graph\":[{\"@type\":\"WebPage\",\"@id\":\"https:\/\/www.hobex.at\/sl\/podjetje\/\",\"url\":\"https:\/\/www.hobex.at\/sl\/podjetje\/\",\"name\":\"Podjetje - hobex Payment Systems\",\"isPartOf\":{\"@id\":\"https:\/\/www.hobex.at\/sl\/#website\"},\"datePublished\":\"2023-11-27T18:52:05+00:00\",\"dateModified\":\"2025-09-01T05:54:54+00:00\",\"breadcrumb\":{\"@id\":\"https:\/\/www.hobex.at\/sl\/podjetje\/#breadcrumb\"},\"inLanguage\":\"sl-SI\",\"potentialAction\":[{\"@type\":\"ReadAction\",\"target\":[\"https:\/\/www.hobex.at\/sl\/podjetje\/\"]}]},{\"@type\":\"BreadcrumbList\",\"@id\":\"https:\/\/www.hobex.at\/sl\/podjetje\/#breadcrumb\",\"itemListElement\":[{\"@type\":\"ListItem\",\"position\":1,\"name\":\"Startseite\",\"item\":\"https:\/\/www.hobex.at\/sl\/\"},{\"@type\":\"ListItem\",\"position\":2,\"name\":\"Podjetje\"}]},{\"@type\":\"WebSite\",\"@id\":\"https:\/\/www.hobex.at\/sl\/#website\",\"url\":\"https:\/\/www.hobex.at\/sl\/\",\"name\":\"hobex Payment Systems\",\"description\":\"We are payment.\",\"publisher\":{\"@id\":\"https:\/\/www.hobex.at\/sl\/#organization\"},\"alternateName\":\"hobex\",\"potentialAction\":[{\"@type\":\"SearchAction\",\"target\":{\"@type\":\"EntryPoint\",\"urlTemplate\":\"https:\/\/www.hobex.at\/sl\/?s={search_term_string}\"},\"query-input\":{\"@type\":\"PropertyValueSpecification\",\"valueRequired\":true,\"valueName\":\"search_term_string\"}}],\"inLanguage\":\"sl-SI\"},{\"@type\":\"Organization\",\"@id\":\"https:\/\/www.hobex.at\/sl\/#organization\",\"name\":\"hobex Payment Systems\",\"alternateName\":\"hobex\",\"url\":\"https:\/\/www.hobex.at\/sl\/\",\"logo\":{\"@type\":\"ImageObject\",\"inLanguage\":\"sl-SI\",\"@id\":\"https:\/\/www.hobex.at\/sl\/#\/schema\/logo\/image\/\",\"url\":\"https:\/\/www.hobex.at\/wp-content\/uploads\/2023\/10\/Hobex-Logo-Main_Vector.png\",\"contentUrl\":\"https:\/\/www.hobex.at\/wp-content\/uploads\/2023\/10\/Hobex-Logo-Main_Vector.png\",\"width\":397,\"height\":154,\"caption\":\"hobex Payment Systems\"},\"image\":{\"@id\":\"https:\/\/www.hobex.at\/sl\/#\/schema\/logo\/image\/\"},\"sameAs\":[\"https:\/\/www.linkedin.com\/company\/hobex-ag-paymentsystems\/\"],\"description\":\"hobex bietet perfekte Bezahll\u00f6sungen f\u00fcr jede Branche mit einer breiten Palette an Bezahlterminals, um Kartenzahlungen und NFC Zahlungen sicher und schnell zu akzeptieren. Station\u00e4re Terminals sind ideal f\u00fcr den Einzelhandel und die Hotellerie, da sie sichere und zuverl\u00e4ssige Transaktionen am Point of Sale erm\u00f6glichen. F\u00fcr Gastronomie, Dienstleister und Au\u00dfendienstmitarbeiter stellen mobile Terminals eine flexible L\u00f6sung dar, da Zahlungen direkt vor Ort abgewickelt werden k\u00f6nnen. Zus\u00e4tzlich lassen sich die Bezahlterminals nahtlos in bestehende Systeme wie eCommerce-Plattformen oder Kassensysteme integrieren, was den administrativen Aufwand reduziert und die Effizienz im Betrieb steigert.\",\"email\":\"office@hobex.at\",\"telephone\":\"+43 662 2255-0\",\"legalName\":\"hobex AG\",\"foundingDate\":\"1999-07-29\",\"vatID\":\"ATU35185508\",\"numberOfEmployees\":{\"@type\":\"QuantitativeValue\",\"minValue\":\"51\",\"maxValue\":\"200\"}}]}<\/script>\n<!-- \/ Yoast SEO Premium plugin. -->","yoast_head_json":{"title":"Podjetje - hobex Payment Systems","robots":{"index":"index","follow":"follow","max-snippet":"max-snippet:-1","max-image-preview":"max-image-preview:large","max-video-preview":"max-video-preview:-1"},"canonical":"https:\/\/www.hobex.at\/sl\/podjetje\/","og_locale":"sl_SI","og_type":"article","og_title":"Podjetje","og_description":"Mi smo hobex. Strokovnost \u017ee od leta 1991.hobex je va\u0161 avstrijski ponudnik celotnih brezgotovinskih pla\u010dilnih sistemov. Smo pravi sogovornik za vsa vpra\u0161anja v zvezi s sprejemanjem kreditnih in bankomat kartic, za pla\u010dila na podro\u010dju spletne prodaje ali za spletna predpla\u010dila v hotelirstvu. hobex zaposluje ve\u010d kot 190 zavzetih in strokovnih sodelavcev in ve\u010d kot 45.200 [&hellip;]","og_url":"https:\/\/www.hobex.at\/sl\/podjetje\/","og_site_name":"hobex Payment Systems","article_modified_time":"2025-09-01T05:54:54+00:00","twitter_card":"summary_large_image","twitter_misc":{"Est. reading time":"5 minut"},"schema":{"@context":"https:\/\/schema.org","@graph":[{"@type":"WebPage","@id":"https:\/\/www.hobex.at\/sl\/podjetje\/","url":"https:\/\/www.hobex.at\/sl\/podjetje\/","name":"Podjetje - hobex Payment Systems","isPartOf":{"@id":"https:\/\/www.hobex.at\/sl\/#website"},"datePublished":"2023-11-27T18:52:05+00:00","dateModified":"2025-09-01T05:54:54+00:00","breadcrumb":{"@id":"https:\/\/www.hobex.at\/sl\/podjetje\/#breadcrumb"},"inLanguage":"sl-SI","potentialAction":[{"@type":"ReadAction","target":["https:\/\/www.hobex.at\/sl\/podjetje\/"]}]},{"@type":"BreadcrumbList","@id":"https:\/\/www.hobex.at\/sl\/podjetje\/#breadcrumb","itemListElement":[{"@type":"ListItem","position":1,"name":"Startseite","item":"https:\/\/www.hobex.at\/sl\/"},{"@type":"ListItem","position":2,"name":"Podjetje"}]},{"@type":"WebSite","@id":"https:\/\/www.hobex.at\/sl\/#website","url":"https:\/\/www.hobex.at\/sl\/","name":"hobex Payment Systems","description":"We are payment.","publisher":{"@id":"https:\/\/www.hobex.at\/sl\/#organization"},"alternateName":"hobex","potentialAction":[{"@type":"SearchAction","target":{"@type":"EntryPoint","urlTemplate":"https:\/\/www.hobex.at\/sl\/?s={search_term_string}"},"query-input":{"@type":"PropertyValueSpecification","valueRequired":true,"valueName":"search_term_string"}}],"inLanguage":"sl-SI"},{"@type":"Organization","@id":"https:\/\/www.hobex.at\/sl\/#organization","name":"hobex Payment Systems","alternateName":"hobex","url":"https:\/\/www.hobex.at\/sl\/","logo":{"@type":"ImageObject","inLanguage":"sl-SI","@id":"https:\/\/www.hobex.at\/sl\/#\/schema\/logo\/image\/","url":"https:\/\/www.hobex.at\/wp-content\/uploads\/2023\/10\/Hobex-Logo-Main_Vector.png","contentUrl":"https:\/\/www.hobex.at\/wp-content\/uploads\/2023\/10\/Hobex-Logo-Main_Vector.png","width":397,"height":154,"caption":"hobex Payment Systems"},"image":{"@id":"https:\/\/www.hobex.at\/sl\/#\/schema\/logo\/image\/"},"sameAs":["https:\/\/www.linkedin.com\/company\/hobex-ag-paymentsystems\/"],"description":"hobex bietet perfekte Bezahll\u00f6sungen f\u00fcr jede Branche mit einer breiten Palette an Bezahlterminals, um Kartenzahlungen und NFC Zahlungen sicher und schnell zu akzeptieren. Station\u00e4re Terminals sind ideal f\u00fcr den Einzelhandel und die Hotellerie, da sie sichere und zuverl\u00e4ssige Transaktionen am Point of Sale erm\u00f6glichen. F\u00fcr Gastronomie, Dienstleister und Au\u00dfendienstmitarbeiter stellen mobile Terminals eine flexible L\u00f6sung dar, da Zahlungen direkt vor Ort abgewickelt werden k\u00f6nnen. Zus\u00e4tzlich lassen sich die Bezahlterminals nahtlos in bestehende Systeme wie eCommerce-Plattformen oder Kassensysteme integrieren, was den administrativen Aufwand reduziert und die Effizienz im Betrieb steigert.","email":"office@hobex.at","telephone":"+43 662 2255-0","legalName":"hobex AG","foundingDate":"1999-07-29","vatID":"ATU35185508","numberOfEmployees":{"@type":"QuantitativeValue","minValue":"51","maxValue":"200"}}]}},"_links":{"self":[{"href":"https:\/\/www.hobex.at\/sl\/wp-json\/wp\/v2\/pages\/22993312","targetHints":{"allow":["GET"]}}],"collection":[{"href":"https:\/\/www.hobex.at\/sl\/wp-json\/wp\/v2\/pages"}],"about":[{"href":"https:\/\/www.hobex.at\/sl\/wp-json\/wp\/v2\/types\/page"}],"author":[{"embeddable":true,"href":"https:\/\/www.hobex.at\/sl\/wp-json\/wp\/v2\/users\/3"}],"replies":[{"embeddable":true,"href":"https:\/\/www.hobex.at\/sl\/wp-json\/wp\/v2\/comments?post=22993312"}],"version-history":[{"count":2,"href":"https:\/\/www.hobex.at\/sl\/wp-json\/wp\/v2\/pages\/22993312\/revisions"}],"predecessor-version":[{"id":25279615,"href":"https:\/\/www.hobex.at\/sl\/wp-json\/wp\/v2\/pages\/22993312\/revisions\/25279615"}],"wp:attachment":[{"href":"https:\/\/www.hobex.at\/sl\/wp-json\/wp\/v2\/media?parent=22993312"}],"wp:term":[{"taxonomy":"dipi_cpt_category","embeddable":true,"href":"https:\/\/www.hobex.at\/sl\/wp-json\/wp\/v2\/dipi_cpt_category?post=22993312"}],"curies":[{"name":"wp","href":"https:\/\/api.w.org\/{rel}","templated":true}]}}