{"id":25278938,"date":"2025-06-20T00:34:48","date_gmt":"2025-06-19T22:34:48","guid":{"rendered":"https:\/\/www.hobex.at\/contatto\/modulo-dordine-rotoli-di-carta-termica\/"},"modified":"2025-07-08T15:34:59","modified_gmt":"2025-07-08T13:34:59","slug":"modulo-dordine-rotoli-di-carta-termica","status":"publish","type":"page","link":"https:\/\/www.hobex.at\/it\/contatto\/modulo-dordine-rotoli-di-carta-termica\/","title":{"rendered":"Modulo d\u2019ordine Rotoli di carta termica"},"content":{"rendered":"<p>[et_pb_section fb_built=&#8221;1&#8243; _builder_version=&#8221;4.23.4&#8243; _module_preset=&#8221;default&#8221; background_color=&#8221;gcid-4e2ad749-189f-477e-b8f2-1cc77f32a567&#8243; max_width=&#8221;1366px&#8221; module_alignment=&#8221;center&#8221; custom_margin=&#8221;40px||||false|false&#8221; border_radii=&#8221;on|50px|50px|50px|50px&#8221; global_colors_info=&#8221;{%22gcid-4e2ad749-189f-477e-b8f2-1cc77f32a567%22:%91%22background_color%22%93}&#8221;][et_pb_row column_structure=&#8221;3_4,1_4&#8243; _builder_version=&#8221;4.23.4&#8243; _module_preset=&#8221;default&#8221; global_colors_info=&#8221;{}&#8221;][et_pb_column type=&#8221;3_4&#8243; _builder_version=&#8221;4.23.4&#8243; _module_preset=&#8221;default&#8221; global_colors_info=&#8221;{}&#8221;][et_pb_text _builder_version=&#8221;4.23.4&#8243; _module_preset=&#8221;default&#8221; global_colors_info=&#8221;{}&#8221;]<\/p>\n<h1><b>Ordinare rotoli di carta termica<\/b><\/h1>\n<p>[\/et_pb_text][dipi_gravity_forms_styler gf_form_id=&#8221;10&#8243; form_title=&#8221;hide&#8221; form_desc=&#8221;hide&#8221; field_description_margin=&#8221;||||false|false&#8221; field_description_padding=&#8221;|||5px|false|false&#8221; input_field_margin=&#8221;10px||||false|false&#8221; input_field_padding=&#8221;10px|15px|10px|15px|true|true&#8221; input_field_bg_color=&#8221;RGBA(255,255,255,0)&#8221; textarea_field_margin=&#8221;15px||||false|false&#8221; select_field_margin=&#8221;10px||10px||false|false&#8221; select_field_padding=&#8221;10px|15px|10px|15px|true|true&#8221; select_field_bg_color=&#8221;RGBA(255,255,255,0)&#8221; use_custom_select_arrow=&#8221;on&#8221; select_arrow_padding=&#8221;0px|20px|0px|20px|false|true&#8221; select_arrow_bg_color=&#8221;RGBA(255,255,255,0)&#8221; select_arrow_use_icon=&#8221;on&#8221; select_arrow_icon_color=&#8221;#000000&#8243; select_option_bg_color=&#8221;RGBA(255,255,255,0)&#8221; checkbox_radio_container_bg_color=&#8221;RGBA(255,255,255,0)&#8221; checkbox_radio_one_option_bg_color=&#8221;RGBA(255,255,255,0)&#8221; checkbox_radio_button_size=&#8221;12px&#8221; checkbox_radio_button_color=&#8221;#D10007&#8243; checkbox_radio_label_margin=&#8221;10px||10px||true|false&#8221; _builder_version=&#8221;4.27.4&#8243; _module_preset=&#8221;default&#8221; form_desc_font=&#8221;&#8211;et_global_body_font||||||||&#8221; form_desc_text_color=&#8221;#B3B3B3&#8243; field_label_font_size=&#8221;20px&#8221; field_label_line_height=&#8221;1em&#8221; field_description_text_color=&#8221;#333333&#8243; field_description_font_size=&#8221;15px&#8221; field_description_line_height=&#8221;1.2em&#8221; input_field_text_color=&#8221;#333333&#8243; input_field_font_size=&#8221;18px&#8221; input_field_placeholder_text_color=&#8221;rgba(0,0,0,0.45)&#8221; textarea_field_font_size=&#8221;18px&#8221; select_field_text_color=&#8221;#000000&#8243; select_field_font_size=&#8221;18px&#8221; checkbox_radio_label_font_size=&#8221;20px&#8221; custom_all=&#8221;on&#8221; all_text_color=&#8221;#FFFFFF&#8221; all_bg_color=&#8221;#333333&#8243; all_icon=&#8221;&#x3d;||divi||400&#8243; all_icon_color=&#8221;#FFFFFF&#8221; border_radii_input_field=&#8221;on|50px|50px|50px|50px&#8221; border_width_all_input_field=&#8221;1px&#8221; border_color_all_input_field=&#8221;#000000&#8243; border_color_all_textarea_field=&#8221;RGBA(255,255,255,0)&#8221; border_radii_select_field=&#8221;on|50px|50px|50px|50px&#8221; border_width_all_select_field=&#8221;1px&#8221; border_color_all_select_field=&#8221;#000000&#8243; global_colors_info=&#8221;{}&#8221; all_bg_color__hover_enabled=&#8221;on|hover&#8221; all_bg_color__hover=&#8221;#D10007&#8243; all_bg_enable_color__hover=&#8221;on&#8221; all_border_color__hover_enabled=&#8221;on|desktop&#8221; all_border_color__hover=&#8221;#D10007&#8243;][\/dipi_gravity_forms_styler][\/et_pb_column][et_pb_column type=&#8221;1_4&#8243; _builder_version=&#8221;4.23.4&#8243; _module_preset=&#8221;default&#8221; global_colors_info=&#8221;{}&#8221;][et_pb_text _builder_version=&#8221;4.23.4&#8243; _module_preset=&#8221;default&#8221; header_font=&#8221;|700|||||||&#8221; custom_padding=&#8221;15px||||false|false&#8221; border_width_top=&#8221;1px&#8221; global_colors_info=&#8221;{}&#8221;]<\/p>\n<h3>indirizzo<\/h3>\n<p><span>hobex AG<\/span><br \/><span>Josef-Brandst\u00e4tter-Stra\u00dfe 2b<\/span><br \/><span>5020 Salisburgo<\/span><\/p>\n<p>[\/et_pb_text][et_pb_text _builder_version=&#8221;4.23.4&#8243; _module_preset=&#8221;default&#8221; header_font=&#8221;|700|||||||&#8221; custom_padding=&#8221;15px||||false|false&#8221; border_width_top=&#8221;1px&#8221; global_colors_info=&#8221;{}&#8221;]<\/p>\n<h3>Contatto<\/h3>\n<p><span>T <\/span><a href=\"tel:+39 0471 196 55 88\" title=\"linea diretta\">+39 0471 196 55 88<\/a><br \/><a href=\"mailto:office@hobex.it\" title=\"E-Mail\">office@hobex.it<\/a><span> <\/span><\/p>\n<p>[\/et_pb_text][et_pb_text _builder_version=&#8221;4.23.4&#8243; _module_preset=&#8221;default&#8221; header_font=&#8221;|700|||||||&#8221; custom_padding=&#8221;15px||30px||false|false&#8221; border_width_top=&#8221;1px&#8221; border_width_bottom=&#8221;1px&#8221; global_colors_info=&#8221;{}&#8221;]<\/p>\n<h3>Tecnica<\/h3>\n<p><span>Hotline:<\/span><br \/><a href=\"tel:848 424 407\" title=\"linea diretta\">848 424 407<\/a><br \/><span>Dalle 7:30 alle 24<\/span><\/p>\n<p>[\/et_pb_text][\/et_pb_column][\/et_pb_row][\/et_pb_section][et_pb_section fb_built=&#8221;1&#8243; _builder_version=&#8221;4.23.4&#8243; _module_preset=&#8221;default&#8221; custom_padding=&#8221;||25px||false|false&#8221; global_colors_info=&#8221;{}&#8221;][et_pb_row _builder_version=&#8221;4.23.1&#8243; _module_preset=&#8221;default&#8221; global_colors_info=&#8221;{}&#8221;][et_pb_column type=&#8221;4_4&#8243; _builder_version=&#8221;4.23.1&#8243; _module_preset=&#8221;default&#8221; global_colors_info=&#8221;{}&#8221;][et_pb_text _builder_version=&#8221;4.23.1&#8243; _module_preset=&#8221;default&#8221; header_font=&#8221;|700|||||||&#8221; header_2_font_size=&#8221;80px&#8221; header_2_font_size_tablet=&#8221;80px&#8221; header_2_font_size_phone=&#8221;40px&#8221; header_2_font_size_last_edited=&#8221;on|phone&#8221; global_colors_info=&#8221;{}&#8221;]<\/p>\n<h2>Le nostre sedi<\/h2>\n<p>[\/et_pb_text][\/et_pb_column][\/et_pb_row][et_pb_row column_structure=&#8221;1_2,1_4,1_4&#8243; _builder_version=&#8221;4.23.1&#8243; _module_preset=&#8221;default&#8221; border_width_top=&#8221;1px&#8221; global_colors_info=&#8221;{}&#8221;][et_pb_column type=&#8221;1_2&#8243; _builder_version=&#8221;4.23.1&#8243; _module_preset=&#8221;default&#8221; global_colors_info=&#8221;{}&#8221;][et_pb_text _builder_version=&#8221;4.23.1&#8243; _module_preset=&#8221;default&#8221; header_font=&#8221;|700|||||||&#8221; header_2_font_size_tablet=&#8221;&#8221; header_2_font_size_phone=&#8221;30px&#8221; header_2_font_size_last_edited=&#8221;on|phone&#8221; global_colors_info=&#8221;{}&#8221;]<\/p>\n<h2>Austria<\/h2>\n<p>[\/et_pb_text][\/et_pb_column][et_pb_column type=&#8221;1_4&#8243; _builder_version=&#8221;4.23.1&#8243; _module_preset=&#8221;default&#8221; global_colors_info=&#8221;{}&#8221;][et_pb_text _builder_version=&#8221;4.23.4&#8243; _module_preset=&#8221;default&#8221; global_colors_info=&#8221;{}&#8221;]<\/p>\n<p><strong>Salisburgo, sede centrale<\/strong><br \/>T <a href=\"tel:+4366222550\">+43 662 2255-0<\/a><br \/><a>office@hobex.it<\/a><\/p>\n<p>[\/et_pb_text][\/et_pb_column][et_pb_column type=&#8221;1_4&#8243; _builder_version=&#8221;4.23.1&#8243; _module_preset=&#8221;default&#8221; global_colors_info=&#8221;{}&#8221;][et_pb_text _builder_version=&#8221;4.23.1&#8243; _module_preset=&#8221;default&#8221; global_colors_info=&#8221;{}&#8221;]<\/p>\n<p><strong>Vienna<\/strong><br \/><a href=\"tel:+4366222550\">T +43 662 2255-0<\/a><br \/><a>office@hobex.it<\/a><\/p>\n<p>[\/et_pb_text][\/et_pb_column][\/et_pb_row][et_pb_row column_structure=&#8221;1_2,1_4,1_4&#8243; _builder_version=&#8221;4.23.1&#8243; _module_preset=&#8221;default&#8221; border_width_top=&#8221;1px&#8221; global_colors_info=&#8221;{}&#8221;][et_pb_column type=&#8221;1_2&#8243; _builder_version=&#8221;4.23.1&#8243; _module_preset=&#8221;default&#8221; global_colors_info=&#8221;{}&#8221;][et_pb_text _builder_version=&#8221;4.23.1&#8243; _module_preset=&#8221;default&#8221; header_font=&#8221;|700|||||||&#8221; header_2_font_size_tablet=&#8221;&#8221; header_2_font_size_phone=&#8221;30px&#8221; header_2_font_size_last_edited=&#8221;on|phone&#8221; global_colors_info=&#8221;{}&#8221;]<\/p>\n<h2>Germania<\/h2>\n<p>[\/et_pb_text][\/et_pb_column][et_pb_column type=&#8221;1_4&#8243; _builder_version=&#8221;4.23.1&#8243; _module_preset=&#8221;default&#8221; global_colors_info=&#8221;{}&#8221;][et_pb_text _builder_version=&#8221;4.23.1&#8243; _module_preset=&#8221;default&#8221; global_colors_info=&#8221;{}&#8221;]<\/p>\n<p><strong>Monaco di Baviera<\/strong><br \/><span>T <\/span><a href=\"tel:+4989200070330\">+49 89 2000 70 330<\/a><br \/><span>Hotline <\/span><a href=\"tel:+4989200070333\">+49 89 2000 70 333<\/a><br \/><span>F +49 89 2000 70 19991<\/span><br \/><a>office@hobex.eu<\/a><\/p>\n<p>[\/et_pb_text][\/et_pb_column][et_pb_column type=&#8221;1_4&#8243; _builder_version=&#8221;4.23.1&#8243; _module_preset=&#8221;default&#8221; global_colors_info=&#8221;{}&#8221;][et_pb_text _builder_version=&#8221;4.23.4&#8243; _module_preset=&#8221;default&#8221; global_colors_info=&#8221;{}&#8221;]<\/p>\n<p><strong>Berlino<\/strong><br \/><span>T <\/span><a href=\"tel:+49892000330\">+49 89 2000 70 330<\/a><br \/><span>Hotline <\/span><a href=\"tel:+4989200070333\">+49 89 2000 70 333<\/a><br \/><span>F +49 89 2000 70 19991<\/span><br \/><a>office@hobex.eu<\/a><\/p>\n<p>[\/et_pb_text][\/et_pb_column][\/et_pb_row][et_pb_row column_structure=&#8221;1_2,1_4,1_4&#8243; _builder_version=&#8221;4.23.1&#8243; _module_preset=&#8221;default&#8221; border_width_top=&#8221;1px&#8221; global_colors_info=&#8221;{}&#8221;][et_pb_column type=&#8221;1_2&#8243; _builder_version=&#8221;4.23.1&#8243; _module_preset=&#8221;default&#8221; global_colors_info=&#8221;{}&#8221;][et_pb_text _builder_version=&#8221;4.23.1&#8243; _module_preset=&#8221;default&#8221; header_font=&#8221;|700|||||||&#8221; header_2_font_size_tablet=&#8221;&#8221; header_2_font_size_phone=&#8221;30px&#8221; header_2_font_size_last_edited=&#8221;on|phone&#8221; global_colors_info=&#8221;{}&#8221;]<\/p>\n<h2>Italia<\/h2>\n<p>[\/et_pb_text][\/et_pb_column][et_pb_column type=&#8221;1_4&#8243; _builder_version=&#8221;4.23.1&#8243; _module_preset=&#8221;default&#8221; global_colors_info=&#8221;{}&#8221;][et_pb_text _builder_version=&#8221;4.23.1&#8243; _module_preset=&#8221;default&#8221; global_colors_info=&#8221;{}&#8221;]<\/p>\n<p><strong>Bolzano<\/strong><br \/><a href=\"tel:+3904711965588\">T +39 0471 196 55 88<\/a><br \/><span>Hotline 848 424 407<\/span><br \/><a>info@hobex.it<\/a><\/p>\n<p>[\/et_pb_text][\/et_pb_column][et_pb_column type=&#8221;1_4&#8243; _builder_version=&#8221;4.23.1&#8243; _module_preset=&#8221;default&#8221; global_colors_info=&#8221;{}&#8221;][\/et_pb_column][\/et_pb_row][et_pb_row column_structure=&#8221;1_2,1_4,1_4&#8243; _builder_version=&#8221;4.23.1&#8243; _module_preset=&#8221;default&#8221; border_width_top=&#8221;1px&#8221; border_width_bottom=&#8221;1px&#8221; global_colors_info=&#8221;{}&#8221;][et_pb_column type=&#8221;1_2&#8243; _builder_version=&#8221;4.23.1&#8243; _module_preset=&#8221;default&#8221; global_colors_info=&#8221;{}&#8221;][et_pb_text _builder_version=&#8221;4.23.1&#8243; _module_preset=&#8221;default&#8221; header_font=&#8221;|700|||||||&#8221; header_2_font_size_tablet=&#8221;&#8221; header_2_font_size_phone=&#8221;30px&#8221; header_2_font_size_last_edited=&#8221;on|phone&#8221; global_colors_info=&#8221;{}&#8221;]<\/p>\n<h2>Slovenia<\/h2>\n<p>[\/et_pb_text][\/et_pb_column][et_pb_column type=&#8221;1_4&#8243; _builder_version=&#8221;4.23.1&#8243; _module_preset=&#8221;default&#8221; global_colors_info=&#8221;{}&#8221;][et_pb_text _builder_version=&#8221;4.23.1&#8243; _module_preset=&#8221;default&#8221; global_colors_info=&#8221;{}&#8221;]<\/p>\n<p><strong>Gornja Radgona<\/strong><br \/><a href=\"tel:+38631307660\">T +386 31 307 660<\/a><br \/><span>Hotline <\/span><a href=\"tel:+38616008674\">+386 1 600 8674<\/a><br \/><a>office@hobex.si<\/a><\/p>\n<p>[\/et_pb_text][\/et_pb_column][et_pb_column type=&#8221;1_4&#8243; _builder_version=&#8221;4.23.1&#8243; _module_preset=&#8221;default&#8221; global_colors_info=&#8221;{}&#8221;][\/et_pb_column][\/et_pb_row][\/et_pb_section]<\/p>\n","protected":false},"excerpt":{"rendered":"<p>Ordinare rotoli di carta termica<div class=\"et_pb_with_border et_pb_module dipi_gravity_forms_styler dipi_gravity_forms_styler_0\">\n\t\t\t\t\n\t\t\t\t\n\t\t\t\t\n\t\t\t\t\n\t\t\t\t\n\t\t\t\t\n\t\t\t\t<div class=\"et_pb_module_inner\">\n\t\t\t\t\t<div class=\"dipi_gf_styler_container\" data-config=\"{&quot;order_class&quot;:&quot;dipi_gravity_forms_styler_0&quot;,&quot;custom_all&quot;:&quot;&amp;#8221;on&amp;#8221;&quot;,&quot;all_use_icon&quot;:&quot;on&quot;,&quot;all_icon&quot;:&quot;&amp;#8221;&amp;#x3d;||divi||400&amp;#8243;&quot;,&quot;all_icon_tablet&quot;:&quot;&quot;,&quot;all_icon_phone&quot;:&quot;&quot;,&quot;all_icon_last_edited&quot;:&quot;&quot;,&quot;custom_next&quot;:&quot;off&quot;,&quot;next_use_icon&quot;:&quot;on&quot;,&quot;next_icon&quot;:&quot;&quot;,&quot;next_icon_tablet&quot;:&quot;&quot;,&quot;next_icon_phone&quot;:&quot;&quot;,&quot;next_icon_last_edited&quot;:&quot;&quot;,&quot;custom_prev&quot;:&quot;off&quot;,&quot;prev_use_icon&quot;:&quot;on&quot;,&quot;prev_icon&quot;:&quot;&quot;,&quot;prev_icon_tablet&quot;:&quot;&quot;,&quot;prev_icon_phone&quot;:&quot;&quot;,&quot;prev_icon_last_edited&quot;:&quot;&quot;,&quot;custom_submit&quot;:&quot;off&quot;,&quot;submit_use_icon&quot;:&quot;on&quot;,&quot;submit_icon&quot;:&quot;&quot;,&quot;submit_icon_tablet&quot;:&quot;&quot;,&quot;submit_icon_phone&quot;:&quot;&quot;,&quot;submit_icon_last_edited&quot;:&quot;&quot;,&quot;use_custom_select_arrow&quot;:&quot;&amp;#8221;on&amp;#8221;&quot;,&quot;select_arrow_use_icon&quot;:&quot;&amp;#8221;on&amp;#8221;&quot;,&quot;select_arrow_icon_last_edited&quot;:&quot;&quot;,&quot;select_arrow_icon&quot;:&quot;&amp;#xf078;||fa||900&quot;,&quot;select_arrow_icon_tablet&quot;:&quot;&quot;,&quot;select_arrow_icon_phone&quot;:&quot;&quot;}\">\n                <div class=\"alert\">\n                    No form selected.\n                    <br>\n                    Please select a form form the dropdown list of 'Choose Gravity Form'.\n                <\/div>\n            <\/div>\n\t\t\t\t<\/div>\n\t\t\t<\/div><\/p>\n","protected":false},"author":2,"featured_media":0,"parent":22993209,"menu_order":0,"comment_status":"closed","ping_status":"closed","template":"","meta":{"_et_pb_use_builder":"on","_et_pb_old_content":"","_et_gb_content_width":"","footnotes":""},"dipi_cpt_category":[],"class_list":["post-25278938","page","type-page","status-publish","hentry"],"yoast_head":"<!-- This site is optimized with the Yoast SEO Premium plugin v27.6 (Yoast SEO v27.6) - https:\/\/yoast.com\/product\/yoast-seo-premium-wordpress\/ -->\n<title>Modulo d\u2019ordine Rotoli di carta termica - hobex Payment Systems<\/title>\n<meta name=\"description\" content=\"Rotoli di carta termica di alta qualit\u00e0 per il vostro terminale di pagamento.Da hobex ricevete rotoli di carta perfettamente compatibili, appositamente adattati alle esigenze del traffico di pagamenti quotidiano.\" \/>\n<meta name=\"robots\" content=\"index, follow, max-snippet:-1, max-image-preview:large, max-video-preview:-1\" \/>\n<link rel=\"canonical\" href=\"https:\/\/www.hobex.at\/it\/contatto\/modulo-dordine-rotoli-di-carta-termica\/\" \/>\n<meta property=\"og:locale\" content=\"it_IT\" \/>\n<meta property=\"og:type\" content=\"article\" \/>\n<meta property=\"og:title\" content=\"Modulo d\u2019ordine Rotoli di carta termica\" \/>\n<meta property=\"og:description\" content=\"Rotoli di carta termica di alta qualit\u00e0 per il vostro terminale di pagamento.Da hobex ricevete rotoli di carta perfettamente compatibili, appositamente adattati alle esigenze del traffico di pagamenti quotidiano.\" \/>\n<meta property=\"og:url\" content=\"https:\/\/www.hobex.at\/it\/contatto\/modulo-dordine-rotoli-di-carta-termica\/\" \/>\n<meta property=\"og:site_name\" content=\"hobex Payment Systems\" \/>\n<meta property=\"article:modified_time\" content=\"2025-07-08T13:34:59+00:00\" \/>\n<meta name=\"twitter:card\" content=\"summary_large_image\" \/>\n<meta name=\"twitter:label1\" content=\"Tempo di lettura stimato\" \/>\n\t<meta name=\"twitter:data1\" content=\"6 minuti\" \/>\n<script type=\"application\/ld+json\" class=\"yoast-schema-graph\">{\"@context\":\"https:\\\/\\\/schema.org\",\"@graph\":[{\"@type\":\"WebPage\",\"@id\":\"https:\\\/\\\/www.hobex.at\\\/it\\\/contatto\\\/modulo-dordine-rotoli-di-carta-termica\\\/\",\"url\":\"https:\\\/\\\/www.hobex.at\\\/it\\\/contatto\\\/modulo-dordine-rotoli-di-carta-termica\\\/\",\"name\":\"Modulo d\u2019ordine Rotoli di carta termica - hobex Payment Systems\",\"isPartOf\":{\"@id\":\"https:\\\/\\\/www.hobex.at\\\/it\\\/#website\"},\"datePublished\":\"2025-06-19T22:34:48+00:00\",\"dateModified\":\"2025-07-08T13:34:59+00:00\",\"description\":\"Rotoli di carta termica di alta qualit\u00e0 per il vostro terminale di pagamento.Da hobex ricevete rotoli di carta perfettamente compatibili, appositamente adattati alle esigenze del traffico di pagamenti quotidiano.\",\"breadcrumb\":{\"@id\":\"https:\\\/\\\/www.hobex.at\\\/it\\\/contatto\\\/modulo-dordine-rotoli-di-carta-termica\\\/#breadcrumb\"},\"inLanguage\":\"it-IT\",\"potentialAction\":[{\"@type\":\"ReadAction\",\"target\":[\"https:\\\/\\\/www.hobex.at\\\/it\\\/contatto\\\/modulo-dordine-rotoli-di-carta-termica\\\/\"]}]},{\"@type\":\"BreadcrumbList\",\"@id\":\"https:\\\/\\\/www.hobex.at\\\/it\\\/contatto\\\/modulo-dordine-rotoli-di-carta-termica\\\/#breadcrumb\",\"itemListElement\":[{\"@type\":\"ListItem\",\"position\":1,\"name\":\"Startseite\",\"item\":\"https:\\\/\\\/www.hobex.at\\\/it\\\/\"},{\"@type\":\"ListItem\",\"position\":2,\"name\":\"Contatto\",\"item\":\"https:\\\/\\\/www.hobex.at\\\/it\\\/contatto\\\/\"},{\"@type\":\"ListItem\",\"position\":3,\"name\":\"Modulo d\u2019ordine Rotoli di carta termica\"}]},{\"@type\":\"WebSite\",\"@id\":\"https:\\\/\\\/www.hobex.at\\\/it\\\/#website\",\"url\":\"https:\\\/\\\/www.hobex.at\\\/it\\\/\",\"name\":\"hobex Payment Systems\",\"description\":\"We are payment.\",\"publisher\":{\"@id\":\"https:\\\/\\\/www.hobex.at\\\/it\\\/#organization\"},\"alternateName\":\"hobex\",\"potentialAction\":[{\"@type\":\"SearchAction\",\"target\":{\"@type\":\"EntryPoint\",\"urlTemplate\":\"https:\\\/\\\/www.hobex.at\\\/it\\\/?s={search_term_string}\"},\"query-input\":{\"@type\":\"PropertyValueSpecification\",\"valueRequired\":true,\"valueName\":\"search_term_string\"}}],\"inLanguage\":\"it-IT\"},{\"@type\":\"Organization\",\"@id\":\"https:\\\/\\\/www.hobex.at\\\/it\\\/#organization\",\"name\":\"hobex Payment Systems\",\"alternateName\":\"hobex\",\"url\":\"https:\\\/\\\/www.hobex.at\\\/it\\\/\",\"logo\":{\"@type\":\"ImageObject\",\"inLanguage\":\"it-IT\",\"@id\":\"https:\\\/\\\/www.hobex.at\\\/it\\\/#\\\/schema\\\/logo\\\/image\\\/\",\"url\":\"https:\\\/\\\/www.hobex.at\\\/wp-content\\\/uploads\\\/2023\\\/10\\\/Hobex-Logo-Main_Vector.png\",\"contentUrl\":\"https:\\\/\\\/www.hobex.at\\\/wp-content\\\/uploads\\\/2023\\\/10\\\/Hobex-Logo-Main_Vector.png\",\"width\":397,\"height\":154,\"caption\":\"hobex Payment Systems\"},\"image\":{\"@id\":\"https:\\\/\\\/www.hobex.at\\\/it\\\/#\\\/schema\\\/logo\\\/image\\\/\"},\"sameAs\":[\"https:\\\/\\\/www.linkedin.com\\\/company\\\/hobex-ag-paymentsystems\\\/\"],\"description\":\"hobex bietet perfekte Bezahll\u00f6sungen f\u00fcr jede Branche mit einer breiten Palette an Bezahlterminals, um Kartenzahlungen und NFC Zahlungen sicher und schnell zu akzeptieren. Station\u00e4re Terminals sind ideal f\u00fcr den Einzelhandel und die Hotellerie, da sie sichere und zuverl\u00e4ssige Transaktionen am Point of Sale erm\u00f6glichen. F\u00fcr Gastronomie, Dienstleister und Au\u00dfendienstmitarbeiter stellen mobile Terminals eine flexible L\u00f6sung dar, da Zahlungen direkt vor Ort abgewickelt werden k\u00f6nnen. Zus\u00e4tzlich lassen sich die Bezahlterminals nahtlos in bestehende Systeme wie eCommerce-Plattformen oder Kassensysteme integrieren, was den administrativen Aufwand reduziert und die Effizienz im Betrieb steigert.\",\"email\":\"office@hobex.at\",\"telephone\":\"+43 662 2255-0\",\"legalName\":\"hobex AG\",\"foundingDate\":\"1999-07-29\",\"vatID\":\"ATU35185508\",\"numberOfEmployees\":{\"@type\":\"QuantitativeValue\",\"minValue\":\"51\",\"maxValue\":\"200\"}}]}<\/script>\n<!-- \/ Yoast SEO Premium plugin. -->","yoast_head_json":{"title":"Modulo d\u2019ordine Rotoli di carta termica - hobex Payment Systems","description":"Rotoli di carta termica di alta qualit\u00e0 per il vostro terminale di pagamento.Da hobex ricevete rotoli di carta perfettamente compatibili, appositamente adattati alle esigenze del traffico di pagamenti quotidiano.","robots":{"index":"index","follow":"follow","max-snippet":"max-snippet:-1","max-image-preview":"max-image-preview:large","max-video-preview":"max-video-preview:-1"},"canonical":"https:\/\/www.hobex.at\/it\/contatto\/modulo-dordine-rotoli-di-carta-termica\/","og_locale":"it_IT","og_type":"article","og_title":"Modulo d\u2019ordine Rotoli di carta termica","og_description":"Rotoli di carta termica di alta qualit\u00e0 per il vostro terminale di pagamento.Da hobex ricevete rotoli di carta perfettamente compatibili, appositamente adattati alle esigenze del traffico di pagamenti quotidiano.","og_url":"https:\/\/www.hobex.at\/it\/contatto\/modulo-dordine-rotoli-di-carta-termica\/","og_site_name":"hobex Payment Systems","article_modified_time":"2025-07-08T13:34:59+00:00","twitter_card":"summary_large_image","twitter_misc":{"Tempo di lettura stimato":"6 minuti"},"schema":{"@context":"https:\/\/schema.org","@graph":[{"@type":"WebPage","@id":"https:\/\/www.hobex.at\/it\/contatto\/modulo-dordine-rotoli-di-carta-termica\/","url":"https:\/\/www.hobex.at\/it\/contatto\/modulo-dordine-rotoli-di-carta-termica\/","name":"Modulo d\u2019ordine Rotoli di carta termica - hobex Payment Systems","isPartOf":{"@id":"https:\/\/www.hobex.at\/it\/#website"},"datePublished":"2025-06-19T22:34:48+00:00","dateModified":"2025-07-08T13:34:59+00:00","description":"Rotoli di carta termica di alta qualit\u00e0 per il vostro terminale di pagamento.Da hobex ricevete rotoli di carta perfettamente compatibili, appositamente adattati alle esigenze del traffico di pagamenti quotidiano.","breadcrumb":{"@id":"https:\/\/www.hobex.at\/it\/contatto\/modulo-dordine-rotoli-di-carta-termica\/#breadcrumb"},"inLanguage":"it-IT","potentialAction":[{"@type":"ReadAction","target":["https:\/\/www.hobex.at\/it\/contatto\/modulo-dordine-rotoli-di-carta-termica\/"]}]},{"@type":"BreadcrumbList","@id":"https:\/\/www.hobex.at\/it\/contatto\/modulo-dordine-rotoli-di-carta-termica\/#breadcrumb","itemListElement":[{"@type":"ListItem","position":1,"name":"Startseite","item":"https:\/\/www.hobex.at\/it\/"},{"@type":"ListItem","position":2,"name":"Contatto","item":"https:\/\/www.hobex.at\/it\/contatto\/"},{"@type":"ListItem","position":3,"name":"Modulo d\u2019ordine Rotoli di carta termica"}]},{"@type":"WebSite","@id":"https:\/\/www.hobex.at\/it\/#website","url":"https:\/\/www.hobex.at\/it\/","name":"hobex Payment Systems","description":"We are payment.","publisher":{"@id":"https:\/\/www.hobex.at\/it\/#organization"},"alternateName":"hobex","potentialAction":[{"@type":"SearchAction","target":{"@type":"EntryPoint","urlTemplate":"https:\/\/www.hobex.at\/it\/?s={search_term_string}"},"query-input":{"@type":"PropertyValueSpecification","valueRequired":true,"valueName":"search_term_string"}}],"inLanguage":"it-IT"},{"@type":"Organization","@id":"https:\/\/www.hobex.at\/it\/#organization","name":"hobex Payment Systems","alternateName":"hobex","url":"https:\/\/www.hobex.at\/it\/","logo":{"@type":"ImageObject","inLanguage":"it-IT","@id":"https:\/\/www.hobex.at\/it\/#\/schema\/logo\/image\/","url":"https:\/\/www.hobex.at\/wp-content\/uploads\/2023\/10\/Hobex-Logo-Main_Vector.png","contentUrl":"https:\/\/www.hobex.at\/wp-content\/uploads\/2023\/10\/Hobex-Logo-Main_Vector.png","width":397,"height":154,"caption":"hobex Payment Systems"},"image":{"@id":"https:\/\/www.hobex.at\/it\/#\/schema\/logo\/image\/"},"sameAs":["https:\/\/www.linkedin.com\/company\/hobex-ag-paymentsystems\/"],"description":"hobex bietet perfekte Bezahll\u00f6sungen f\u00fcr jede Branche mit einer breiten Palette an Bezahlterminals, um Kartenzahlungen und NFC Zahlungen sicher und schnell zu akzeptieren. Station\u00e4re Terminals sind ideal f\u00fcr den Einzelhandel und die Hotellerie, da sie sichere und zuverl\u00e4ssige Transaktionen am Point of Sale erm\u00f6glichen. F\u00fcr Gastronomie, Dienstleister und Au\u00dfendienstmitarbeiter stellen mobile Terminals eine flexible L\u00f6sung dar, da Zahlungen direkt vor Ort abgewickelt werden k\u00f6nnen. Zus\u00e4tzlich lassen sich die Bezahlterminals nahtlos in bestehende Systeme wie eCommerce-Plattformen oder Kassensysteme integrieren, was den administrativen Aufwand reduziert und die Effizienz im Betrieb steigert.","email":"office@hobex.at","telephone":"+43 662 2255-0","legalName":"hobex AG","foundingDate":"1999-07-29","vatID":"ATU35185508","numberOfEmployees":{"@type":"QuantitativeValue","minValue":"51","maxValue":"200"}}]}},"_links":{"self":[{"href":"https:\/\/www.hobex.at\/it\/wp-json\/wp\/v2\/pages\/25278938","targetHints":{"allow":["GET"]}}],"collection":[{"href":"https:\/\/www.hobex.at\/it\/wp-json\/wp\/v2\/pages"}],"about":[{"href":"https:\/\/www.hobex.at\/it\/wp-json\/wp\/v2\/types\/page"}],"author":[{"embeddable":true,"href":"https:\/\/www.hobex.at\/it\/wp-json\/wp\/v2\/users\/2"}],"replies":[{"embeddable":true,"href":"https:\/\/www.hobex.at\/it\/wp-json\/wp\/v2\/comments?post=25278938"}],"version-history":[{"count":5,"href":"https:\/\/www.hobex.at\/it\/wp-json\/wp\/v2\/pages\/25278938\/revisions"}],"predecessor-version":[{"id":25278949,"href":"https:\/\/www.hobex.at\/it\/wp-json\/wp\/v2\/pages\/25278938\/revisions\/25278949"}],"up":[{"embeddable":true,"href":"https:\/\/www.hobex.at\/it\/wp-json\/wp\/v2\/pages\/22993209"}],"wp:attachment":[{"href":"https:\/\/www.hobex.at\/it\/wp-json\/wp\/v2\/media?parent=25278938"}],"wp:term":[{"taxonomy":"dipi_cpt_category","embeddable":true,"href":"https:\/\/www.hobex.at\/it\/wp-json\/wp\/v2\/dipi_cpt_category?post=25278938"}],"curies":[{"name":"wp","href":"https:\/\/api.w.org\/{rel}","templated":true}]}}