{"id":22994119,"date":"2024-01-16T12:04:01","date_gmt":"2024-01-16T11:04:01","guid":{"rendered":"https:\/\/www.hobex.at\/attualita\/"},"modified":"2024-03-04T12:28:57","modified_gmt":"2024-03-04T11:28:57","slug":"attualita","status":"publish","type":"page","link":"https:\/\/www.hobex.at\/it\/attualita\/","title":{"rendered":"Attualit\u00e0"},"content":{"rendered":"<p>[et_pb_section fb_built=&#8221;1&#8243; _builder_version=&#8221;4.23&#8243; _module_preset=&#8221;default&#8221; custom_padding=&#8221;||0px|||&#8221; locked=&#8221;off&#8221; global_colors_info=&#8221;{}&#8221;][et_pb_row _builder_version=&#8221;4.23.1&#8243; _module_preset=&#8221;default&#8221; custom_padding=&#8221;||0px|||&#8221; global_colors_info=&#8221;{}&#8221;][et_pb_column type=&#8221;4_4&#8243; _builder_version=&#8221;4.23.1&#8243; _module_preset=&#8221;default&#8221; global_colors_info=&#8221;{}&#8221;][et_pb_text _builder_version=&#8221;4.23.4&#8243; _module_preset=&#8221;default&#8221; header_font=&#8221;||||||||&#8221; background_color=&#8221;RGBA(255,255,255,0)&#8221; text_orientation=&#8221;center&#8221; width=&#8221;60%&#8221; width_tablet=&#8221;100%&#8221; width_phone=&#8221;100%&#8221; width_last_edited=&#8221;on|phone&#8221; module_alignment=&#8221;center&#8221; global_colors_info=&#8221;{}&#8221;]<\/p>\n<h1><span>Attualit\u00e0<\/span><\/h1>\n<p>[\/et_pb_text][\/et_pb_column][\/et_pb_row][\/et_pb_section][et_pb_section fb_built=&#8221;1&#8243; specialty=&#8221;on&#8221; _builder_version=&#8221;4.23.4&#8243; _module_preset=&#8221;default&#8221; custom_padding=&#8221;12px||0px|||&#8221; global_colors_info=&#8221;{}&#8221;][et_pb_column type=&#8221;3_4&#8243; specialty_columns=&#8221;3&#8243; _builder_version=&#8221;4.16&#8243; custom_padding=&#8221;|||&#8221; global_colors_info=&#8221;{}&#8221; custom_padding__hover=&#8221;|||&#8221;][et_pb_row_inner _builder_version=&#8221;4.23.4&#8243; _module_preset=&#8221;default&#8221; custom_padding=&#8221;15px||||false|false&#8221; global_colors_info=&#8221;{}&#8221;][et_pb_column_inner saved_specialty_column_type=&#8221;3_4&#8243; _builder_version=&#8221;4.23.4&#8243; _module_preset=&#8221;default&#8221; global_colors_info=&#8221;{}&#8221;][dipi_blog_slider include_categories=&#8221;39&#8243; card_clickable=&#8221;on&#8221; use_thumbnail_height=&#8221;on&#8221; thumbnail_height=&#8221;180px&#8221; use_thumbnails=&#8221;on&#8221; image_size=&#8221;large&#8221; show_more=&#8221;on&#8221; show_author=&#8221;off&#8221; date_circle_color=&#8221;#D10007&#8243; columns=&#8221;3&#8243; space_between=&#8221;40&#8243; navigation=&#8221;on&#8221; navigation_prev_icon_yn=&#8221;on&#8221; navigation_prev_icon=&#8221;&#x23;||divi||400&#8243; navigation_next_icon_yn=&#8221;on&#8221; navigation_next_icon=&#8221;&#x24;||divi||400&#8243; navigation_size=&#8221;40&#8243; navigation_color=&#8221;#333333&#8243; navigation_bg_color=&#8221;RGBA(255,255,255,0)&#8221; columns_tablet=&#8221;3&#8243; columns_phone=&#8221;1&#8243; columns_last_edited=&#8221;on|phone&#8221; navigation_size_tablet=&#8221;40&#8243; navigation_size_phone=&#8221;24&#8243; navigation_size_last_edited=&#8221;on|phone&#8221; navigation_position_left_tablet=&#8221;&#8221; navigation_position_left_phone=&#8221;0px&#8221; navigation_position_left_last_edited=&#8221;on|phone&#8221; navigation_position_right_tablet=&#8221;&#8221; navigation_position_right_phone=&#8221;0px&#8221; navigation_position_right_last_edited=&#8221;on|phone&#8221; _builder_version=&#8221;4.23.4&#8243; _module_preset=&#8221;default&#8221; header_font_size=&#8221;30px&#8221; date_text_color=&#8221;#FFFFFF&#8221; custom_button=&#8221;on&#8221; button_bg_color=&#8221;RGBA(255,255,255,0)&#8221; button_border_width=&#8221;0px&#8221; button_icon=&#8221;&#x24;||divi||400&#8243; button_icon_color=&#8221;#D10007&#8243; button_alignment=&#8221;left&#8221; button_custom_margin=&#8221;|||0px|false|false&#8221; button_custom_padding=&#8221;|||0px|false|false&#8221; custom_padding=&#8221;0px|||||&#8221; border_radii_image=&#8221;off|50px||50px|50px&#8221; global_colors_info=&#8221;{%22gcid-4e2ad749-189f-477e-b8f2-1cc77f32a567%22:%91%22overlay_bg_color%22%93}&#8221; button_text_color__hover_enabled=&#8221;on|hover&#8221; button_text_color__hover=&#8221;#D10007&#8243; button_bg_color__hover_enabled=&#8221;on|desktop&#8221; button_bg_color__hover=&#8221;RGBA(255,255,255,0)&#8221;][\/dipi_blog_slider][\/et_pb_column_inner][\/et_pb_row_inner][\/et_pb_column][et_pb_column type=&#8221;1_4&#8243; _builder_version=&#8221;4.16&#8243; custom_padding=&#8221;|||&#8221; global_colors_info=&#8221;{}&#8221; custom_padding__hover=&#8221;|||&#8221;][et_pb_sidebar orientation=&#8221;right&#8221; _builder_version=&#8221;4.23.4&#8243; _module_preset=&#8221;default&#8221; global_colors_info=&#8221;{}&#8221;][\/et_pb_sidebar][\/et_pb_column][\/et_pb_section]<\/p>\n","protected":false},"excerpt":{"rendered":"<p>Attualit\u00e0<div class=\"et_pb_module dipi_blog_slider dipi_blog_slider_0 dbdb-icon-on-right dbdb-icon-on-hover dbdb-has-custom-padding\">\n\t\t\t\t\n\t\t\t\t\n\t\t\t\t\n\t\t\t\t\n\t\t\t\t\n\t\t\t\t\n\t\t\t\t<div class=\"et_pb_module_inner\">\n\t\t\t\t\t\n\t\t    <div class=\"dipi-blog-slider-main preloading\" \n\t\t    data-columnsphone=\"1\"\n\t\t    data-columnstablet=\"3\"\n\t\t    data-columnsdesktop=\"3\"\n\t\t    data-spacebetween=\"40\"\n\t\t    data-loop=\"off\"\n\t\t    data-speed=\"500\"\n\t\t    data-navigation=\"on\"\n\t\t    data-pagination=\"off\"\n\t\t    data-autoplay=\"off\"\n\t\t    data-autoplayspeed=\"5000\"\n\t\t    data-pauseonhover=\"on\"\n\t\t    data-effect=\"slide\"\n\t\t    data-rotate=\"50\"\n\t\t    data-dynamicbullets=\"on\"\n\t\t    data-ordernumber=\"0\"\n\t\t    data-centered=\"off\"\n\t\t    data-spacebetween_tablet=\"40\"\n\t\t    data-spacebetween_phone=\"40\"\n\t\t    data-shadow=\"true\">\n\t\t        <div class=\"swiper-container\">\n\t\t            <div class=\"dipi-blog-slider-wrapper\">\n\t\t                <div class=\"entry\">\n\t<h2 class=\"not-found-title\">Nessun risultato<\/h2>\n\t<p>La pagina richiesta non \u00e8 stata trovata. Affina la tua ricerca, o utilizza la barra di navigazione qui sopra per trovare il post.<\/p>\n<\/div>\n\n\t\t            <\/div>\n\t\t        <\/div>\n\t\t        <div class=\"swiper-button-next swiper-arrow-button dipi-sbn0 \" data-icon=\"&#x24;\"><\/div>\n\t\t    <div class=\"swiper-button-prev swiper-arrow-button dipi-sbp0 \" data-icon=\"&#x23;\"><\/div>\n\t\t        <div class=\"swiper-container-horizontal\">\n\t\t            \n\t\t        <\/div>\n\t\t    <\/div>\n\t\t\t\t<\/div>\n\t\t\t<\/div><\/p>\n","protected":false},"author":2,"featured_media":0,"parent":0,"menu_order":0,"comment_status":"closed","ping_status":"closed","template":"","meta":{"_et_pb_use_builder":"on","_et_pb_old_content":"","_et_gb_content_width":"","footnotes":""},"dipi_cpt_category":[],"class_list":["post-22994119","page","type-page","status-publish","hentry"],"yoast_head":"<!-- This site is optimized with the Yoast SEO Premium plugin v27.6 (Yoast SEO v27.6) - https:\/\/yoast.com\/product\/yoast-seo-premium-wordpress\/ -->\n<title>Attualit\u00e0 - hobex Payment Systems<\/title>\n<meta name=\"robots\" content=\"index, follow, max-snippet:-1, max-image-preview:large, max-video-preview:-1\" \/>\n<link rel=\"canonical\" href=\"https:\/\/www.hobex.at\/it\/attualita\/\" \/>\n<meta property=\"og:locale\" content=\"it_IT\" \/>\n<meta property=\"og:type\" content=\"article\" \/>\n<meta property=\"og:title\" content=\"Attualit\u00e0\" \/>\n<meta property=\"og:description\" content=\"Attualit\u00e0\" \/>\n<meta property=\"og:url\" content=\"https:\/\/www.hobex.at\/it\/attualita\/\" \/>\n<meta property=\"og:site_name\" content=\"hobex Payment Systems\" \/>\n<meta property=\"article:modified_time\" content=\"2024-03-04T11:28:57+00:00\" \/>\n<meta name=\"twitter:card\" content=\"summary_large_image\" \/>\n<meta name=\"twitter:label1\" content=\"Tempo di lettura stimato\" \/>\n\t<meta name=\"twitter:data1\" content=\"2 minuti\" \/>\n<script type=\"application\/ld+json\" class=\"yoast-schema-graph\">{\"@context\":\"https:\\\/\\\/schema.org\",\"@graph\":[{\"@type\":\"WebPage\",\"@id\":\"https:\\\/\\\/www.hobex.at\\\/it\\\/attualita\\\/\",\"url\":\"https:\\\/\\\/www.hobex.at\\\/it\\\/attualita\\\/\",\"name\":\"Attualit\u00e0 - hobex Payment Systems\",\"isPartOf\":{\"@id\":\"https:\\\/\\\/www.hobex.at\\\/it\\\/#website\"},\"datePublished\":\"2024-01-16T11:04:01+00:00\",\"dateModified\":\"2024-03-04T11:28:57+00:00\",\"breadcrumb\":{\"@id\":\"https:\\\/\\\/www.hobex.at\\\/it\\\/attualita\\\/#breadcrumb\"},\"inLanguage\":\"it-IT\",\"potentialAction\":[{\"@type\":\"ReadAction\",\"target\":[\"https:\\\/\\\/www.hobex.at\\\/it\\\/attualita\\\/\"]}]},{\"@type\":\"BreadcrumbList\",\"@id\":\"https:\\\/\\\/www.hobex.at\\\/it\\\/attualita\\\/#breadcrumb\",\"itemListElement\":[{\"@type\":\"ListItem\",\"position\":1,\"name\":\"Startseite\",\"item\":\"https:\\\/\\\/www.hobex.at\\\/it\\\/\"},{\"@type\":\"ListItem\",\"position\":2,\"name\":\"Attualit\u00e0\"}]},{\"@type\":\"WebSite\",\"@id\":\"https:\\\/\\\/www.hobex.at\\\/it\\\/#website\",\"url\":\"https:\\\/\\\/www.hobex.at\\\/it\\\/\",\"name\":\"hobex Payment Systems\",\"description\":\"We are payment.\",\"publisher\":{\"@id\":\"https:\\\/\\\/www.hobex.at\\\/it\\\/#organization\"},\"alternateName\":\"hobex\",\"potentialAction\":[{\"@type\":\"SearchAction\",\"target\":{\"@type\":\"EntryPoint\",\"urlTemplate\":\"https:\\\/\\\/www.hobex.at\\\/it\\\/?s={search_term_string}\"},\"query-input\":{\"@type\":\"PropertyValueSpecification\",\"valueRequired\":true,\"valueName\":\"search_term_string\"}}],\"inLanguage\":\"it-IT\"},{\"@type\":\"Organization\",\"@id\":\"https:\\\/\\\/www.hobex.at\\\/it\\\/#organization\",\"name\":\"hobex Payment Systems\",\"alternateName\":\"hobex\",\"url\":\"https:\\\/\\\/www.hobex.at\\\/it\\\/\",\"logo\":{\"@type\":\"ImageObject\",\"inLanguage\":\"it-IT\",\"@id\":\"https:\\\/\\\/www.hobex.at\\\/it\\\/#\\\/schema\\\/logo\\\/image\\\/\",\"url\":\"https:\\\/\\\/www.hobex.at\\\/wp-content\\\/uploads\\\/2023\\\/10\\\/Hobex-Logo-Main_Vector.png\",\"contentUrl\":\"https:\\\/\\\/www.hobex.at\\\/wp-content\\\/uploads\\\/2023\\\/10\\\/Hobex-Logo-Main_Vector.png\",\"width\":397,\"height\":154,\"caption\":\"hobex Payment Systems\"},\"image\":{\"@id\":\"https:\\\/\\\/www.hobex.at\\\/it\\\/#\\\/schema\\\/logo\\\/image\\\/\"},\"sameAs\":[\"https:\\\/\\\/www.linkedin.com\\\/company\\\/hobex-ag-paymentsystems\\\/\"],\"description\":\"hobex bietet perfekte Bezahll\u00f6sungen f\u00fcr jede Branche mit einer breiten Palette an Bezahlterminals, um Kartenzahlungen und NFC Zahlungen sicher und schnell zu akzeptieren. Station\u00e4re Terminals sind ideal f\u00fcr den Einzelhandel und die Hotellerie, da sie sichere und zuverl\u00e4ssige Transaktionen am Point of Sale erm\u00f6glichen. F\u00fcr Gastronomie, Dienstleister und Au\u00dfendienstmitarbeiter stellen mobile Terminals eine flexible L\u00f6sung dar, da Zahlungen direkt vor Ort abgewickelt werden k\u00f6nnen. Zus\u00e4tzlich lassen sich die Bezahlterminals nahtlos in bestehende Systeme wie eCommerce-Plattformen oder Kassensysteme integrieren, was den administrativen Aufwand reduziert und die Effizienz im Betrieb steigert.\",\"email\":\"office@hobex.at\",\"telephone\":\"+43 662 2255-0\",\"legalName\":\"hobex AG\",\"foundingDate\":\"1999-07-29\",\"vatID\":\"ATU35185508\",\"numberOfEmployees\":{\"@type\":\"QuantitativeValue\",\"minValue\":\"51\",\"maxValue\":\"200\"}}]}<\/script>\n<!-- \/ Yoast SEO Premium plugin. -->","yoast_head_json":{"title":"Attualit\u00e0 - hobex Payment Systems","robots":{"index":"index","follow":"follow","max-snippet":"max-snippet:-1","max-image-preview":"max-image-preview:large","max-video-preview":"max-video-preview:-1"},"canonical":"https:\/\/www.hobex.at\/it\/attualita\/","og_locale":"it_IT","og_type":"article","og_title":"Attualit\u00e0","og_description":"Attualit\u00e0","og_url":"https:\/\/www.hobex.at\/it\/attualita\/","og_site_name":"hobex Payment Systems","article_modified_time":"2024-03-04T11:28:57+00:00","twitter_card":"summary_large_image","twitter_misc":{"Tempo di lettura stimato":"2 minuti"},"schema":{"@context":"https:\/\/schema.org","@graph":[{"@type":"WebPage","@id":"https:\/\/www.hobex.at\/it\/attualita\/","url":"https:\/\/www.hobex.at\/it\/attualita\/","name":"Attualit\u00e0 - hobex Payment Systems","isPartOf":{"@id":"https:\/\/www.hobex.at\/it\/#website"},"datePublished":"2024-01-16T11:04:01+00:00","dateModified":"2024-03-04T11:28:57+00:00","breadcrumb":{"@id":"https:\/\/www.hobex.at\/it\/attualita\/#breadcrumb"},"inLanguage":"it-IT","potentialAction":[{"@type":"ReadAction","target":["https:\/\/www.hobex.at\/it\/attualita\/"]}]},{"@type":"BreadcrumbList","@id":"https:\/\/www.hobex.at\/it\/attualita\/#breadcrumb","itemListElement":[{"@type":"ListItem","position":1,"name":"Startseite","item":"https:\/\/www.hobex.at\/it\/"},{"@type":"ListItem","position":2,"name":"Attualit\u00e0"}]},{"@type":"WebSite","@id":"https:\/\/www.hobex.at\/it\/#website","url":"https:\/\/www.hobex.at\/it\/","name":"hobex Payment Systems","description":"We are payment.","publisher":{"@id":"https:\/\/www.hobex.at\/it\/#organization"},"alternateName":"hobex","potentialAction":[{"@type":"SearchAction","target":{"@type":"EntryPoint","urlTemplate":"https:\/\/www.hobex.at\/it\/?s={search_term_string}"},"query-input":{"@type":"PropertyValueSpecification","valueRequired":true,"valueName":"search_term_string"}}],"inLanguage":"it-IT"},{"@type":"Organization","@id":"https:\/\/www.hobex.at\/it\/#organization","name":"hobex Payment Systems","alternateName":"hobex","url":"https:\/\/www.hobex.at\/it\/","logo":{"@type":"ImageObject","inLanguage":"it-IT","@id":"https:\/\/www.hobex.at\/it\/#\/schema\/logo\/image\/","url":"https:\/\/www.hobex.at\/wp-content\/uploads\/2023\/10\/Hobex-Logo-Main_Vector.png","contentUrl":"https:\/\/www.hobex.at\/wp-content\/uploads\/2023\/10\/Hobex-Logo-Main_Vector.png","width":397,"height":154,"caption":"hobex Payment Systems"},"image":{"@id":"https:\/\/www.hobex.at\/it\/#\/schema\/logo\/image\/"},"sameAs":["https:\/\/www.linkedin.com\/company\/hobex-ag-paymentsystems\/"],"description":"hobex bietet perfekte Bezahll\u00f6sungen f\u00fcr jede Branche mit einer breiten Palette an Bezahlterminals, um Kartenzahlungen und NFC Zahlungen sicher und schnell zu akzeptieren. Station\u00e4re Terminals sind ideal f\u00fcr den Einzelhandel und die Hotellerie, da sie sichere und zuverl\u00e4ssige Transaktionen am Point of Sale erm\u00f6glichen. F\u00fcr Gastronomie, Dienstleister und Au\u00dfendienstmitarbeiter stellen mobile Terminals eine flexible L\u00f6sung dar, da Zahlungen direkt vor Ort abgewickelt werden k\u00f6nnen. Zus\u00e4tzlich lassen sich die Bezahlterminals nahtlos in bestehende Systeme wie eCommerce-Plattformen oder Kassensysteme integrieren, was den administrativen Aufwand reduziert und die Effizienz im Betrieb steigert.","email":"office@hobex.at","telephone":"+43 662 2255-0","legalName":"hobex AG","foundingDate":"1999-07-29","vatID":"ATU35185508","numberOfEmployees":{"@type":"QuantitativeValue","minValue":"51","maxValue":"200"}}]}},"_links":{"self":[{"href":"https:\/\/www.hobex.at\/it\/wp-json\/wp\/v2\/pages\/22994119","targetHints":{"allow":["GET"]}}],"collection":[{"href":"https:\/\/www.hobex.at\/it\/wp-json\/wp\/v2\/pages"}],"about":[{"href":"https:\/\/www.hobex.at\/it\/wp-json\/wp\/v2\/types\/page"}],"author":[{"embeddable":true,"href":"https:\/\/www.hobex.at\/it\/wp-json\/wp\/v2\/users\/2"}],"replies":[{"embeddable":true,"href":"https:\/\/www.hobex.at\/it\/wp-json\/wp\/v2\/comments?post=22994119"}],"version-history":[{"count":0,"href":"https:\/\/www.hobex.at\/it\/wp-json\/wp\/v2\/pages\/22994119\/revisions"}],"wp:attachment":[{"href":"https:\/\/www.hobex.at\/it\/wp-json\/wp\/v2\/media?parent=22994119"}],"wp:term":[{"taxonomy":"dipi_cpt_category","embeddable":true,"href":"https:\/\/www.hobex.at\/it\/wp-json\/wp\/v2\/dipi_cpt_category?post=22994119"}],"curies":[{"name":"wp","href":"https:\/\/api.w.org\/{rel}","templated":true}]}}