{"id":22993731,"date":"2023-12-01T18:49:06","date_gmt":"2023-12-01T17:49:06","guid":{"rendered":"https:\/\/www.hobex.at\/imprese\/"},"modified":"2024-10-03T13:45:35","modified_gmt":"2024-10-03T11:45:35","slug":"imprese","status":"publish","type":"page","link":"https:\/\/www.hobex.at\/it\/imprese\/","title":{"rendered":"Imprese"},"content":{"rendered":"<p>[et_pb_section fb_built=&#8221;1&#8243; _builder_version=&#8221;4.23&#8243; _module_preset=&#8221;default&#8221; custom_padding=&#8221;||0px|||&#8221; locked=&#8221;off&#8221; global_colors_info=&#8221;{}&#8221;][et_pb_row _builder_version=&#8221;4.23.1&#8243; _module_preset=&#8221;default&#8221; global_colors_info=&#8221;{}&#8221;][et_pb_column type=&#8221;4_4&#8243; _builder_version=&#8221;4.23.1&#8243; _module_preset=&#8221;default&#8221; global_colors_info=&#8221;{}&#8221;][et_pb_text _builder_version=&#8221;4.23.1&#8243; _module_preset=&#8221;default&#8221; header_font=&#8221;||||||||&#8221; text_orientation=&#8221;center&#8221; width=&#8221;60%&#8221; width_tablet=&#8221;100%&#8221; width_phone=&#8221;100%&#8221; width_last_edited=&#8221;on|phone&#8221; module_alignment=&#8221;center&#8221; global_colors_info=&#8221;{}&#8221;]<\/p>\n<h1><span>Imprese<\/span><\/h1>\n<p>[\/et_pb_text][\/et_pb_column][\/et_pb_row][\/et_pb_section][et_pb_section fb_built=&#8221;1&#8243; _builder_version=&#8221;4.23.1&#8243; _module_preset=&#8221;default&#8221; custom_padding=&#8221;80px|||||&#8221; global_colors_info=&#8221;{}&#8221;][et_pb_row column_structure=&#8221;1_2,1_2&#8243; _builder_version=&#8221;4.23.1&#8243; _module_preset=&#8221;default&#8221; border_width_top=&#8221;1px&#8221; global_colors_info=&#8221;{}&#8221;][et_pb_column type=&#8221;1_2&#8243; _builder_version=&#8221;4.23.1&#8243; _module_preset=&#8221;default&#8221; global_colors_info=&#8221;{}&#8221;][et_pb_text _builder_version=&#8221;4.23.4&#8243; _module_preset=&#8221;default&#8221; header_font=&#8221;|700|||||||&#8221; header_2_font_size_tablet=&#8221;&#8221; header_2_font_size_phone=&#8221;30px&#8221; header_2_font_size_last_edited=&#8221;on|phone&#8221; global_colors_info=&#8221;{}&#8221;]<\/p>\n<h2><span>Dati aziendali<\/span><\/h2>\n<p>[\/et_pb_text][\/et_pb_column][et_pb_column type=&#8221;1_2&#8243; _builder_version=&#8221;4.23.1&#8243; _module_preset=&#8221;default&#8221; global_colors_info=&#8221;{}&#8221;][et_pb_text _builder_version=&#8221;4.23.4&#8243; _module_preset=&#8221;default&#8221; global_colors_info=&#8221;{}&#8221;]<\/p>\n<p>hobex AG<br \/>Josef-Brandst\u00e4tter-Stra\u00dfe 2b<br \/>5020 Salisburgo<\/p>\n<p>T +43 662 2255-0<br \/>F +43 662 2255-68<br \/>M office@hobex.at<\/p>\n<p>Numero di registro dell\u2019azienda: FN 37265 b<br \/>Tribunale del registro delle imprese: Tribunale regionale di Salisburgo<br \/>UID: ATU35185508<br \/>DVR: 0660868<\/p>\n<p>Istituto di pagamento autorizzato ai sensi dell\u2019art. 1 della Legge sui servizi di pagamento<br \/>Numero identificativo: 1637630<br \/>Codice dell&#8217;istituto: 94602 ZI<\/p>\n<p><strong>Autorit\u00e0 di vigilanza competente<\/strong><br \/>Autorit\u00e0 per i mercati finanziari (Divisione vigilanza bancaria)<br \/>Otto-Wagner-Platz 5<br \/>1090 Vienna, Austria<\/p>\n<p><strong>Consiglio di amministrazione<\/strong><br \/>Mag. Michael Bratl (Presidente)<br \/>Mag. Karin Mitchell<\/p>\n<p>[\/et_pb_text][\/et_pb_column][\/et_pb_row][et_pb_row column_structure=&#8221;1_2,1_2&#8243; _builder_version=&#8221;4.23.1&#8243; _module_preset=&#8221;default&#8221; border_width_top=&#8221;1px&#8221; global_colors_info=&#8221;{}&#8221;][et_pb_column type=&#8221;1_2&#8243; _builder_version=&#8221;4.23.1&#8243; _module_preset=&#8221;default&#8221; global_colors_info=&#8221;{}&#8221;][et_pb_text _builder_version=&#8221;4.23.4&#8243; _module_preset=&#8221;default&#8221; header_font=&#8221;|700|||||||&#8221; header_2_font_size_tablet=&#8221;&#8221; header_2_font_size_phone=&#8221;30px&#8221; header_2_font_size_last_edited=&#8221;on|phone&#8221; global_colors_info=&#8221;{}&#8221;]<\/p>\n<h2>Esclusione di responsabilit\u00e0<\/h2>\n<p>[\/et_pb_text][\/et_pb_column][et_pb_column type=&#8221;1_2&#8243; _builder_version=&#8221;4.23.1&#8243; _module_preset=&#8221;default&#8221; global_colors_info=&#8221;{}&#8221;][et_pb_text _builder_version=&#8221;4.27.0&#8243; _module_preset=&#8221;default&#8221; hover_enabled=&#8221;0&#8243; global_colors_info=&#8221;{}&#8221; sticky_enabled=&#8221;0&#8243;]<\/p>\n<p><strong>2.1. Contenuto del sito web<\/strong><br \/>hobex AG non si assume alcuna responsabilit\u00e0 per la completezza, la correttezza, l&#8217;attualit\u00e0 o la qualit\u00e0 di tutte le informazioni fornite su questo sito web. Rivendicazioni di responsabilit\u00e0 nei confronti di hobex AG relative a danni di natura non materiale o materiale causati dall&#8217;uso o dal mancato uso delle informazioni fornite o dall&#8217;uso di informazioni errate o incomplete sono escluse in linea di principio, a condizione che non sussistano prove di dolo o grave negligenza da parte di hobex AG. Tutte le offerte sono soggette a modifiche e non sono vincolanti. hobex AG si riserva espressamente il diritto di integrare, modificare, cancellare o interrompere definitivamente prodotti, servizi, tariffe, estratti di pagine, foto, dati tecnici dei prodotti, ecc. senza preavviso.<\/p>\n<p><strong>2.2. Riferimenti e link<\/strong><br \/>hobex AG non risponde di riferimenti diretti o indiretti a pagine web di terzi (link) al di fuori dell\u2019ambito di responsabilit\u00e0 di hobex AG. Sussiste obbligo di responsabilit\u00e0 esclusivamente nel caso in cui hobex AG sia dimostrabilmente a conoscenza dei contenuti illegali e le sia tecnicamente possibile e ragionevole che impedire l&#8217;uso in caso di contenuti illegali. hobex AG dichiara espressamente che, al momento della creazione dei link, non fosse riconoscibile alcun contenuto illegale sulle pagine collegate. hobex AG non ha alcuna influenza sull\u2019organizzazione presente e futura, sul contenuto o sulla propriet\u00e0 intellettuale delle pagine linkate. Pertanto, hobex AG prende espressamente le distanze dal contenuto di tutte le pagine linkate che sono state modificate dopo la creazione del link. Questa dichiarazione si applica a tutti i link e a tutti i riferimenti presenti all&#8217;interno del sito web di hobex AG, nonch\u00e9 agli inserimenti terzi come i libri degli ospiti e mailing list. Il provider della pagina collegata \u00e8 l&#8217;unico responsabile dei contenuti illegali, errati o incompleti e in particolare per i danni derivanti dall&#8217;uso o dal mancato uso delle informazioni presentate.<\/p>\n<p><strong>2.3. Diritto d\u2019autore e sui marchi<\/strong><br \/>hobex AG si impegna a rispettare i diritti d&#8217;autore di tutti i testi, foto, grafici, documenti sonori e video in tutte le pubblicazioni, a utilizzare foto, grafici, documenti sonori, sequenze video e testi da lei stessa creati o a utilizzare foto, grafici, documenti sonori, sequenze video e testi senza licenza. Tutti i marchi e le marche commerciali citati sul sito web e, eventualmente, protetti da terzi, sono soggetti senza restrizioni alle disposizioni di legge sui marchi applicabile e ai diritti di propriet\u00e0 dei rispettivi proprietari registrati. La semplice menzione di un marchio non implica che il marchio non sia protetto da diritti di terzi. Il copyright di qualsiasi materiale pubblicato e creato da hobex AG \u00e8 riservato. L&#8217;uso di tutti i loghi, foto, grafici, documenti sonori, sequenze video e testi in altre pubblicazioni elettroniche o stampate non \u00e8 consentito senza l&#8217;esplicito consenso di hobex AG.<\/p>\n<p>Immagine pagina Paymentlink: Shutterstock.com\/Billion Photos \/ Luoghi della pagina: istockphoto.com\/Malchev<br \/>Immagine interfacce del registratore di cassa: istockphoto.com\/Ivan Bajic<br \/>Fatti e cifre dell&#8217;immagine: istockphoto.com\/Kerkez<br \/><span>Header Lane immagine: istockphoto.com\/Rachastock<\/span><br \/><span>Case header immagine: istockphoto.com\/KonArt<br \/><\/span><span>Immagine ritoccata LINK: istockphoto.com\/SAC<\/span><\/p>\n<p>[\/et_pb_text][\/et_pb_column][\/et_pb_row][et_pb_row column_structure=&#8221;1_2,1_2&#8243; _builder_version=&#8221;4.23.4&#8243; _module_preset=&#8221;default&#8221; border_width_top=&#8221;1px&#8221; border_width_bottom=&#8221;1px&#8221; global_colors_info=&#8221;{}&#8221;][et_pb_column type=&#8221;1_2&#8243; _builder_version=&#8221;4.23.1&#8243; _module_preset=&#8221;default&#8221; global_colors_info=&#8221;{}&#8221;][et_pb_text _builder_version=&#8221;4.23.4&#8243; _module_preset=&#8221;default&#8221; header_font=&#8221;|700|||||||&#8221; header_2_font_size_tablet=&#8221;&#8221; header_2_font_size_phone=&#8221;30px&#8221; header_2_font_size_last_edited=&#8221;on|phone&#8221; global_colors_info=&#8221;{}&#8221;]<\/p>\n<h2>Design e programmazione<\/h2>\n<p>[\/et_pb_text][\/et_pb_column][et_pb_column type=&#8221;1_2&#8243; _builder_version=&#8221;4.23.1&#8243; _module_preset=&#8221;default&#8221; global_colors_info=&#8221;{}&#8221;][et_pb_text _builder_version=&#8221;4.23.4&#8243; _module_preset=&#8221;default&#8221; global_colors_info=&#8221;{}&#8221;]<\/p>\n<p>tilleye Werbeagentur Gmbh<br \/>Praterstra\u00dfe 26\/21, 1020 Vienna, Austria<br \/><span style=\"text-decoration: underline;\"><a href=\"https:\/\/www.tilleye.at\/\" target=\"_blank\" rel=\"noopener\">tilleye.at<\/a><\/span><\/p>\n<p>[\/et_pb_text][\/et_pb_column][\/et_pb_row][et_pb_row column_structure=&#8221;1_2,1_2&#8243; _builder_version=&#8221;4.23.4&#8243; _module_preset=&#8221;default&#8221; border_width_bottom=&#8221;1px&#8221; global_colors_info=&#8221;{}&#8221;][et_pb_column type=&#8221;1_2&#8243; _builder_version=&#8221;4.23.1&#8243; _module_preset=&#8221;default&#8221; global_colors_info=&#8221;{}&#8221;][et_pb_text _builder_version=&#8221;4.23.4&#8243; _module_preset=&#8221;default&#8221; header_font=&#8221;|700|||||||&#8221; header_2_font_size_tablet=&#8221;&#8221; header_2_font_size_phone=&#8221;30px&#8221; header_2_font_size_last_edited=&#8221;on|phone&#8221; global_colors_info=&#8221;{}&#8221;]<\/p>\n<h2>Avviso sul genere<\/h2>\n<p>[\/et_pb_text][\/et_pb_column][et_pb_column type=&#8221;1_2&#8243; _builder_version=&#8221;4.23.1&#8243; _module_preset=&#8221;default&#8221; global_colors_info=&#8221;{}&#8221;][et_pb_text _builder_version=&#8221;4.23.4&#8243; _module_preset=&#8221;default&#8221; global_colors_info=&#8221;{}&#8221;]<\/p>\n<p><span>Per semplicit\u00e0, ttto il contenuto del nostro sito web \u00e8 da intendersi come neutro in termini di genere, a prescindere dalla versione linguistica unilaterale.<\/span><\/p>\n<p>[\/et_pb_text][\/et_pb_column][\/et_pb_row][\/et_pb_section]<\/p>\n","protected":false},"excerpt":{"rendered":"<p>ImpreseDati aziendalihobex AGJosef-Brandst\u00e4tter-Stra\u00dfe 2b5020 Salisburgo T +43 662 2255-0F +43 662 2255-68M office@hobex.at Numero di registro dell\u2019azienda: FN 37265 bTribunale del registro delle imprese: Tribunale regionale di SalisburgoUID: ATU35185508DVR: 0660868 Istituto di pagamento autorizzato ai sensi dell\u2019art. 1 della Legge sui servizi di pagamentoNumero identificativo: 1637630Codice dell&#8217;istituto: 94602 ZI Autorit\u00e0 di vigilanza competenteAutorit\u00e0 per i [&hellip;]<\/p>\n","protected":false},"author":3,"featured_media":0,"parent":0,"menu_order":0,"comment_status":"closed","ping_status":"closed","template":"","meta":{"_et_pb_use_builder":"on","_et_pb_old_content":"","_et_gb_content_width":"","footnotes":""},"dipi_cpt_category":[],"class_list":["post-22993731","page","type-page","status-publish","hentry"],"yoast_head":"<!-- This site is optimized with the Yoast SEO Premium plugin v27.4 (Yoast SEO v27.4) - https:\/\/yoast.com\/product\/yoast-seo-premium-wordpress\/ -->\n<title>Imprese - hobex Payment Systems<\/title>\n<meta name=\"robots\" content=\"noindex, nofollow\" \/>\n<meta property=\"og:locale\" content=\"it_IT\" \/>\n<meta property=\"og:type\" content=\"article\" \/>\n<meta property=\"og:title\" content=\"Imprese\" \/>\n<meta property=\"og:description\" content=\"ImpreseDati aziendalihobex AGJosef-Brandst\u00e4tter-Stra\u00dfe 2b5020 Salisburgo T +43 662 2255-0F +43 662 2255-68M office@hobex.at Numero di registro dell\u2019azienda: FN 37265 bTribunale del registro delle imprese: Tribunale regionale di SalisburgoUID: ATU35185508DVR: 0660868 Istituto di pagamento autorizzato ai sensi dell\u2019art. 1 della Legge sui servizi di pagamentoNumero identificativo: 1637630Codice dell&#039;istituto: 94602 ZI Autorit\u00e0 di vigilanza competenteAutorit\u00e0 per i [&hellip;]\" \/>\n<meta property=\"og:url\" content=\"https:\/\/www.hobex.at\/it\/imprese\/\" \/>\n<meta property=\"og:site_name\" content=\"hobex Payment Systems\" \/>\n<meta property=\"article:modified_time\" content=\"2024-10-03T11:45:35+00:00\" \/>\n<meta name=\"twitter:card\" content=\"summary_large_image\" \/>\n<meta name=\"twitter:label1\" content=\"Tempo di lettura stimato\" \/>\n\t<meta name=\"twitter:data1\" content=\"6 minuti\" \/>\n<script type=\"application\/ld+json\" class=\"yoast-schema-graph\">{\"@context\":\"https:\\\/\\\/schema.org\",\"@graph\":[{\"@type\":\"WebPage\",\"@id\":\"https:\\\/\\\/www.hobex.at\\\/it\\\/imprese\\\/\",\"url\":\"https:\\\/\\\/www.hobex.at\\\/it\\\/imprese\\\/\",\"name\":\"Imprese - hobex Payment Systems\",\"isPartOf\":{\"@id\":\"https:\\\/\\\/www.hobex.at\\\/it\\\/#website\"},\"datePublished\":\"2023-12-01T17:49:06+00:00\",\"dateModified\":\"2024-10-03T11:45:35+00:00\",\"breadcrumb\":{\"@id\":\"https:\\\/\\\/www.hobex.at\\\/it\\\/imprese\\\/#breadcrumb\"},\"inLanguage\":\"it-IT\",\"potentialAction\":[{\"@type\":\"ReadAction\",\"target\":[\"https:\\\/\\\/www.hobex.at\\\/it\\\/imprese\\\/\"]}]},{\"@type\":\"BreadcrumbList\",\"@id\":\"https:\\\/\\\/www.hobex.at\\\/it\\\/imprese\\\/#breadcrumb\",\"itemListElement\":[{\"@type\":\"ListItem\",\"position\":1,\"name\":\"Startseite\",\"item\":\"https:\\\/\\\/www.hobex.at\\\/it\\\/\"},{\"@type\":\"ListItem\",\"position\":2,\"name\":\"Imprese\"}]},{\"@type\":\"WebSite\",\"@id\":\"https:\\\/\\\/www.hobex.at\\\/it\\\/#website\",\"url\":\"https:\\\/\\\/www.hobex.at\\\/it\\\/\",\"name\":\"hobex Payment Systems\",\"description\":\"We are payment.\",\"publisher\":{\"@id\":\"https:\\\/\\\/www.hobex.at\\\/it\\\/#organization\"},\"alternateName\":\"hobex\",\"potentialAction\":[{\"@type\":\"SearchAction\",\"target\":{\"@type\":\"EntryPoint\",\"urlTemplate\":\"https:\\\/\\\/www.hobex.at\\\/it\\\/?s={search_term_string}\"},\"query-input\":{\"@type\":\"PropertyValueSpecification\",\"valueRequired\":true,\"valueName\":\"search_term_string\"}}],\"inLanguage\":\"it-IT\"},{\"@type\":\"Organization\",\"@id\":\"https:\\\/\\\/www.hobex.at\\\/it\\\/#organization\",\"name\":\"hobex Payment Systems\",\"alternateName\":\"hobex\",\"url\":\"https:\\\/\\\/www.hobex.at\\\/it\\\/\",\"logo\":{\"@type\":\"ImageObject\",\"inLanguage\":\"it-IT\",\"@id\":\"https:\\\/\\\/www.hobex.at\\\/it\\\/#\\\/schema\\\/logo\\\/image\\\/\",\"url\":\"https:\\\/\\\/www.hobex.at\\\/wp-content\\\/uploads\\\/2023\\\/10\\\/Hobex-Logo-Main_Vector.png\",\"contentUrl\":\"https:\\\/\\\/www.hobex.at\\\/wp-content\\\/uploads\\\/2023\\\/10\\\/Hobex-Logo-Main_Vector.png\",\"width\":397,\"height\":154,\"caption\":\"hobex Payment Systems\"},\"image\":{\"@id\":\"https:\\\/\\\/www.hobex.at\\\/it\\\/#\\\/schema\\\/logo\\\/image\\\/\"},\"sameAs\":[\"https:\\\/\\\/www.linkedin.com\\\/company\\\/hobex-ag-paymentsystems\\\/\"],\"description\":\"hobex bietet perfekte Bezahll\u00f6sungen f\u00fcr jede Branche mit einer breiten Palette an Bezahlterminals, um Kartenzahlungen und NFC Zahlungen sicher und schnell zu akzeptieren. Station\u00e4re Terminals sind ideal f\u00fcr den Einzelhandel und die Hotellerie, da sie sichere und zuverl\u00e4ssige Transaktionen am Point of Sale erm\u00f6glichen. F\u00fcr Gastronomie, Dienstleister und Au\u00dfendienstmitarbeiter stellen mobile Terminals eine flexible L\u00f6sung dar, da Zahlungen direkt vor Ort abgewickelt werden k\u00f6nnen. Zus\u00e4tzlich lassen sich die Bezahlterminals nahtlos in bestehende Systeme wie eCommerce-Plattformen oder Kassensysteme integrieren, was den administrativen Aufwand reduziert und die Effizienz im Betrieb steigert.\",\"email\":\"office@hobex.at\",\"telephone\":\"+43 662 2255-0\",\"legalName\":\"hobex AG\",\"foundingDate\":\"1999-07-29\",\"vatID\":\"ATU35185508\",\"numberOfEmployees\":{\"@type\":\"QuantitativeValue\",\"minValue\":\"51\",\"maxValue\":\"200\"}}]}<\/script>\n<!-- \/ Yoast SEO Premium plugin. -->","yoast_head_json":{"title":"Imprese - hobex Payment Systems","robots":{"index":"noindex","follow":"nofollow"},"og_locale":"it_IT","og_type":"article","og_title":"Imprese","og_description":"ImpreseDati aziendalihobex AGJosef-Brandst\u00e4tter-Stra\u00dfe 2b5020 Salisburgo T +43 662 2255-0F +43 662 2255-68M office@hobex.at Numero di registro dell\u2019azienda: FN 37265 bTribunale del registro delle imprese: Tribunale regionale di SalisburgoUID: ATU35185508DVR: 0660868 Istituto di pagamento autorizzato ai sensi dell\u2019art. 1 della Legge sui servizi di pagamentoNumero identificativo: 1637630Codice dell'istituto: 94602 ZI Autorit\u00e0 di vigilanza competenteAutorit\u00e0 per i [&hellip;]","og_url":"https:\/\/www.hobex.at\/it\/imprese\/","og_site_name":"hobex Payment Systems","article_modified_time":"2024-10-03T11:45:35+00:00","twitter_card":"summary_large_image","twitter_misc":{"Tempo di lettura stimato":"6 minuti"},"schema":{"@context":"https:\/\/schema.org","@graph":[{"@type":"WebPage","@id":"https:\/\/www.hobex.at\/it\/imprese\/","url":"https:\/\/www.hobex.at\/it\/imprese\/","name":"Imprese - hobex Payment Systems","isPartOf":{"@id":"https:\/\/www.hobex.at\/it\/#website"},"datePublished":"2023-12-01T17:49:06+00:00","dateModified":"2024-10-03T11:45:35+00:00","breadcrumb":{"@id":"https:\/\/www.hobex.at\/it\/imprese\/#breadcrumb"},"inLanguage":"it-IT","potentialAction":[{"@type":"ReadAction","target":["https:\/\/www.hobex.at\/it\/imprese\/"]}]},{"@type":"BreadcrumbList","@id":"https:\/\/www.hobex.at\/it\/imprese\/#breadcrumb","itemListElement":[{"@type":"ListItem","position":1,"name":"Startseite","item":"https:\/\/www.hobex.at\/it\/"},{"@type":"ListItem","position":2,"name":"Imprese"}]},{"@type":"WebSite","@id":"https:\/\/www.hobex.at\/it\/#website","url":"https:\/\/www.hobex.at\/it\/","name":"hobex Payment Systems","description":"We are payment.","publisher":{"@id":"https:\/\/www.hobex.at\/it\/#organization"},"alternateName":"hobex","potentialAction":[{"@type":"SearchAction","target":{"@type":"EntryPoint","urlTemplate":"https:\/\/www.hobex.at\/it\/?s={search_term_string}"},"query-input":{"@type":"PropertyValueSpecification","valueRequired":true,"valueName":"search_term_string"}}],"inLanguage":"it-IT"},{"@type":"Organization","@id":"https:\/\/www.hobex.at\/it\/#organization","name":"hobex Payment Systems","alternateName":"hobex","url":"https:\/\/www.hobex.at\/it\/","logo":{"@type":"ImageObject","inLanguage":"it-IT","@id":"https:\/\/www.hobex.at\/it\/#\/schema\/logo\/image\/","url":"https:\/\/www.hobex.at\/wp-content\/uploads\/2023\/10\/Hobex-Logo-Main_Vector.png","contentUrl":"https:\/\/www.hobex.at\/wp-content\/uploads\/2023\/10\/Hobex-Logo-Main_Vector.png","width":397,"height":154,"caption":"hobex Payment Systems"},"image":{"@id":"https:\/\/www.hobex.at\/it\/#\/schema\/logo\/image\/"},"sameAs":["https:\/\/www.linkedin.com\/company\/hobex-ag-paymentsystems\/"],"description":"hobex bietet perfekte Bezahll\u00f6sungen f\u00fcr jede Branche mit einer breiten Palette an Bezahlterminals, um Kartenzahlungen und NFC Zahlungen sicher und schnell zu akzeptieren. Station\u00e4re Terminals sind ideal f\u00fcr den Einzelhandel und die Hotellerie, da sie sichere und zuverl\u00e4ssige Transaktionen am Point of Sale erm\u00f6glichen. F\u00fcr Gastronomie, Dienstleister und Au\u00dfendienstmitarbeiter stellen mobile Terminals eine flexible L\u00f6sung dar, da Zahlungen direkt vor Ort abgewickelt werden k\u00f6nnen. Zus\u00e4tzlich lassen sich die Bezahlterminals nahtlos in bestehende Systeme wie eCommerce-Plattformen oder Kassensysteme integrieren, was den administrativen Aufwand reduziert und die Effizienz im Betrieb steigert.","email":"office@hobex.at","telephone":"+43 662 2255-0","legalName":"hobex AG","foundingDate":"1999-07-29","vatID":"ATU35185508","numberOfEmployees":{"@type":"QuantitativeValue","minValue":"51","maxValue":"200"}}]}},"_links":{"self":[{"href":"https:\/\/www.hobex.at\/it\/wp-json\/wp\/v2\/pages\/22993731","targetHints":{"allow":["GET"]}}],"collection":[{"href":"https:\/\/www.hobex.at\/it\/wp-json\/wp\/v2\/pages"}],"about":[{"href":"https:\/\/www.hobex.at\/it\/wp-json\/wp\/v2\/types\/page"}],"author":[{"embeddable":true,"href":"https:\/\/www.hobex.at\/it\/wp-json\/wp\/v2\/users\/3"}],"replies":[{"embeddable":true,"href":"https:\/\/www.hobex.at\/it\/wp-json\/wp\/v2\/comments?post=22993731"}],"version-history":[{"count":0,"href":"https:\/\/www.hobex.at\/it\/wp-json\/wp\/v2\/pages\/22993731\/revisions"}],"wp:attachment":[{"href":"https:\/\/www.hobex.at\/it\/wp-json\/wp\/v2\/media?parent=22993731"}],"wp:term":[{"taxonomy":"dipi_cpt_category","embeddable":true,"href":"https:\/\/www.hobex.at\/it\/wp-json\/wp\/v2\/dipi_cpt_category?post=22993731"}],"curies":[{"name":"wp","href":"https:\/\/api.w.org\/{rel}","templated":true}]}}