{"id":22993768,"date":"2023-12-01T18:49:06","date_gmt":"2023-12-01T17:49:06","guid":{"rendered":"https:\/\/www.hobex.at\/legal-information\/"},"modified":"2024-10-03T13:43:33","modified_gmt":"2024-10-03T11:43:33","slug":"legal-information","status":"publish","type":"page","link":"https:\/\/www.hobex.at\/en\/legal-information\/","title":{"rendered":"Legal information"},"content":{"rendered":"<p>[et_pb_section fb_built=&#8221;1&#8243; _builder_version=&#8221;4.23&#8243; _module_preset=&#8221;default&#8221; custom_padding=&#8221;||0px|||&#8221; locked=&#8221;off&#8221; global_colors_info=&#8221;{}&#8221;][et_pb_row _builder_version=&#8221;4.23.1&#8243; _module_preset=&#8221;default&#8221; global_colors_info=&#8221;{}&#8221;][et_pb_column type=&#8221;4_4&#8243; _builder_version=&#8221;4.23.1&#8243; _module_preset=&#8221;default&#8221; global_colors_info=&#8221;{}&#8221;][et_pb_text _builder_version=&#8221;4.23.1&#8243; _module_preset=&#8221;default&#8221; header_font=&#8221;||||||||&#8221; text_orientation=&#8221;center&#8221; width=&#8221;60%&#8221; width_tablet=&#8221;100%&#8221; width_phone=&#8221;100%&#8221; width_last_edited=&#8221;on|phone&#8221; module_alignment=&#8221;center&#8221; global_colors_info=&#8221;{}&#8221;]<\/p>\n<h1><span>Legal information<\/span><\/h1>\n<p>[\/et_pb_text][\/et_pb_column][\/et_pb_row][\/et_pb_section][et_pb_section fb_built=&#8221;1&#8243; _builder_version=&#8221;4.23.1&#8243; _module_preset=&#8221;default&#8221; custom_padding=&#8221;80px|||||&#8221; global_colors_info=&#8221;{}&#8221;][et_pb_row column_structure=&#8221;1_2,1_2&#8243; _builder_version=&#8221;4.23.1&#8243; _module_preset=&#8221;default&#8221; border_width_top=&#8221;1px&#8221; global_colors_info=&#8221;{}&#8221;][et_pb_column type=&#8221;1_2&#8243; _builder_version=&#8221;4.23.1&#8243; _module_preset=&#8221;default&#8221; global_colors_info=&#8221;{}&#8221;][et_pb_text _builder_version=&#8221;4.23.4&#8243; _module_preset=&#8221;default&#8221; header_font=&#8221;|700|||||||&#8221; header_2_font_size_tablet=&#8221;&#8221; header_2_font_size_phone=&#8221;30px&#8221; header_2_font_size_last_edited=&#8221;on|phone&#8221; global_colors_info=&#8221;{}&#8221;]<\/p>\n<h2><span>Company data<\/span><\/h2>\n<p>[\/et_pb_text][\/et_pb_column][et_pb_column type=&#8221;1_2&#8243; _builder_version=&#8221;4.23.1&#8243; _module_preset=&#8221;default&#8221; global_colors_info=&#8221;{}&#8221;][et_pb_text _builder_version=&#8221;4.23.4&#8243; _module_preset=&#8221;default&#8221; global_colors_info=&#8221;{}&#8221;]<\/p>\n<p>hobex AG<br \/>Josef-Brandst\u00e4tter-Stra\u00dfe 2b<br \/>5020 Salzburg<\/p>\n<p>T +43 662 2255-0<br \/>F +43 662 2255-68<br \/>M office@hobex.at<\/p>\n<p>Company register number: FN 37265 b<br \/>Court of registration: Salzburg Regional Court<br \/>UID: ATU35185508<br \/>DVR: 0660868<\/p>\n<p>Licensed payment institution pursuant to Section 1 Payment Services Act<br \/>ID number: 1637630<br \/>Institution code: 94602 ZI<\/p>\n<p><strong>Competent supervisory authority<\/strong><br \/>Financial Market Authority (with regard to banking supervision)<br \/>Otto-Wagner-Platz 5<br \/>A-1090 Vienna, Austria<\/p>\n<p><strong>Executive board<\/strong><br \/>Mag. Michael Bratl (chairman)<br \/>Mag. Karin Mitchell<\/p>\n<p>[\/et_pb_text][\/et_pb_column][\/et_pb_row][et_pb_row column_structure=&#8221;1_2,1_2&#8243; _builder_version=&#8221;4.23.1&#8243; _module_preset=&#8221;default&#8221; border_width_top=&#8221;1px&#8221; global_colors_info=&#8221;{}&#8221;][et_pb_column type=&#8221;1_2&#8243; _builder_version=&#8221;4.23.1&#8243; _module_preset=&#8221;default&#8221; global_colors_info=&#8221;{}&#8221;][et_pb_text _builder_version=&#8221;4.23.4&#8243; _module_preset=&#8221;default&#8221; header_font=&#8221;|700|||||||&#8221; header_2_font_size_tablet=&#8221;&#8221; header_2_font_size_phone=&#8221;30px&#8221; header_2_font_size_last_edited=&#8221;on|phone&#8221; global_colors_info=&#8221;{}&#8221;]<\/p>\n<h2>Disclaimer of Liability<\/h2>\n<p>[\/et_pb_text][\/et_pb_column][et_pb_column type=&#8221;1_2&#8243; _builder_version=&#8221;4.23.1&#8243; _module_preset=&#8221;default&#8221; global_colors_info=&#8221;{}&#8221;][et_pb_text _builder_version=&#8221;4.27.0&#8243; _module_preset=&#8221;default&#8221; hover_enabled=&#8221;0&#8243; global_colors_info=&#8221;{}&#8221; sticky_enabled=&#8221;0&#8243;]<\/p>\n<p><strong>2.1. Content of the Website<\/strong><br \/>hobex AG assumes no responsibility for the completeness, correctness, up-to-dateness or quality of any of the information provided on this website. Liability claims against hobex AG relating to damages of a material or non-material kind which were caused by the use or non-use of defective or incomplete information are strictly excluded insofar as there is no demonstrably deliberate or negligent culpability on the part of hobex AG. All offers are subject to alteration and non-binding. hobex AG explicitly reserves the right to change, delete, or to permanently discontinue products, services, payments, page excerpts, technical data of the products, etc., without special notice.<\/p>\n<p><strong>2.2. Referrals and Links<\/strong><br \/>For direct or indirect referrals (links) to external websites which are outside of the field of responsibility of hobex AG, a liability obligation only occurs insofar as hobex AG was demonstrably aware of the contents and it was technically possible and reasonable to prevent use in cases of illegal content. hobex AG hereby expressly declares that, at the moment of linking, they were not aware of any illegal content on the linked sites. hobex AG has no influence on the current or future design, content, or authorship of the linked sites. hobex AG therefore explicitly distances itself from the content of all linked sites which were changed after the moment of linkage. This statement applies for all links on our own website and all referrals as well as for external entries like guest books and mailing lists. For illegal, erroneous or incomplete content and particularly for damages caused by the use or non-use of the presented information, liability is assumed exclusively by the provider of those pages which were linked to.<\/p>\n<p><strong>2.3. Copyright and Trademark Law<\/strong><br \/>hobex AG strives, in all publications, to respect the copyrights of all texts, photographs, graphics, sound and video files, to use self-generated photographs, graphics, sound files, video sequences and texts, or to rely on license-free photographs, graphics, sound files, video sequences and texts. All brands and trademarks named on the website and, if applicable, protected by third parties are subject unconditionally to the provisions of the respective valid trademark law and to the property rights of the respective registered owner. The mere naming of a trademark should not lead to the conclusion that the trademark is not protected by third-party rights. The copyright for published objects which were created by hobex AG itself belongs solely to hobex AG. The use of any logos, photographs, graphics, sound files, video sequences, or texts in other electronic or printed publications is not permitted without the express approval of hobex AG.<\/p>\n<p>Picture Paymentlink page: Shutterstock.com\/Billion Photos \/ Locations page: istockphoto.com\/Malchev<br \/>Picture Cash register interfaces: istockphoto.com\/Ivan Bajic<br \/>Picture Facts &amp; Figures: istockphoto.com\/Kerkez<br \/><span>Picture Header Lane: istockphoto.com\/Rachastock<\/span><br \/><span>Picture Header Case: istockphoto.com\/KonArt<br \/><\/span><span>Picture<\/span> retouched LINK: istockphoto.com\/SAC<\/p>\n<p>[\/et_pb_text][\/et_pb_column][\/et_pb_row][et_pb_row column_structure=&#8221;1_2,1_2&#8243; _builder_version=&#8221;4.23.4&#8243; _module_preset=&#8221;default&#8221; border_width_top=&#8221;1px&#8221; border_width_bottom=&#8221;1px&#8221; global_colors_info=&#8221;{}&#8221;][et_pb_column type=&#8221;1_2&#8243; _builder_version=&#8221;4.23.1&#8243; _module_preset=&#8221;default&#8221; global_colors_info=&#8221;{}&#8221;][et_pb_text _builder_version=&#8221;4.23.4&#8243; _module_preset=&#8221;default&#8221; header_font=&#8221;|700|||||||&#8221; header_2_font_size_tablet=&#8221;&#8221; header_2_font_size_phone=&#8221;30px&#8221; header_2_font_size_last_edited=&#8221;on|phone&#8221; global_colors_info=&#8221;{}&#8221;]<\/p>\n<h2>Design &amp; Programming<\/h2>\n<p>[\/et_pb_text][\/et_pb_column][et_pb_column type=&#8221;1_2&#8243; _builder_version=&#8221;4.23.1&#8243; _module_preset=&#8221;default&#8221; global_colors_info=&#8221;{}&#8221;][et_pb_text _builder_version=&#8221;4.23.4&#8243; _module_preset=&#8221;default&#8221; global_colors_info=&#8221;{}&#8221;]<\/p>\n<p>tilleye Werbeagentur Gmbh<br \/>Praterstra\u00dfe 26\/21, A-1020 Vienna, Austria<br \/><span style=\"text-decoration: underline;\"><a href=\"https:\/\/www.tilleye.at\/\" target=\"_blank\" rel=\"noopener\">tilleye.at<\/a><\/span><\/p>\n<p>[\/et_pb_text][\/et_pb_column][\/et_pb_row][et_pb_row column_structure=&#8221;1_2,1_2&#8243; _builder_version=&#8221;4.23.4&#8243; _module_preset=&#8221;default&#8221; border_width_bottom=&#8221;1px&#8221; global_colors_info=&#8221;{}&#8221;][et_pb_column type=&#8221;1_2&#8243; _builder_version=&#8221;4.23.1&#8243; _module_preset=&#8221;default&#8221; global_colors_info=&#8221;{}&#8221;][et_pb_text _builder_version=&#8221;4.23.4&#8243; _module_preset=&#8221;default&#8221; header_font=&#8221;|700|||||||&#8221; header_2_font_size_tablet=&#8221;&#8221; header_2_font_size_phone=&#8221;30px&#8221; header_2_font_size_last_edited=&#8221;on|phone&#8221; global_colors_info=&#8221;{}&#8221;]<\/p>\n<h2>Gender note<\/h2>\n<p>[\/et_pb_text][\/et_pb_column][et_pb_column type=&#8221;1_2&#8243; _builder_version=&#8221;4.23.1&#8243; _module_preset=&#8221;default&#8221; global_colors_info=&#8221;{}&#8221;][et_pb_text _builder_version=&#8221;4.23.4&#8243; _module_preset=&#8221;default&#8221; global_colors_info=&#8221;{}&#8221;]<\/p>\n<p><span>All statements on our website should be considered gender-neutral independently of the one-sided language which has been chosen for reasons of simplification.<\/span><\/p>\n<p>[\/et_pb_text][\/et_pb_column][\/et_pb_row][\/et_pb_section]<\/p>\n","protected":false},"excerpt":{"rendered":"<p>Legal informationCompany datahobex AGJosef-Brandst\u00e4tter-Stra\u00dfe 2b5020 Salzburg T +43 662 2255-0F +43 662 2255-68M office@hobex.at Company register number: FN 37265 bCourt of registration: Salzburg Regional CourtUID: ATU35185508DVR: 0660868 Licensed payment institution pursuant to Section 1 Payment Services ActID number: 1637630Institution code: 94602 ZI Competent supervisory authorityFinancial Market Authority (with regard to banking supervision)Otto-Wagner-Platz 5A-1090 Vienna, Austria [&hellip;]<\/p>\n","protected":false},"author":3,"featured_media":0,"parent":0,"menu_order":0,"comment_status":"closed","ping_status":"closed","template":"","meta":{"_et_pb_use_builder":"on","_et_pb_old_content":"","_et_gb_content_width":"","footnotes":""},"dipi_cpt_category":[],"class_list":["post-22993768","page","type-page","status-publish","hentry"],"yoast_head":"<!-- This site is optimized with the Yoast SEO Premium plugin v27.6 (Yoast SEO v27.6) - https:\/\/yoast.com\/product\/yoast-seo-premium-wordpress\/ -->\n<title>Legal information - hobex Payment Systems<\/title>\n<meta name=\"robots\" content=\"noindex, nofollow\" \/>\n<meta property=\"og:locale\" content=\"en_US\" \/>\n<meta property=\"og:type\" content=\"article\" \/>\n<meta property=\"og:title\" content=\"Legal information\" \/>\n<meta property=\"og:description\" content=\"Legal informationCompany datahobex AGJosef-Brandst\u00e4tter-Stra\u00dfe 2b5020 Salzburg T +43 662 2255-0F +43 662 2255-68M office@hobex.at Company register number: FN 37265 bCourt of registration: Salzburg Regional CourtUID: ATU35185508DVR: 0660868 Licensed payment institution pursuant to Section 1 Payment Services ActID number: 1637630Institution code: 94602 ZI Competent supervisory authorityFinancial Market Authority (with regard to banking supervision)Otto-Wagner-Platz 5A-1090 Vienna, Austria [&hellip;]\" \/>\n<meta property=\"og:url\" content=\"https:\/\/www.hobex.at\/en\/legal-information\/\" \/>\n<meta property=\"og:site_name\" content=\"hobex Payment Systems\" \/>\n<meta property=\"article:modified_time\" content=\"2024-10-03T11:43:33+00:00\" \/>\n<meta name=\"twitter:card\" content=\"summary_large_image\" \/>\n<meta name=\"twitter:label1\" content=\"Est. reading time\" \/>\n\t<meta name=\"twitter:data1\" content=\"5 minutes\" \/>\n<script type=\"application\/ld+json\" class=\"yoast-schema-graph\">{\"@context\":\"https:\\\/\\\/schema.org\",\"@graph\":[{\"@type\":\"WebPage\",\"@id\":\"https:\\\/\\\/www.hobex.at\\\/en\\\/legal-information\\\/\",\"url\":\"https:\\\/\\\/www.hobex.at\\\/en\\\/legal-information\\\/\",\"name\":\"Legal information - hobex Payment Systems\",\"isPartOf\":{\"@id\":\"https:\\\/\\\/www.hobex.at\\\/en\\\/#website\"},\"datePublished\":\"2023-12-01T17:49:06+00:00\",\"dateModified\":\"2024-10-03T11:43:33+00:00\",\"breadcrumb\":{\"@id\":\"https:\\\/\\\/www.hobex.at\\\/en\\\/legal-information\\\/#breadcrumb\"},\"inLanguage\":\"en-US\",\"potentialAction\":[{\"@type\":\"ReadAction\",\"target\":[\"https:\\\/\\\/www.hobex.at\\\/en\\\/legal-information\\\/\"]}]},{\"@type\":\"BreadcrumbList\",\"@id\":\"https:\\\/\\\/www.hobex.at\\\/en\\\/legal-information\\\/#breadcrumb\",\"itemListElement\":[{\"@type\":\"ListItem\",\"position\":1,\"name\":\"Startseite\",\"item\":\"https:\\\/\\\/www.hobex.at\\\/en\\\/\"},{\"@type\":\"ListItem\",\"position\":2,\"name\":\"Legal information\"}]},{\"@type\":\"WebSite\",\"@id\":\"https:\\\/\\\/www.hobex.at\\\/en\\\/#website\",\"url\":\"https:\\\/\\\/www.hobex.at\\\/en\\\/\",\"name\":\"hobex Payment Systems\",\"description\":\"We are payment.\",\"publisher\":{\"@id\":\"https:\\\/\\\/www.hobex.at\\\/en\\\/#organization\"},\"alternateName\":\"hobex\",\"potentialAction\":[{\"@type\":\"SearchAction\",\"target\":{\"@type\":\"EntryPoint\",\"urlTemplate\":\"https:\\\/\\\/www.hobex.at\\\/en\\\/?s={search_term_string}\"},\"query-input\":{\"@type\":\"PropertyValueSpecification\",\"valueRequired\":true,\"valueName\":\"search_term_string\"}}],\"inLanguage\":\"en-US\"},{\"@type\":\"Organization\",\"@id\":\"https:\\\/\\\/www.hobex.at\\\/en\\\/#organization\",\"name\":\"hobex Payment Systems\",\"alternateName\":\"hobex\",\"url\":\"https:\\\/\\\/www.hobex.at\\\/en\\\/\",\"logo\":{\"@type\":\"ImageObject\",\"inLanguage\":\"en-US\",\"@id\":\"https:\\\/\\\/www.hobex.at\\\/en\\\/#\\\/schema\\\/logo\\\/image\\\/\",\"url\":\"https:\\\/\\\/www.hobex.at\\\/wp-content\\\/uploads\\\/2023\\\/10\\\/Hobex-Logo-Main_Vector.png\",\"contentUrl\":\"https:\\\/\\\/www.hobex.at\\\/wp-content\\\/uploads\\\/2023\\\/10\\\/Hobex-Logo-Main_Vector.png\",\"width\":397,\"height\":154,\"caption\":\"hobex Payment Systems\"},\"image\":{\"@id\":\"https:\\\/\\\/www.hobex.at\\\/en\\\/#\\\/schema\\\/logo\\\/image\\\/\"},\"sameAs\":[\"https:\\\/\\\/www.linkedin.com\\\/company\\\/hobex-ag-paymentsystems\\\/\"],\"description\":\"hobex bietet perfekte Bezahll\u00f6sungen f\u00fcr jede Branche mit einer breiten Palette an Bezahlterminals, um Kartenzahlungen und NFC Zahlungen sicher und schnell zu akzeptieren. Station\u00e4re Terminals sind ideal f\u00fcr den Einzelhandel und die Hotellerie, da sie sichere und zuverl\u00e4ssige Transaktionen am Point of Sale erm\u00f6glichen. F\u00fcr Gastronomie, Dienstleister und Au\u00dfendienstmitarbeiter stellen mobile Terminals eine flexible L\u00f6sung dar, da Zahlungen direkt vor Ort abgewickelt werden k\u00f6nnen. Zus\u00e4tzlich lassen sich die Bezahlterminals nahtlos in bestehende Systeme wie eCommerce-Plattformen oder Kassensysteme integrieren, was den administrativen Aufwand reduziert und die Effizienz im Betrieb steigert.\",\"email\":\"office@hobex.at\",\"telephone\":\"+43 662 2255-0\",\"legalName\":\"hobex AG\",\"foundingDate\":\"1999-07-29\",\"vatID\":\"ATU35185508\",\"numberOfEmployees\":{\"@type\":\"QuantitativeValue\",\"minValue\":\"51\",\"maxValue\":\"200\"}}]}<\/script>\n<!-- \/ Yoast SEO Premium plugin. -->","yoast_head_json":{"title":"Legal information - hobex Payment Systems","robots":{"index":"noindex","follow":"nofollow"},"og_locale":"en_US","og_type":"article","og_title":"Legal information","og_description":"Legal informationCompany datahobex AGJosef-Brandst\u00e4tter-Stra\u00dfe 2b5020 Salzburg T +43 662 2255-0F +43 662 2255-68M office@hobex.at Company register number: FN 37265 bCourt of registration: Salzburg Regional CourtUID: ATU35185508DVR: 0660868 Licensed payment institution pursuant to Section 1 Payment Services ActID number: 1637630Institution code: 94602 ZI Competent supervisory authorityFinancial Market Authority (with regard to banking supervision)Otto-Wagner-Platz 5A-1090 Vienna, Austria [&hellip;]","og_url":"https:\/\/www.hobex.at\/en\/legal-information\/","og_site_name":"hobex Payment Systems","article_modified_time":"2024-10-03T11:43:33+00:00","twitter_card":"summary_large_image","twitter_misc":{"Est. reading time":"5 minutes"},"schema":{"@context":"https:\/\/schema.org","@graph":[{"@type":"WebPage","@id":"https:\/\/www.hobex.at\/en\/legal-information\/","url":"https:\/\/www.hobex.at\/en\/legal-information\/","name":"Legal information - hobex Payment Systems","isPartOf":{"@id":"https:\/\/www.hobex.at\/en\/#website"},"datePublished":"2023-12-01T17:49:06+00:00","dateModified":"2024-10-03T11:43:33+00:00","breadcrumb":{"@id":"https:\/\/www.hobex.at\/en\/legal-information\/#breadcrumb"},"inLanguage":"en-US","potentialAction":[{"@type":"ReadAction","target":["https:\/\/www.hobex.at\/en\/legal-information\/"]}]},{"@type":"BreadcrumbList","@id":"https:\/\/www.hobex.at\/en\/legal-information\/#breadcrumb","itemListElement":[{"@type":"ListItem","position":1,"name":"Startseite","item":"https:\/\/www.hobex.at\/en\/"},{"@type":"ListItem","position":2,"name":"Legal information"}]},{"@type":"WebSite","@id":"https:\/\/www.hobex.at\/en\/#website","url":"https:\/\/www.hobex.at\/en\/","name":"hobex Payment Systems","description":"We are payment.","publisher":{"@id":"https:\/\/www.hobex.at\/en\/#organization"},"alternateName":"hobex","potentialAction":[{"@type":"SearchAction","target":{"@type":"EntryPoint","urlTemplate":"https:\/\/www.hobex.at\/en\/?s={search_term_string}"},"query-input":{"@type":"PropertyValueSpecification","valueRequired":true,"valueName":"search_term_string"}}],"inLanguage":"en-US"},{"@type":"Organization","@id":"https:\/\/www.hobex.at\/en\/#organization","name":"hobex Payment Systems","alternateName":"hobex","url":"https:\/\/www.hobex.at\/en\/","logo":{"@type":"ImageObject","inLanguage":"en-US","@id":"https:\/\/www.hobex.at\/en\/#\/schema\/logo\/image\/","url":"https:\/\/www.hobex.at\/wp-content\/uploads\/2023\/10\/Hobex-Logo-Main_Vector.png","contentUrl":"https:\/\/www.hobex.at\/wp-content\/uploads\/2023\/10\/Hobex-Logo-Main_Vector.png","width":397,"height":154,"caption":"hobex Payment Systems"},"image":{"@id":"https:\/\/www.hobex.at\/en\/#\/schema\/logo\/image\/"},"sameAs":["https:\/\/www.linkedin.com\/company\/hobex-ag-paymentsystems\/"],"description":"hobex bietet perfekte Bezahll\u00f6sungen f\u00fcr jede Branche mit einer breiten Palette an Bezahlterminals, um Kartenzahlungen und NFC Zahlungen sicher und schnell zu akzeptieren. Station\u00e4re Terminals sind ideal f\u00fcr den Einzelhandel und die Hotellerie, da sie sichere und zuverl\u00e4ssige Transaktionen am Point of Sale erm\u00f6glichen. F\u00fcr Gastronomie, Dienstleister und Au\u00dfendienstmitarbeiter stellen mobile Terminals eine flexible L\u00f6sung dar, da Zahlungen direkt vor Ort abgewickelt werden k\u00f6nnen. Zus\u00e4tzlich lassen sich die Bezahlterminals nahtlos in bestehende Systeme wie eCommerce-Plattformen oder Kassensysteme integrieren, was den administrativen Aufwand reduziert und die Effizienz im Betrieb steigert.","email":"office@hobex.at","telephone":"+43 662 2255-0","legalName":"hobex AG","foundingDate":"1999-07-29","vatID":"ATU35185508","numberOfEmployees":{"@type":"QuantitativeValue","minValue":"51","maxValue":"200"}}]}},"_links":{"self":[{"href":"https:\/\/www.hobex.at\/en\/wp-json\/wp\/v2\/pages\/22993768","targetHints":{"allow":["GET"]}}],"collection":[{"href":"https:\/\/www.hobex.at\/en\/wp-json\/wp\/v2\/pages"}],"about":[{"href":"https:\/\/www.hobex.at\/en\/wp-json\/wp\/v2\/types\/page"}],"author":[{"embeddable":true,"href":"https:\/\/www.hobex.at\/en\/wp-json\/wp\/v2\/users\/3"}],"replies":[{"embeddable":true,"href":"https:\/\/www.hobex.at\/en\/wp-json\/wp\/v2\/comments?post=22993768"}],"version-history":[{"count":0,"href":"https:\/\/www.hobex.at\/en\/wp-json\/wp\/v2\/pages\/22993768\/revisions"}],"wp:attachment":[{"href":"https:\/\/www.hobex.at\/en\/wp-json\/wp\/v2\/media?parent=22993768"}],"wp:term":[{"taxonomy":"dipi_cpt_category","embeddable":true,"href":"https:\/\/www.hobex.at\/en\/wp-json\/wp\/v2\/dipi_cpt_category?post=22993768"}],"curies":[{"name":"wp","href":"https:\/\/api.w.org\/{rel}","templated":true}]}}