{"id":22993350,"date":"2023-11-27T19:52:05","date_gmt":"2023-11-27T18:52:05","guid":{"rendered":"https:\/\/www.hobex.at\/company\/"},"modified":"2025-09-01T08:07:41","modified_gmt":"2025-09-01T06:07:41","slug":"company","status":"publish","type":"page","link":"https:\/\/www.hobex.at\/en\/company\/","title":{"rendered":"Company"},"content":{"rendered":"<p>[et_pb_section fb_built=&#8221;1&#8243; _builder_version=&#8221;4.23&#8243; _module_preset=&#8221;default&#8221; locked=&#8221;off&#8221; global_colors_info=&#8221;{}&#8221;][et_pb_row _builder_version=&#8221;4.23.1&#8243; _module_preset=&#8221;default&#8221; global_colors_info=&#8221;{}&#8221;][et_pb_column type=&#8221;4_4&#8243; _builder_version=&#8221;4.23.1&#8243; _module_preset=&#8221;default&#8221; global_colors_info=&#8221;{}&#8221;][et_pb_text _builder_version=&#8221;4.24.2&#8243; _module_preset=&#8221;default&#8221; header_font=&#8221;||||||||&#8221; text_orientation=&#8221;center&#8221; width=&#8221;60%&#8221; width_tablet=&#8221;100%&#8221; width_phone=&#8221;100%&#8221; width_last_edited=&#8221;on|phone&#8221; module_alignment=&#8221;center&#8221; global_colors_info=&#8221;{}&#8221;]<\/p>\n<h1>We are hobex.<\/h1>\n<p><span>Expertise since 1991. hobex is your Austrian full-service provider for cashless payment systems. We are the right contact for all questions concerning the acceptance of credit or debit cards, payment in Internet trading or online hotel advance payment. <\/span><\/p>\n<p>[\/et_pb_text][\/et_pb_column][\/et_pb_row][\/et_pb_section][et_pb_section fb_built=&#8221;1&#8243; _builder_version=&#8221;4.23.1&#8243; _module_preset=&#8221;default&#8221; global_colors_info=&#8221;{}&#8221;][et_pb_row column_structure=&#8221;1_2,1_2&#8243; use_custom_gutter=&#8221;on&#8221; gutter_width=&#8221;1&#8243; make_equal=&#8221;on&#8221; _builder_version=&#8221;4.23.1&#8243; _module_preset=&#8221;default&#8221; custom_margin=&#8221;0px||0px||false|false&#8221; custom_padding=&#8221;0px|0px|0px|0px|false|false&#8221; global_colors_info=&#8221;{}&#8221;][et_pb_column type=&#8221;1_2&#8243; _builder_version=&#8221;4.23.1&#8243; _module_preset=&#8221;default&#8221; global_colors_info=&#8221;{}&#8221;][et_pb_image src=&#8221;https:\/\/www.hobex.at\/wp-content\/uploads\/2024\/01\/04-Hobex-Unternehmen.jpg&#8221; title_text=&#8221;04-Hobex-Unternehmen&#8221; _builder_version=&#8221;4.23.1&#8243; _module_preset=&#8221;default&#8221; custom_margin=&#8221;||||false|false&#8221; custom_padding=&#8221;|5px|5px||false|false&#8221; animation_style=&#8221;fade&#8221; animation_duration=&#8221;700ms&#8221; global_colors_info=&#8221;{}&#8221;][\/et_pb_image][et_pb_image src=&#8221;https:\/\/www.hobex.at\/wp-content\/uploads\/2023\/12\/04-Hobex-eCommerce.jpg&#8221; title_text=&#8221;04-Hobex-eCommerce&#8221; _builder_version=&#8221;4.23.1&#8243; _module_preset=&#8221;default&#8221; custom_padding=&#8221;|5px|||false|false&#8221; custom_padding_tablet=&#8221;||5px||false|false&#8221; custom_padding_phone=&#8221;||5px||false|false&#8221; custom_padding_last_edited=&#8221;on|phone&#8221; animation_style=&#8221;fade&#8221; animation_duration=&#8221;700ms&#8221; global_colors_info=&#8221;{}&#8221;][\/et_pb_image][\/et_pb_column][et_pb_column type=&#8221;1_2&#8243; _builder_version=&#8221;4.23.1&#8243; _module_preset=&#8221;default&#8221; custom_css_main_element=&#8221;display: flex;||flex-flow: column;&#8221; global_colors_info=&#8221;{}&#8221;][et_pb_image src=&#8221;https:\/\/www.hobex.at\/wp-content\/uploads\/2024\/01\/03-Hobex-Unternehmen.jpg&#8221; title_text=&#8221;03-Hobex-Unternehmen&#8221; _builder_version=&#8221;4.23.1&#8243; _module_preset=&#8221;default&#8221; animation_style=&#8221;fade&#8221; animation_duration=&#8221;700ms&#8221; global_colors_info=&#8221;{}&#8221;][\/et_pb_image][et_pb_text _builder_version=&#8221;4.27.4&#8243; _module_preset=&#8221;default&#8221; text_font=&#8221;||||||||&#8221; text_text_color=&#8221;#B3B3B3&#8243; text_font_size=&#8221;20px&#8221; text_line_height=&#8221;2em&#8221; header_font=&#8221;|700|||||||&#8221; header_3_font=&#8221;|300|||||||&#8221; header_3_font_size=&#8221;24px&#8221; header_4_font=&#8221;|300|||||||&#8221; header_4_font_size=&#8221;22px&#8221; text_orientation=&#8221;center&#8221; width=&#8221;80%&#8221; module_alignment=&#8221;center&#8221; custom_padding_tablet=&#8221;80px||80px||true|false&#8221; custom_padding_phone=&#8221;80px||80px||true|false&#8221; custom_padding_last_edited=&#8221;on|phone&#8221; animation_style=&#8221;slide&#8221; animation_direction=&#8221;left&#8221; hover_enabled=&#8221;0&#8243; text_font_size_tablet=&#8221;20px&#8221; text_font_size_phone=&#8221;20px&#8221; text_font_size_last_edited=&#8221;on|tablet&#8221; header_3_font_size_tablet=&#8221;24px&#8221; header_3_font_size_phone=&#8221;24px&#8221; header_3_font_size_last_edited=&#8221;on|tablet&#8221; custom_css_main_element=&#8221;margin-top: auto;&#8221; global_colors_info=&#8221;{}&#8221; sticky_enabled=&#8221;0&#8243;]<\/p>\n<h3><span>hobex employs more than 190 dedicated and expert people and serves more than 45.200 <\/span><span>customers with more than 76.500 terminals at home and abroad. Apart from the core market of Austria, more and more customers from abroad are putting their faith in our personal service and know-how, including Germany, Italy, Slovenia and Switzerland. <\/span><\/h3>\n<p>[\/et_pb_text][et_pb_image src=&#8221;https:\/\/www.hobex.at\/wp-content\/uploads\/2024\/01\/05-Hobex-Unternehmen.jpg&#8221; title_text=&#8221;05-Hobex-Unternehmen&#8221; _builder_version=&#8221;4.23.1&#8243; _module_preset=&#8221;default&#8221; animation_style=&#8221;fade&#8221; animation_duration=&#8221;700ms&#8221; custom_css_main_element=&#8221;margin-top: auto;&#8221; global_colors_info=&#8221;{}&#8221;][\/et_pb_image][\/et_pb_column][\/et_pb_row][\/et_pb_section][et_pb_section fb_built=&#8221;1&#8243; _builder_version=&#8221;4.23.1&#8243; _module_preset=&#8221;default&#8221; background_color=&#8221;gcid-4e2ad749-189f-477e-b8f2-1cc77f32a567&#8243; transform_scale_tablet=&#8221;&#8221; transform_scale_phone=&#8221;&#8221; transform_scale_last_edited=&#8221;on|desktop&#8221; transform_translate_tablet=&#8221;0px|0px&#8221; transform_translate_phone=&#8221;0px|0px&#8221; transform_translate_last_edited=&#8221;on|phone&#8221; transform_rotate_tablet=&#8221;&#8221; transform_rotate_phone=&#8221;&#8221; transform_rotate_last_edited=&#8221;on|desktop&#8221; transform_skew_tablet=&#8221;&#8221; transform_skew_phone=&#8221;&#8221; transform_skew_last_edited=&#8221;on|desktop&#8221; transform_origin_tablet=&#8221;&#8221; transform_origin_phone=&#8221;&#8221; transform_origin_last_edited=&#8221;on|desktop&#8221; transform_styles_last_edited=&#8221;on|phone&#8221; width_last_edited=&#8221;off|desktop&#8221; max_width=&#8221;1366px&#8221; module_alignment=&#8221;center&#8221; transform_styles_tablet=&#8221;&#8221; transform_styles_phone=&#8221;&#8221; border_radii=&#8221;on|50px|50px|50px|50px&#8221; locked=&#8221;off&#8221; global_colors_info=&#8221;{%22gcid-4e2ad749-189f-477e-b8f2-1cc77f32a567%22:%91%22background_color%22%93}&#8221; width__hover_enabled=&#8221;on|desktop&#8221;][et_pb_row _builder_version=&#8221;4.23.1&#8243; _module_preset=&#8221;default&#8221; animation_direction=&#8221;left&#8221; global_colors_info=&#8221;{}&#8221;][et_pb_column type=&#8221;4_4&#8243; _builder_version=&#8221;4.23&#8243; _module_preset=&#8221;default&#8221; global_colors_info=&#8221;{}&#8221;][et_pb_text _builder_version=&#8221;4.23.4&#8243; _module_preset=&#8221;default&#8221; header_font=&#8221;||||||||&#8221; header_text_align=&#8221;center&#8221; header_2_text_align=&#8221;center&#8221; header_2_font_size=&#8221;50px&#8221; header_2_font_size_tablet=&#8221;50px&#8221; header_2_font_size_phone=&#8221;38px&#8221; header_2_font_size_last_edited=&#8221;on|desktop&#8221; global_colors_info=&#8221;{}&#8221;]<\/p>\n<h2>Facts &amp; Figures<\/h2>\n<p>[\/et_pb_text][\/et_pb_column][\/et_pb_row][et_pb_row column_structure=&#8221;1_4,1_4,1_4,1_4&#8243; use_custom_gutter=&#8221;on&#8221; gutter_width=&#8221;1&#8243; _builder_version=&#8221;4.23.1&#8243; _module_preset=&#8221;default&#8221; global_colors_info=&#8221;{}&#8221;][et_pb_column type=&#8221;1_4&#8243; _builder_version=&#8221;4.23.1&#8243; _module_preset=&#8221;default&#8221; border_width_right=&#8221;1px&#8221; global_colors_info=&#8221;{}&#8221;][et_pb_number_counter title=&#8221;terminals&#8221; number=&#8221;76.500&#8243; percent_sign=&#8221;off&#8221; module_class=&#8221;zaehler&#8221; _builder_version=&#8221;4.27.4&#8243; _module_preset=&#8221;default&#8221; title_font_size=&#8221;25px&#8221; number_font=&#8221;|700|||||||&#8221; number_text_color=&#8221;#333333&#8243; number_font_size=&#8221;70px&#8221; hover_enabled=&#8221;0&#8243; global_colors_info=&#8221;{}&#8221; sticky_enabled=&#8221;0&#8243;][\/et_pb_number_counter][\/et_pb_column][et_pb_column type=&#8221;1_4&#8243; _builder_version=&#8221;4.23.1&#8243; _module_preset=&#8221;default&#8221; border_width_right=&#8221;1px&#8221; global_colors_info=&#8221;{}&#8221;][et_pb_number_counter title=&#8221;eCommerce solutions&#8221; number=&#8221;6.500&#8243; percent_sign=&#8221;off&#8221; module_class=&#8221;zaehler&#8221; _builder_version=&#8221;4.27.4&#8243; _module_preset=&#8221;default&#8221; title_font_size=&#8221;25px&#8221; number_font=&#8221;|700|||||||&#8221; number_text_color=&#8221;#333333&#8243; number_font_size=&#8221;70px&#8221; global_colors_info=&#8221;{}&#8221;][\/et_pb_number_counter][\/et_pb_column][et_pb_column type=&#8221;1_4&#8243; _builder_version=&#8221;4.23.1&#8243; _module_preset=&#8221;default&#8221; border_width_right=&#8221;1px&#8221; global_colors_info=&#8221;{}&#8221;][et_pb_number_counter title=&#8221;customers&#8221; number=&#8221;43.200&#8243; percent_sign=&#8221;off&#8221; module_class=&#8221;zaehler&#8221; _builder_version=&#8221;4.27.4&#8243; _module_preset=&#8221;default&#8221; title_font_size=&#8221;25px&#8221; number_font=&#8221;|700|||||||&#8221; number_text_color=&#8221;#333333&#8243; number_font_size=&#8221;70px&#8221; global_colors_info=&#8221;{}&#8221;][\/et_pb_number_counter][\/et_pb_column][et_pb_column type=&#8221;1_4&#8243; _builder_version=&#8221;4.23.1&#8243; _module_preset=&#8221;default&#8221; border_width_right=&#8221;1px&#8221; global_colors_info=&#8221;{}&#8221;][et_pb_number_counter title=&#8221;years of experience&#8221; number=&#8221;34&#8243; percent_sign=&#8221;off&#8221; module_class=&#8221;zaehler&#8221; _builder_version=&#8221;4.27.4&#8243; _module_preset=&#8221;default&#8221; title_font_size=&#8221;25px&#8221; number_font=&#8221;|700|||||||&#8221; number_text_color=&#8221;#333333&#8243; number_font_size=&#8221;70px&#8221; global_colors_info=&#8221;{}&#8221;][\/et_pb_number_counter][\/et_pb_column][\/et_pb_row][\/et_pb_section]<\/p>\n","protected":false},"excerpt":{"rendered":"<p>We are hobex. Expertise since 1991. hobex is your Austrian full-service provider for cashless payment systems. We are the right contact for all questions concerning the acceptance of credit or debit cards, payment in Internet trading or online hotel advance payment. hobex employs more than 190 dedicated and expert people and serves more than 45.200 [&hellip;]<\/p>\n","protected":false},"author":2,"featured_media":0,"parent":0,"menu_order":0,"comment_status":"closed","ping_status":"closed","template":"","meta":{"_et_pb_use_builder":"on","_et_pb_old_content":"","_et_gb_content_width":"","footnotes":""},"dipi_cpt_category":[],"class_list":["post-22993350","page","type-page","status-publish","hentry"],"yoast_head":"<!-- This site is optimized with the Yoast SEO Premium plugin v27.5 (Yoast SEO v27.5) - https:\/\/yoast.com\/product\/yoast-seo-premium-wordpress\/ -->\n<title>Company - hobex Payment Systems<\/title>\n<meta name=\"robots\" content=\"index, follow, max-snippet:-1, max-image-preview:large, max-video-preview:-1\" \/>\n<link rel=\"canonical\" href=\"https:\/\/www.hobex.at\/en\/company\/\" \/>\n<meta property=\"og:locale\" content=\"en_US\" \/>\n<meta property=\"og:type\" content=\"article\" \/>\n<meta property=\"og:title\" content=\"Company\" \/>\n<meta property=\"og:description\" content=\"We are hobex. Expertise since 1991. hobex is your Austrian full-service provider for cashless payment systems. We are the right contact for all questions concerning the acceptance of credit or debit cards, payment in Internet trading or online hotel advance payment. hobex employs more than 190 dedicated and expert people and serves more than 45.200 [&hellip;]\" \/>\n<meta property=\"og:url\" content=\"https:\/\/www.hobex.at\/en\/company\/\" \/>\n<meta property=\"og:site_name\" content=\"hobex Payment Systems\" \/>\n<meta property=\"article:modified_time\" content=\"2025-09-01T06:07:41+00:00\" \/>\n<meta name=\"twitter:card\" content=\"summary_large_image\" \/>\n<meta name=\"twitter:label1\" content=\"Est. reading time\" \/>\n\t<meta name=\"twitter:data1\" content=\"2 minutes\" \/>\n<script type=\"application\/ld+json\" class=\"yoast-schema-graph\">{\"@context\":\"https:\\\/\\\/schema.org\",\"@graph\":[{\"@type\":\"WebPage\",\"@id\":\"https:\\\/\\\/www.hobex.at\\\/en\\\/company\\\/\",\"url\":\"https:\\\/\\\/www.hobex.at\\\/en\\\/company\\\/\",\"name\":\"Company - hobex Payment Systems\",\"isPartOf\":{\"@id\":\"https:\\\/\\\/www.hobex.at\\\/en\\\/#website\"},\"datePublished\":\"2023-11-27T18:52:05+00:00\",\"dateModified\":\"2025-09-01T06:07:41+00:00\",\"breadcrumb\":{\"@id\":\"https:\\\/\\\/www.hobex.at\\\/en\\\/company\\\/#breadcrumb\"},\"inLanguage\":\"en-US\",\"potentialAction\":[{\"@type\":\"ReadAction\",\"target\":[\"https:\\\/\\\/www.hobex.at\\\/en\\\/company\\\/\"]}]},{\"@type\":\"BreadcrumbList\",\"@id\":\"https:\\\/\\\/www.hobex.at\\\/en\\\/company\\\/#breadcrumb\",\"itemListElement\":[{\"@type\":\"ListItem\",\"position\":1,\"name\":\"Startseite\",\"item\":\"https:\\\/\\\/www.hobex.at\\\/en\\\/\"},{\"@type\":\"ListItem\",\"position\":2,\"name\":\"Company\"}]},{\"@type\":\"WebSite\",\"@id\":\"https:\\\/\\\/www.hobex.at\\\/en\\\/#website\",\"url\":\"https:\\\/\\\/www.hobex.at\\\/en\\\/\",\"name\":\"hobex Payment Systems\",\"description\":\"We are payment.\",\"publisher\":{\"@id\":\"https:\\\/\\\/www.hobex.at\\\/en\\\/#organization\"},\"alternateName\":\"hobex\",\"potentialAction\":[{\"@type\":\"SearchAction\",\"target\":{\"@type\":\"EntryPoint\",\"urlTemplate\":\"https:\\\/\\\/www.hobex.at\\\/en\\\/?s={search_term_string}\"},\"query-input\":{\"@type\":\"PropertyValueSpecification\",\"valueRequired\":true,\"valueName\":\"search_term_string\"}}],\"inLanguage\":\"en-US\"},{\"@type\":\"Organization\",\"@id\":\"https:\\\/\\\/www.hobex.at\\\/en\\\/#organization\",\"name\":\"hobex Payment Systems\",\"alternateName\":\"hobex\",\"url\":\"https:\\\/\\\/www.hobex.at\\\/en\\\/\",\"logo\":{\"@type\":\"ImageObject\",\"inLanguage\":\"en-US\",\"@id\":\"https:\\\/\\\/www.hobex.at\\\/en\\\/#\\\/schema\\\/logo\\\/image\\\/\",\"url\":\"https:\\\/\\\/www.hobex.at\\\/wp-content\\\/uploads\\\/2023\\\/10\\\/Hobex-Logo-Main_Vector.png\",\"contentUrl\":\"https:\\\/\\\/www.hobex.at\\\/wp-content\\\/uploads\\\/2023\\\/10\\\/Hobex-Logo-Main_Vector.png\",\"width\":397,\"height\":154,\"caption\":\"hobex Payment Systems\"},\"image\":{\"@id\":\"https:\\\/\\\/www.hobex.at\\\/en\\\/#\\\/schema\\\/logo\\\/image\\\/\"},\"sameAs\":[\"https:\\\/\\\/www.linkedin.com\\\/company\\\/hobex-ag-paymentsystems\\\/\"],\"description\":\"hobex bietet perfekte Bezahll\u00f6sungen f\u00fcr jede Branche mit einer breiten Palette an Bezahlterminals, um Kartenzahlungen und NFC Zahlungen sicher und schnell zu akzeptieren. Station\u00e4re Terminals sind ideal f\u00fcr den Einzelhandel und die Hotellerie, da sie sichere und zuverl\u00e4ssige Transaktionen am Point of Sale erm\u00f6glichen. F\u00fcr Gastronomie, Dienstleister und Au\u00dfendienstmitarbeiter stellen mobile Terminals eine flexible L\u00f6sung dar, da Zahlungen direkt vor Ort abgewickelt werden k\u00f6nnen. Zus\u00e4tzlich lassen sich die Bezahlterminals nahtlos in bestehende Systeme wie eCommerce-Plattformen oder Kassensysteme integrieren, was den administrativen Aufwand reduziert und die Effizienz im Betrieb steigert.\",\"email\":\"office@hobex.at\",\"telephone\":\"+43 662 2255-0\",\"legalName\":\"hobex AG\",\"foundingDate\":\"1999-07-29\",\"vatID\":\"ATU35185508\",\"numberOfEmployees\":{\"@type\":\"QuantitativeValue\",\"minValue\":\"51\",\"maxValue\":\"200\"}}]}<\/script>\n<!-- \/ Yoast SEO Premium plugin. -->","yoast_head_json":{"title":"Company - hobex Payment Systems","robots":{"index":"index","follow":"follow","max-snippet":"max-snippet:-1","max-image-preview":"max-image-preview:large","max-video-preview":"max-video-preview:-1"},"canonical":"https:\/\/www.hobex.at\/en\/company\/","og_locale":"en_US","og_type":"article","og_title":"Company","og_description":"We are hobex. Expertise since 1991. hobex is your Austrian full-service provider for cashless payment systems. We are the right contact for all questions concerning the acceptance of credit or debit cards, payment in Internet trading or online hotel advance payment. hobex employs more than 190 dedicated and expert people and serves more than 45.200 [&hellip;]","og_url":"https:\/\/www.hobex.at\/en\/company\/","og_site_name":"hobex Payment Systems","article_modified_time":"2025-09-01T06:07:41+00:00","twitter_card":"summary_large_image","twitter_misc":{"Est. reading time":"2 minutes"},"schema":{"@context":"https:\/\/schema.org","@graph":[{"@type":"WebPage","@id":"https:\/\/www.hobex.at\/en\/company\/","url":"https:\/\/www.hobex.at\/en\/company\/","name":"Company - hobex Payment Systems","isPartOf":{"@id":"https:\/\/www.hobex.at\/en\/#website"},"datePublished":"2023-11-27T18:52:05+00:00","dateModified":"2025-09-01T06:07:41+00:00","breadcrumb":{"@id":"https:\/\/www.hobex.at\/en\/company\/#breadcrumb"},"inLanguage":"en-US","potentialAction":[{"@type":"ReadAction","target":["https:\/\/www.hobex.at\/en\/company\/"]}]},{"@type":"BreadcrumbList","@id":"https:\/\/www.hobex.at\/en\/company\/#breadcrumb","itemListElement":[{"@type":"ListItem","position":1,"name":"Startseite","item":"https:\/\/www.hobex.at\/en\/"},{"@type":"ListItem","position":2,"name":"Company"}]},{"@type":"WebSite","@id":"https:\/\/www.hobex.at\/en\/#website","url":"https:\/\/www.hobex.at\/en\/","name":"hobex Payment Systems","description":"We are payment.","publisher":{"@id":"https:\/\/www.hobex.at\/en\/#organization"},"alternateName":"hobex","potentialAction":[{"@type":"SearchAction","target":{"@type":"EntryPoint","urlTemplate":"https:\/\/www.hobex.at\/en\/?s={search_term_string}"},"query-input":{"@type":"PropertyValueSpecification","valueRequired":true,"valueName":"search_term_string"}}],"inLanguage":"en-US"},{"@type":"Organization","@id":"https:\/\/www.hobex.at\/en\/#organization","name":"hobex Payment Systems","alternateName":"hobex","url":"https:\/\/www.hobex.at\/en\/","logo":{"@type":"ImageObject","inLanguage":"en-US","@id":"https:\/\/www.hobex.at\/en\/#\/schema\/logo\/image\/","url":"https:\/\/www.hobex.at\/wp-content\/uploads\/2023\/10\/Hobex-Logo-Main_Vector.png","contentUrl":"https:\/\/www.hobex.at\/wp-content\/uploads\/2023\/10\/Hobex-Logo-Main_Vector.png","width":397,"height":154,"caption":"hobex Payment Systems"},"image":{"@id":"https:\/\/www.hobex.at\/en\/#\/schema\/logo\/image\/"},"sameAs":["https:\/\/www.linkedin.com\/company\/hobex-ag-paymentsystems\/"],"description":"hobex bietet perfekte Bezahll\u00f6sungen f\u00fcr jede Branche mit einer breiten Palette an Bezahlterminals, um Kartenzahlungen und NFC Zahlungen sicher und schnell zu akzeptieren. Station\u00e4re Terminals sind ideal f\u00fcr den Einzelhandel und die Hotellerie, da sie sichere und zuverl\u00e4ssige Transaktionen am Point of Sale erm\u00f6glichen. F\u00fcr Gastronomie, Dienstleister und Au\u00dfendienstmitarbeiter stellen mobile Terminals eine flexible L\u00f6sung dar, da Zahlungen direkt vor Ort abgewickelt werden k\u00f6nnen. Zus\u00e4tzlich lassen sich die Bezahlterminals nahtlos in bestehende Systeme wie eCommerce-Plattformen oder Kassensysteme integrieren, was den administrativen Aufwand reduziert und die Effizienz im Betrieb steigert.","email":"office@hobex.at","telephone":"+43 662 2255-0","legalName":"hobex AG","foundingDate":"1999-07-29","vatID":"ATU35185508","numberOfEmployees":{"@type":"QuantitativeValue","minValue":"51","maxValue":"200"}}]}},"_links":{"self":[{"href":"https:\/\/www.hobex.at\/en\/wp-json\/wp\/v2\/pages\/22993350","targetHints":{"allow":["GET"]}}],"collection":[{"href":"https:\/\/www.hobex.at\/en\/wp-json\/wp\/v2\/pages"}],"about":[{"href":"https:\/\/www.hobex.at\/en\/wp-json\/wp\/v2\/types\/page"}],"author":[{"embeddable":true,"href":"https:\/\/www.hobex.at\/en\/wp-json\/wp\/v2\/users\/2"}],"replies":[{"embeddable":true,"href":"https:\/\/www.hobex.at\/en\/wp-json\/wp\/v2\/comments?post=22993350"}],"version-history":[{"count":1,"href":"https:\/\/www.hobex.at\/en\/wp-json\/wp\/v2\/pages\/22993350\/revisions"}],"predecessor-version":[{"id":25279617,"href":"https:\/\/www.hobex.at\/en\/wp-json\/wp\/v2\/pages\/22993350\/revisions\/25279617"}],"wp:attachment":[{"href":"https:\/\/www.hobex.at\/en\/wp-json\/wp\/v2\/media?parent=22993350"}],"wp:term":[{"taxonomy":"dipi_cpt_category","embeddable":true,"href":"https:\/\/www.hobex.at\/en\/wp-json\/wp\/v2\/dipi_cpt_category?post=22993350"}],"curies":[{"name":"wp","href":"https:\/\/api.w.org\/{rel}","templated":true}]}}