{"id":22993343,"date":"2023-11-27T19:51:42","date_gmt":"2023-11-27T18:51:42","guid":{"rendered":"https:\/\/www.hobex.at\/solutions\/"},"modified":"2024-04-13T20:06:14","modified_gmt":"2024-04-13T18:06:14","slug":"solutions","status":"publish","type":"page","link":"https:\/\/www.hobex.at\/en\/solutions\/","title":{"rendered":"Solutions"},"content":{"rendered":"<p>[et_pb_section fb_built=&#8221;1&#8243; _builder_version=&#8221;4.23&#8243; _module_preset=&#8221;default&#8221; locked=&#8221;off&#8221; global_colors_info=&#8221;{}&#8221;][et_pb_row _builder_version=&#8221;4.23.1&#8243; _module_preset=&#8221;default&#8221; global_colors_info=&#8221;{}&#8221;][et_pb_column type=&#8221;4_4&#8243; _builder_version=&#8221;4.23.1&#8243; _module_preset=&#8221;default&#8221; global_colors_info=&#8221;{}&#8221;][et_pb_text _builder_version=&#8221;4.23.4&#8243; _module_preset=&#8221;default&#8221; header_font=&#8221;||||||||&#8221; text_orientation=&#8221;center&#8221; width=&#8221;60%&#8221; width_tablet=&#8221;100%&#8221; width_phone=&#8221;100%&#8221; width_last_edited=&#8221;on|phone&#8221; module_alignment=&#8221;center&#8221; global_colors_info=&#8221;{}&#8221;]<\/p>\n<h1><span>Our products.<\/span><\/h1>\n<p><span>When it comes to cashless payments, hobex offers everything to meet the highest standards. Stationary or mobile terminals, mobile solutions with 4G\/LTE, automated modules, special solutions for payment or eCommerce packages individually tailored to company requirements; maximum mobility and flexibility are combined with the latest security standards here to create products which are perfect for your needs! Needless to say, this includes optimum customer service!  <\/span><\/p>\n<p>[\/et_pb_text][\/et_pb_column][\/et_pb_row][\/et_pb_section][et_pb_section fb_built=&#8221;1&#8243; custom_padding_last_edited=&#8221;on|phone&#8221; _builder_version=&#8221;4.23.4&#8243; _module_preset=&#8221;default&#8221; background_color=&#8221;#333333&#8243; custom_margin=&#8221;-5px||0px||false|false&#8221; custom_margin_tablet=&#8221;0px||0px||false|false&#8221; custom_margin_phone=&#8221;||0px||false|false&#8221; custom_margin_last_edited=&#8221;on|phone&#8221; custom_padding=&#8221;80px||160px||false|false&#8221; custom_padding_tablet=&#8221;80px||0px||false|false&#8221; custom_padding_phone=&#8221;60px||0px||false|false&#8221; scroll_vertical_motion_enable=&#8221;on&#8221; scroll_vertical_motion=&#8221;0|50|50|100|4|0|0&#8243; motion_trigger_start=&#8221;top&#8221; border_radii=&#8221;off|50px|50px||&#8221; border_radii_tablet=&#8221;off|50px|50px|50px|50px&#8221; border_radii_phone=&#8221;off|50px|50px|50px|50px&#8221; border_radii_last_edited=&#8221;on|phone&#8221; global_colors_info=&#8221;{}&#8221;][et_pb_row column_structure=&#8221;1_2,1_2&#8243; make_equal=&#8221;on&#8221; _builder_version=&#8221;4.23.1&#8243; _module_preset=&#8221;default&#8221; width_tablet=&#8221;100%&#8221; width_phone=&#8221;100%&#8221; width_last_edited=&#8221;on|tablet&#8221; custom_margin=&#8221;0px||0px||false|false&#8221; custom_margin_tablet=&#8221;0px||0px||false|false&#8221; custom_margin_phone=&#8221;0px||0px||false|false&#8221; custom_margin_last_edited=&#8221;on|phone&#8221; custom_padding=&#8221;0px||0px||false|false&#8221; custom_css_main_element=&#8221;align-items: center;&#8221; global_colors_info=&#8221;{}&#8221; custom_margin__hover_enabled=&#8221;off|desktop&#8221;][et_pb_column type=&#8221;1_2&#8243; _builder_version=&#8221;4.23&#8243; _module_preset=&#8221;default&#8221; custom_padding_tablet=&#8221;|10%||10%|false|true&#8221; custom_padding_phone=&#8221;|10%||10%|false|true&#8221; custom_padding_last_edited=&#8221;on|phone&#8221; global_colors_info=&#8221;{}&#8221;][et_pb_text _builder_version=&#8221;4.23.4&#8243; _module_preset=&#8221;default&#8221; text_text_color=&#8221;#FFFFFF&#8221; header_font=&#8221;||||||||&#8221; header_text_color=&#8221;#FFFFFF&#8221; header_2_text_color=&#8221;#FFFFFF&#8221; header_2_font_size=&#8221;50px&#8221; animation_style=&#8221;slide&#8221; animation_direction=&#8221;left&#8221; animation_intensity_slide=&#8221;5%&#8221; text_font_size_tablet=&#8221;&#8221; text_font_size_phone=&#8221;&#8221; text_font_size_last_edited=&#8221;on|desktop&#8221; header_2_font_size_tablet=&#8221;50px&#8221; header_2_font_size_phone=&#8221;38px&#8221; header_2_font_size_last_edited=&#8221;on|phone&#8221; global_colors_info=&#8221;{}&#8221;]<\/p>\n<h2 class=\" headline\">Our terminals<\/h2>\n<p><span>hobex terminals are as individual as your needs It makes no difference whether you use floor-mounted terminals, mobile solutions or a combination of &#8220;payment and registration&#8221; in one device, you get effective cashless payment systems with Internet, telephone or mobile communication for reliable indoor and outdoor use.  <\/span><\/p>\n<p>[\/et_pb_text][et_pb_button button_url=&#8221;@ET-DC@eyJkeW5hbWljIjp0cnVlLCJjb250ZW50IjoicG9zdF9saW5rX3VybF9wYWdlIiwic2V0dGluZ3MiOnsicG9zdF9pZCI6IjMxMyJ9fQ==@&#8221; button_text=&#8221;Go to the terminals&#8221; _builder_version=&#8221;4.24.3&#8243; _dynamic_attributes=&#8221;button_url&#8221; _module_preset=&#8221;default&#8221; custom_button=&#8221;on&#8221; button_text_color=&#8221;#FFFFFF&#8221; button_border_color=&#8221;#FFFFFF&#8221; custom_margin=&#8221;||30px|||&#8221; animation_style=&#8221;zoom&#8221; animation_intensity_zoom=&#8221;20%&#8221; hover_enabled=&#8221;0&#8243; global_colors_info=&#8221;{}&#8221; sticky_enabled=&#8221;0&#8243;][\/et_pb_button][\/et_pb_column][et_pb_column type=&#8221;1_2&#8243; _builder_version=&#8221;4.23&#8243; _module_preset=&#8221;default&#8221; global_colors_info=&#8221;{}&#8221;][et_pb_image src=&#8221;https:\/\/www.hobex.at\/wp-content\/uploads\/2023\/10\/hobex_startseite_2.jpg&#8221; title_text=&#8221;hobex_startseite_2&#8243; disabled_on=&#8221;off|off|off&#8221; _builder_version=&#8221;4.23.4&#8243; _module_preset=&#8221;default&#8221; width_tablet=&#8221;&#8221; width_phone=&#8221;&#8221; width_last_edited=&#8221;on|desktop&#8221; custom_margin_tablet=&#8221;||||false|true&#8221; custom_margin_phone=&#8221;||||false|true&#8221; custom_margin_last_edited=&#8221;on|phone&#8221; animation_style=&#8221;flip&#8221; animation_direction=&#8221;left&#8221; animation_intensity_flip=&#8221;20%&#8221; border_radii_tablet=&#8221;off|||50px|50px&#8221; border_radii_phone=&#8221;off|||50px|50px&#8221; border_radii_last_edited=&#8221;on|tablet&#8221; global_colors_info=&#8221;{}&#8221;][\/et_pb_image][\/et_pb_column][\/et_pb_row][\/et_pb_section][et_pb_section fb_built=&#8221;1&#8243; custom_padding_last_edited=&#8221;on|tablet&#8221; _builder_version=&#8221;4.23.4&#8243; _module_preset=&#8221;default&#8221; transform_scale_tablet=&#8221;&#8221; transform_scale_phone=&#8221;&#8221; transform_scale_last_edited=&#8221;on|desktop&#8221; transform_translate=&#8221;0px|-80px&#8221; transform_translate_tablet=&#8221;0px|0px&#8221; transform_translate_phone=&#8221;0px|0px&#8221; transform_translate_last_edited=&#8221;on|tablet&#8221; transform_translate_linked=&#8221;off&#8221; transform_rotate_tablet=&#8221;&#8221; transform_rotate_phone=&#8221;&#8221; transform_rotate_last_edited=&#8221;on|desktop&#8221; transform_skew_tablet=&#8221;&#8221; transform_skew_phone=&#8221;&#8221; transform_skew_last_edited=&#8221;on|desktop&#8221; transform_origin_tablet=&#8221;&#8221; transform_origin_phone=&#8221;&#8221; transform_origin_last_edited=&#8221;on|desktop&#8221; transform_styles_last_edited=&#8221;on|tablet&#8221; custom_margin=&#8221;0px||0px||false|false&#8221; custom_margin_tablet=&#8221;||||false|false&#8221; custom_margin_phone=&#8221;0px||||false|false&#8221; custom_margin_last_edited=&#8221;on|phone&#8221; custom_padding=&#8221;80px||80px||false|false&#8221; custom_padding_tablet=&#8221;60px||60px||false|false&#8221; custom_padding_phone=&#8221;0px||0px||false|false&#8221; transform_styles_tablet=&#8221;&#8221; transform_styles_phone=&#8221;&#8221; border_radii=&#8221;off|50px|50px||&#8221; global_colors_info=&#8221;{}&#8221;][et_pb_row column_structure=&#8221;1_2,1_2&#8243; make_equal=&#8221;on&#8221; _builder_version=&#8221;4.23.1&#8243; _module_preset=&#8221;default&#8221; width_tablet=&#8221;100%&#8221; width_phone=&#8221;100%&#8221; width_last_edited=&#8221;on|desktop&#8221; custom_margin=&#8221;0px||0px||false|false&#8221; custom_margin_tablet=&#8221;&#8221; custom_margin_phone=&#8221;||0px||false|false&#8221; custom_margin_last_edited=&#8221;on|desktop&#8221; custom_padding=&#8221;0px||0px||false|false&#8221; custom_css_main_element=&#8221;align-items: center;&#8221; global_colors_info=&#8221;{}&#8221;][et_pb_column type=&#8221;1_2&#8243; _builder_version=&#8221;4.23&#8243; _module_preset=&#8221;default&#8221; custom_padding_tablet=&#8221;&#8221; custom_padding_phone=&#8221;&#8221; custom_padding_last_edited=&#8221;on|tablet&#8221; global_colors_info=&#8221;{}&#8221; custom_css_main_element_last_edited=&#8221;on|desktop&#8221; custom_css_main_element_phone=&#8221;order: 2;&#8221; custom_css_main_element_tablet=&#8221;order: 2;&#8221;][et_pb_image src=&#8221;https:\/\/www.hobex.at\/wp-content\/uploads\/2024\/01\/hobex_loesugen-ecomm.jpg&#8221; title_text=&#8221;hobex_loesugen-ecomm&#8221; disabled_on=&#8221;on|on|off&#8221; _builder_version=&#8221;4.23.4&#8243; _module_preset=&#8221;default&#8221; custom_margin=&#8221;||||false|false&#8221; custom_margin_tablet=&#8221;80px||||false|false&#8221; custom_margin_phone=&#8221;60px||||false|false&#8221; custom_margin_last_edited=&#8221;on|desktop&#8221; animation_style=&#8221;flip&#8221; animation_direction=&#8221;left&#8221; animation_intensity_flip=&#8221;20%&#8221; global_colors_info=&#8221;{}&#8221;][\/et_pb_image][\/et_pb_column][et_pb_column type=&#8221;1_2&#8243; _builder_version=&#8221;4.23&#8243; _module_preset=&#8221;default&#8221; custom_padding_tablet=&#8221;|10%||10%|false|true&#8221; custom_padding_phone=&#8221;|10%||10%|false|true&#8221; custom_padding_last_edited=&#8221;on|phone&#8221; global_colors_info=&#8221;{}&#8221; custom_css_main_element_last_edited=&#8221;on|phone&#8221; custom_css_main_element_tablet=&#8221;order: 1;&#8221; custom_css_main_element_phone=&#8221;order: 1;&#8221;][et_pb_text _builder_version=&#8221;4.23.4&#8243; _module_preset=&#8221;default&#8221; header_font=&#8221;||||||||&#8221; header_2_font_size=&#8221;50px&#8221; animation_style=&#8221;slide&#8221; animation_direction=&#8221;left&#8221; animation_intensity_slide=&#8221;5%&#8221; header_2_font_size_tablet=&#8221;50px&#8221; header_2_font_size_phone=&#8221;38px&#8221; header_2_font_size_last_edited=&#8221;on|phone&#8221; global_colors_info=&#8221;{}&#8221;]<\/p>\n<h2>eCommerce solutions<\/h2>\n<p><span>hobex enables you to offer your customers extremely efficient and individual payment options in your online shop. A high security standard and simple processing are a matter of course for us. <\/span><\/p>\n<p>[\/et_pb_text][et_pb_button button_url=&#8221;@ET-DC@eyJkeW5hbWljIjp0cnVlLCJjb250ZW50IjoicG9zdF9saW5rX3VybF9wYWdlIiwic2V0dGluZ3MiOnsicG9zdF9pZCI6IjIyOTg5MDIzIiwiZW5hYmxlX2h0bWwiOiJvZmYifX0=@&#8221; button_text=&#8221;Online Payment&#8221; _builder_version=&#8221;4.23.1&#8243; _dynamic_attributes=&#8221;button_url&#8221; _module_preset=&#8221;default&#8221; animation_style=&#8221;zoom&#8221; animation_intensity_zoom=&#8221;20%&#8221; global_colors_info=&#8221;{}&#8221;][\/et_pb_button][et_pb_button button_url=&#8221;@ET-DC@eyJkeW5hbWljIjp0cnVlLCJjb250ZW50IjoicG9zdF9saW5rX3VybF9wYWdlIiwic2V0dGluZ3MiOnsicG9zdF9pZCI6IjIyOTg5MDQ0IiwiZW5hYmxlX2h0bWwiOiJvZmYifX0=@&#8221; button_text=&#8221;Paymentlink&#8221; _builder_version=&#8221;4.23.1&#8243; _dynamic_attributes=&#8221;button_url&#8221; _module_preset=&#8221;default&#8221; animation_style=&#8221;zoom&#8221; animation_intensity_zoom=&#8221;20%&#8221; global_colors_info=&#8221;{}&#8221;][\/et_pb_button][\/et_pb_column][\/et_pb_row][\/et_pb_section][et_pb_section fb_built=&#8221;1&#8243; custom_padding_last_edited=&#8221;on|phone&#8221; _builder_version=&#8221;4.23.4&#8243; _module_preset=&#8221;default&#8221; background_color=&#8221;gcid-4e2ad749-189f-477e-b8f2-1cc77f32a567&#8243; transform_scale_tablet=&#8221;&#8221; transform_scale_phone=&#8221;&#8221; transform_scale_last_edited=&#8221;on|phone&#8221; transform_translate_tablet=&#8221;&#8221; transform_translate_phone=&#8221;&#8221; transform_translate_last_edited=&#8221;on|tablet&#8221; transform_translate_linked=&#8221;off&#8221; transform_rotate_tablet=&#8221;&#8221; transform_rotate_phone=&#8221;&#8221; transform_rotate_last_edited=&#8221;on|phone&#8221; transform_skew_tablet=&#8221;&#8221; transform_skew_phone=&#8221;&#8221; transform_skew_last_edited=&#8221;on|phone&#8221; transform_origin_tablet=&#8221;&#8221; transform_origin_phone=&#8221;&#8221; transform_origin_last_edited=&#8221;on|phone&#8221; transform_styles_last_edited=&#8221;on|tablet&#8221; custom_margin=&#8221;0px||0px||false|false&#8221; custom_margin_tablet=&#8221;40px||||false|false&#8221; custom_margin_phone=&#8221;40px||||false|false&#8221; custom_margin_last_edited=&#8221;on|phone&#8221; custom_padding=&#8221;80px||80px||true|false&#8221; custom_padding_tablet=&#8221;||0px||false|false&#8221; custom_padding_phone=&#8221;60px||0px||false|false&#8221; transform_styles_tablet=&#8221;&#8221; transform_styles_phone=&#8221;&#8221; border_radii=&#8221;on|50px|50px|50px|50px&#8221; border_radii_tablet=&#8221;off|50px|50px||&#8221; border_radii_phone=&#8221;off|50px|50px|50px|50px&#8221; border_radii_last_edited=&#8221;on|phone&#8221; global_colors_info=&#8221;{%22gcid-4e2ad749-189f-477e-b8f2-1cc77f32a567%22:%91%22background_color%22%93}&#8221;][et_pb_row column_structure=&#8221;1_2,1_2&#8243; make_equal=&#8221;on&#8221; _builder_version=&#8221;4.23.4&#8243; _module_preset=&#8221;default&#8221; width_tablet=&#8221;100%&#8221; width_phone=&#8221;100%&#8221; width_last_edited=&#8221;on|phone&#8221; custom_margin=&#8221;0px||0px||false|false&#8221; custom_padding=&#8221;0px||0px||false|false&#8221; custom_css_main_element=&#8221;align-items: center;&#8221; global_colors_info=&#8221;{}&#8221;][et_pb_column type=&#8221;1_2&#8243; _builder_version=&#8221;4.23&#8243; _module_preset=&#8221;default&#8221; custom_padding_tablet=&#8221;|10%||10%|false|true&#8221; custom_padding_phone=&#8221;|10%||10%|false|true&#8221; custom_padding_last_edited=&#8221;on|phone&#8221; global_colors_info=&#8221;{}&#8221;][et_pb_text _builder_version=&#8221;4.23.4&#8243; _module_preset=&#8221;default&#8221; header_font=&#8221;||||||||&#8221; header_text_color=&#8221;#333333&#8243; header_2_font_size=&#8221;50px&#8221; animation_style=&#8221;slide&#8221; animation_direction=&#8221;left&#8221; animation_intensity_slide=&#8221;5%&#8221; header_2_font_size_tablet=&#8221;50px&#8221; header_2_font_size_phone=&#8221;38px&#8221; header_2_font_size_last_edited=&#8221;on|phone&#8221; global_colors_info=&#8221;{}&#8221;]<\/p>\n<h2 class=\" headline\">Further products<\/h2>\n<p><span>At hobex, we are aware of the following:  <\/span><span>every business is unique. In addition to our tried and tested payment<\/span><span>solutions, such as our automated modules, we therefore offer unique special solutions which we develop individually for your company. This allows us to tailor our technologies to the requirements of the target market and open up new possibilities for you in terms of customer support. <\/span><\/p>\n<p>[\/et_pb_text][et_pb_button button_url=&#8221;@ET-DC@eyJkeW5hbWljIjp0cnVlLCJjb250ZW50IjoicG9zdF9saW5rX3VybF9wYWdlIiwic2V0dGluZ3MiOnsicG9zdF9pZCI6IjIyOTg4MzIwIiwiZW5hYmxlX2h0bWwiOiJvZmYifX0=@&#8221; button_text=&#8221;View all&#8221; _builder_version=&#8221;4.23.1&#8243; _dynamic_attributes=&#8221;button_url&#8221; _module_preset=&#8221;default&#8221; custom_margin=&#8221;0px||||false|false&#8221; animation_style=&#8221;zoom&#8221; animation_intensity_zoom=&#8221;20%&#8221; global_colors_info=&#8221;{}&#8221;][\/et_pb_button][\/et_pb_column][et_pb_column type=&#8221;1_2&#8243; _builder_version=&#8221;4.23.4&#8243; _module_preset=&#8221;default&#8221; global_colors_info=&#8221;{}&#8221;][et_pb_image src=&#8221;https:\/\/www.hobex.at\/wp-content\/uploads\/2024\/01\/hobex_loesugen-weitere.jpg&#8221; title_text=&#8221;hobex_loesugen-weitere&#8221; _builder_version=&#8221;4.23.4&#8243; _module_preset=&#8221;default&#8221; transform_translate_linked=&#8221;off&#8221; width_tablet=&#8221;&#8221; width_phone=&#8221;&#8221; width_last_edited=&#8221;on|desktop&#8221; custom_margin_tablet=&#8221;||||false|true&#8221; custom_margin_phone=&#8221;|0%||0%|false|true&#8221; custom_margin_last_edited=&#8221;on|tablet&#8221; custom_padding_phone=&#8221;0px||||false|false&#8221; custom_padding_last_edited=&#8221;off|tablet&#8221; animation_style=&#8221;flip&#8221; animation_direction=&#8221;left&#8221; animation_intensity_flip=&#8221;20%&#8221; border_radii_tablet=&#8221;off||||&#8221; border_radii_phone=&#8221;off||||&#8221; border_radii_last_edited=&#8221;on|phone&#8221; global_colors_info=&#8221;{}&#8221;][\/et_pb_image][\/et_pb_column][\/et_pb_row][\/et_pb_section]<\/p>\n","protected":false},"excerpt":{"rendered":"<p>Our products. When it comes to cashless payments, hobex offers everything to meet the highest standards. Stationary or mobile terminals, mobile solutions with 4G\/LTE, automated modules, special solutions for payment or eCommerce packages individually tailored to company requirements; maximum mobility and flexibility are combined with the latest security standards here to create products which are [&hellip;]<\/p>\n","protected":false},"author":3,"featured_media":0,"parent":0,"menu_order":0,"comment_status":"closed","ping_status":"closed","template":"","meta":{"_et_pb_use_builder":"on","_et_pb_old_content":"","_et_gb_content_width":"","footnotes":""},"dipi_cpt_category":[],"class_list":["post-22993343","page","type-page","status-publish","hentry"],"yoast_head":"<!-- This site is optimized with the Yoast SEO Premium plugin v27.6 (Yoast SEO v27.6) - https:\/\/yoast.com\/product\/yoast-seo-premium-wordpress\/ -->\n<title>Solutions - hobex Payment Systems<\/title>\n<meta name=\"robots\" content=\"index, follow, max-snippet:-1, max-image-preview:large, max-video-preview:-1\" \/>\n<link rel=\"canonical\" href=\"https:\/\/www.hobex.at\/en\/solutions\/\" \/>\n<meta property=\"og:locale\" content=\"en_US\" \/>\n<meta property=\"og:type\" content=\"article\" \/>\n<meta property=\"og:title\" content=\"Solutions\" \/>\n<meta property=\"og:description\" content=\"Our products. When it comes to cashless payments, hobex offers everything to meet the highest standards. Stationary or mobile terminals, mobile solutions with 4G\/LTE, automated modules, special solutions for payment or eCommerce packages individually tailored to company requirements; maximum mobility and flexibility are combined with the latest security standards here to create products which are [&hellip;]\" \/>\n<meta property=\"og:url\" content=\"https:\/\/www.hobex.at\/en\/solutions\/\" \/>\n<meta property=\"og:site_name\" content=\"hobex Payment Systems\" \/>\n<meta property=\"article:modified_time\" content=\"2024-04-13T18:06:14+00:00\" \/>\n<meta name=\"twitter:card\" content=\"summary_large_image\" \/>\n<meta name=\"twitter:label1\" content=\"Est. reading time\" \/>\n\t<meta name=\"twitter:data1\" content=\"9 minutes\" \/>\n<script type=\"application\/ld+json\" class=\"yoast-schema-graph\">{\"@context\":\"https:\\\/\\\/schema.org\",\"@graph\":[{\"@type\":\"WebPage\",\"@id\":\"https:\\\/\\\/www.hobex.at\\\/en\\\/solutions\\\/\",\"url\":\"https:\\\/\\\/www.hobex.at\\\/en\\\/solutions\\\/\",\"name\":\"Solutions - hobex Payment Systems\",\"isPartOf\":{\"@id\":\"https:\\\/\\\/www.hobex.at\\\/en\\\/#website\"},\"datePublished\":\"2023-11-27T18:51:42+00:00\",\"dateModified\":\"2024-04-13T18:06:14+00:00\",\"breadcrumb\":{\"@id\":\"https:\\\/\\\/www.hobex.at\\\/en\\\/solutions\\\/#breadcrumb\"},\"inLanguage\":\"en-US\",\"potentialAction\":[{\"@type\":\"ReadAction\",\"target\":[\"https:\\\/\\\/www.hobex.at\\\/en\\\/solutions\\\/\"]}]},{\"@type\":\"BreadcrumbList\",\"@id\":\"https:\\\/\\\/www.hobex.at\\\/en\\\/solutions\\\/#breadcrumb\",\"itemListElement\":[{\"@type\":\"ListItem\",\"position\":1,\"name\":\"Startseite\",\"item\":\"https:\\\/\\\/www.hobex.at\\\/en\\\/\"},{\"@type\":\"ListItem\",\"position\":2,\"name\":\"Solutions\"}]},{\"@type\":\"WebSite\",\"@id\":\"https:\\\/\\\/www.hobex.at\\\/en\\\/#website\",\"url\":\"https:\\\/\\\/www.hobex.at\\\/en\\\/\",\"name\":\"hobex Payment Systems\",\"description\":\"We are payment.\",\"publisher\":{\"@id\":\"https:\\\/\\\/www.hobex.at\\\/en\\\/#organization\"},\"alternateName\":\"hobex\",\"potentialAction\":[{\"@type\":\"SearchAction\",\"target\":{\"@type\":\"EntryPoint\",\"urlTemplate\":\"https:\\\/\\\/www.hobex.at\\\/en\\\/?s={search_term_string}\"},\"query-input\":{\"@type\":\"PropertyValueSpecification\",\"valueRequired\":true,\"valueName\":\"search_term_string\"}}],\"inLanguage\":\"en-US\"},{\"@type\":\"Organization\",\"@id\":\"https:\\\/\\\/www.hobex.at\\\/en\\\/#organization\",\"name\":\"hobex Payment Systems\",\"alternateName\":\"hobex\",\"url\":\"https:\\\/\\\/www.hobex.at\\\/en\\\/\",\"logo\":{\"@type\":\"ImageObject\",\"inLanguage\":\"en-US\",\"@id\":\"https:\\\/\\\/www.hobex.at\\\/en\\\/#\\\/schema\\\/logo\\\/image\\\/\",\"url\":\"https:\\\/\\\/www.hobex.at\\\/wp-content\\\/uploads\\\/2023\\\/10\\\/Hobex-Logo-Main_Vector.png\",\"contentUrl\":\"https:\\\/\\\/www.hobex.at\\\/wp-content\\\/uploads\\\/2023\\\/10\\\/Hobex-Logo-Main_Vector.png\",\"width\":397,\"height\":154,\"caption\":\"hobex Payment Systems\"},\"image\":{\"@id\":\"https:\\\/\\\/www.hobex.at\\\/en\\\/#\\\/schema\\\/logo\\\/image\\\/\"},\"sameAs\":[\"https:\\\/\\\/www.linkedin.com\\\/company\\\/hobex-ag-paymentsystems\\\/\"],\"description\":\"hobex bietet perfekte Bezahll\u00f6sungen f\u00fcr jede Branche mit einer breiten Palette an Bezahlterminals, um Kartenzahlungen und NFC Zahlungen sicher und schnell zu akzeptieren. Station\u00e4re Terminals sind ideal f\u00fcr den Einzelhandel und die Hotellerie, da sie sichere und zuverl\u00e4ssige Transaktionen am Point of Sale erm\u00f6glichen. F\u00fcr Gastronomie, Dienstleister und Au\u00dfendienstmitarbeiter stellen mobile Terminals eine flexible L\u00f6sung dar, da Zahlungen direkt vor Ort abgewickelt werden k\u00f6nnen. Zus\u00e4tzlich lassen sich die Bezahlterminals nahtlos in bestehende Systeme wie eCommerce-Plattformen oder Kassensysteme integrieren, was den administrativen Aufwand reduziert und die Effizienz im Betrieb steigert.\",\"email\":\"office@hobex.at\",\"telephone\":\"+43 662 2255-0\",\"legalName\":\"hobex AG\",\"foundingDate\":\"1999-07-29\",\"vatID\":\"ATU35185508\",\"numberOfEmployees\":{\"@type\":\"QuantitativeValue\",\"minValue\":\"51\",\"maxValue\":\"200\"}}]}<\/script>\n<!-- \/ Yoast SEO Premium plugin. -->","yoast_head_json":{"title":"Solutions - hobex Payment Systems","robots":{"index":"index","follow":"follow","max-snippet":"max-snippet:-1","max-image-preview":"max-image-preview:large","max-video-preview":"max-video-preview:-1"},"canonical":"https:\/\/www.hobex.at\/en\/solutions\/","og_locale":"en_US","og_type":"article","og_title":"Solutions","og_description":"Our products. When it comes to cashless payments, hobex offers everything to meet the highest standards. Stationary or mobile terminals, mobile solutions with 4G\/LTE, automated modules, special solutions for payment or eCommerce packages individually tailored to company requirements; maximum mobility and flexibility are combined with the latest security standards here to create products which are [&hellip;]","og_url":"https:\/\/www.hobex.at\/en\/solutions\/","og_site_name":"hobex Payment Systems","article_modified_time":"2024-04-13T18:06:14+00:00","twitter_card":"summary_large_image","twitter_misc":{"Est. reading time":"9 minutes"},"schema":{"@context":"https:\/\/schema.org","@graph":[{"@type":"WebPage","@id":"https:\/\/www.hobex.at\/en\/solutions\/","url":"https:\/\/www.hobex.at\/en\/solutions\/","name":"Solutions - hobex Payment Systems","isPartOf":{"@id":"https:\/\/www.hobex.at\/en\/#website"},"datePublished":"2023-11-27T18:51:42+00:00","dateModified":"2024-04-13T18:06:14+00:00","breadcrumb":{"@id":"https:\/\/www.hobex.at\/en\/solutions\/#breadcrumb"},"inLanguage":"en-US","potentialAction":[{"@type":"ReadAction","target":["https:\/\/www.hobex.at\/en\/solutions\/"]}]},{"@type":"BreadcrumbList","@id":"https:\/\/www.hobex.at\/en\/solutions\/#breadcrumb","itemListElement":[{"@type":"ListItem","position":1,"name":"Startseite","item":"https:\/\/www.hobex.at\/en\/"},{"@type":"ListItem","position":2,"name":"Solutions"}]},{"@type":"WebSite","@id":"https:\/\/www.hobex.at\/en\/#website","url":"https:\/\/www.hobex.at\/en\/","name":"hobex Payment Systems","description":"We are payment.","publisher":{"@id":"https:\/\/www.hobex.at\/en\/#organization"},"alternateName":"hobex","potentialAction":[{"@type":"SearchAction","target":{"@type":"EntryPoint","urlTemplate":"https:\/\/www.hobex.at\/en\/?s={search_term_string}"},"query-input":{"@type":"PropertyValueSpecification","valueRequired":true,"valueName":"search_term_string"}}],"inLanguage":"en-US"},{"@type":"Organization","@id":"https:\/\/www.hobex.at\/en\/#organization","name":"hobex Payment Systems","alternateName":"hobex","url":"https:\/\/www.hobex.at\/en\/","logo":{"@type":"ImageObject","inLanguage":"en-US","@id":"https:\/\/www.hobex.at\/en\/#\/schema\/logo\/image\/","url":"https:\/\/www.hobex.at\/wp-content\/uploads\/2023\/10\/Hobex-Logo-Main_Vector.png","contentUrl":"https:\/\/www.hobex.at\/wp-content\/uploads\/2023\/10\/Hobex-Logo-Main_Vector.png","width":397,"height":154,"caption":"hobex Payment Systems"},"image":{"@id":"https:\/\/www.hobex.at\/en\/#\/schema\/logo\/image\/"},"sameAs":["https:\/\/www.linkedin.com\/company\/hobex-ag-paymentsystems\/"],"description":"hobex bietet perfekte Bezahll\u00f6sungen f\u00fcr jede Branche mit einer breiten Palette an Bezahlterminals, um Kartenzahlungen und NFC Zahlungen sicher und schnell zu akzeptieren. Station\u00e4re Terminals sind ideal f\u00fcr den Einzelhandel und die Hotellerie, da sie sichere und zuverl\u00e4ssige Transaktionen am Point of Sale erm\u00f6glichen. F\u00fcr Gastronomie, Dienstleister und Au\u00dfendienstmitarbeiter stellen mobile Terminals eine flexible L\u00f6sung dar, da Zahlungen direkt vor Ort abgewickelt werden k\u00f6nnen. Zus\u00e4tzlich lassen sich die Bezahlterminals nahtlos in bestehende Systeme wie eCommerce-Plattformen oder Kassensysteme integrieren, was den administrativen Aufwand reduziert und die Effizienz im Betrieb steigert.","email":"office@hobex.at","telephone":"+43 662 2255-0","legalName":"hobex AG","foundingDate":"1999-07-29","vatID":"ATU35185508","numberOfEmployees":{"@type":"QuantitativeValue","minValue":"51","maxValue":"200"}}]}},"_links":{"self":[{"href":"https:\/\/www.hobex.at\/en\/wp-json\/wp\/v2\/pages\/22993343","targetHints":{"allow":["GET"]}}],"collection":[{"href":"https:\/\/www.hobex.at\/en\/wp-json\/wp\/v2\/pages"}],"about":[{"href":"https:\/\/www.hobex.at\/en\/wp-json\/wp\/v2\/types\/page"}],"author":[{"embeddable":true,"href":"https:\/\/www.hobex.at\/en\/wp-json\/wp\/v2\/users\/3"}],"replies":[{"embeddable":true,"href":"https:\/\/www.hobex.at\/en\/wp-json\/wp\/v2\/comments?post=22993343"}],"version-history":[{"count":0,"href":"https:\/\/www.hobex.at\/en\/wp-json\/wp\/v2\/pages\/22993343\/revisions"}],"wp:attachment":[{"href":"https:\/\/www.hobex.at\/en\/wp-json\/wp\/v2\/media?parent=22993343"}],"wp:term":[{"taxonomy":"dipi_cpt_category","embeddable":true,"href":"https:\/\/www.hobex.at\/en\/wp-json\/wp\/v2\/dipi_cpt_category?post=22993343"}],"curies":[{"name":"wp","href":"https:\/\/api.w.org\/{rel}","templated":true}]}}